{"id":94436,"date":"2025-04-08T20:54:22","date_gmt":"2025-04-08T17:54:22","guid":{"rendered":"https:\/\/klap.ro\/?post_type=product&#038;p=94436"},"modified":"2026-02-16T18:26:06","modified_gmt":"2026-02-16T16:26:06","slug":"husa-de-protectie-samsung-flip-smart-view-wallet-case-pentru-galaxy-a35-5g-black","status":"publish","type":"product","link":"https:\/\/klap.ro\/en\/product\/husa-de-protectie-samsung-flip-smart-view-wallet-case-pentru-galaxy-a35-5g-black\/","title":{"rendered":"Hus\u0103 de protec\u021bie Samsung Flip Smart View Wallet Case pentru Galaxy A35 5G, Black"},"content":{"rendered":"<p>Combin\u00e2nd elegan\u021ba cu func\u021bionalitatea, Smart View Wallet Case \u00ee\u021bi ofer\u0103 acces rapid la notific\u0103ri \u0219i func\u021bii esen\u021biale f\u0103r\u0103 a deschide husa. Prin fereastra interactiv\u0103, po\u021bi r\u0103spunde la apeluri sau controla muzica cu simple atingeri. Disponibil\u0103 \u00eentr-o nuan\u021b\u0103 rafinat\u0103 de lila, aceast\u0103 hus\u0103 \u00eembin\u0103 perfect protec\u021bia, stilul \u0219i confortul de zi cu zi. Produsul resigilat.<\/p>","protected":false},"excerpt":{"rendered":"<p>Combin\u00e2nd elegan\u021ba cu func\u021bionalitatea, Smart View Wallet Case \u00ee\u021bi ofer\u0103 acces rapid la notific\u0103ri \u0219i func\u021bii esen\u021biale f\u0103r\u0103 a deschide husa. Prin fereastra interactiv\u0103, po\u021bi r\u0103spunde la apeluri sau controla muzica cu simple atingeri. Disponibil\u0103 \u00eentr-o nuan\u021b\u0103 rafinat\u0103 de lila, aceast\u0103 hus\u0103 \u00eembin\u0103 perfect protec\u021bia, stilul \u0219i confortul de zi cu zi. Produsul resigilat.<\/p>","protected":false},"featured_media":94437,"comment_status":"open","ping_status":"closed","template":"","meta":{"_acf_changed":false},"recomandat-klap":[],"product_brand":[],"product_cat":[256,1974],"product_tag":[4170],"class_list":{"0":"post-94436","1":"product","2":"type-product","3":"status-publish","4":"has-post-thumbnail","6":"product_cat-accesorii","7":"product_cat-husa","8":"product_tag-husagalaxya35","10":"first","11":"outofstock","12":"sale","13":"taxable","14":"shipping-taxable","15":"purchasable","16":"product-type-simple"},"acf":[],"yoast_head":"<!-- This site is optimized with the Yoast SEO plugin v25.4 - https:\/\/yoast.com\/wordpress\/plugins\/seo\/ -->\n<title>Hus\u0103 de protec\u021bie Samsung Flip Smart View Wallet Case pentru Galaxy A35 5G, Black - Klap<\/title>\n<meta name=\"description\" content=\"Cumpara Hus\u0103 de protec\u021bie Samsung Flip Smart View Wallet Case pentru Galaxy A35 5G, Black de la Klap! Platesti in rate, deschide coletul la livrare, garantie 12 luni, retur in 30 de zile.\" \/>\n<meta name=\"robots\" content=\"index, follow, max-snippet:-1, max-image-preview:large, max-video-preview:-1\" \/>\n<link rel=\"canonical\" href=\"https:\/\/klap.ro\/en\/product\/husa-de-protectie-samsung-flip-smart-view-wallet-case-pentru-galaxy-a35-5g-black\/\" \/>\n<meta property=\"og:locale\" content=\"en_GB\" \/>\n<meta property=\"og:type\" content=\"article\" \/>\n<meta property=\"og:title\" content=\"Hus\u0103 de protec\u021bie Samsung Flip Smart View Wallet Case pentru Galaxy A35 5G, Black - Klap\" \/>\n<meta property=\"og:description\" content=\"Cumpara Hus\u0103 de protec\u021bie Samsung Flip Smart View Wallet Case pentru Galaxy A35 5G, Black de la Klap! Platesti in rate, deschide coletul la livrare, garantie 12 luni, retur in 30 de zile.\" \/>\n<meta property=\"og:url\" content=\"https:\/\/klap.ro\/en\/product\/husa-de-protectie-samsung-flip-smart-view-wallet-case-pentru-galaxy-a35-5g-black\/\" \/>\n<meta property=\"og:site_name\" content=\"Klap\" \/>\n<meta property=\"article:publisher\" content=\"https:\/\/www.facebook.com\/klapromania\/\" \/>\n<meta property=\"article:modified_time\" content=\"2026-02-16T16:26:06+00:00\" \/>\n<meta property=\"og:image\" content=\"https:\/\/klap.ro\/wp-content\/uploads\/2025\/04\/husa_samsung_galaxy_a35_black_klap.png\" \/>\n\t<meta property=\"og:image:width\" content=\"531\" \/>\n\t<meta property=\"og:image:height\" content=\"470\" \/>\n\t<meta property=\"og:image:type\" content=\"image\/png\" \/>\n<script type=\"application\/ld+json\" class=\"yoast-schema-graph\">{\"@context\":\"https:\/\/schema.org\",\"@graph\":[{\"@type\":\"WebPage\",\"@id\":\"https:\/\/klap.ro\/produs\/husa-de-protectie-samsung-flip-smart-view-wallet-case-pentru-galaxy-a35-5g-black\/\",\"url\":\"https:\/\/klap.ro\/produs\/husa-de-protectie-samsung-flip-smart-view-wallet-case-pentru-galaxy-a35-5g-black\/\",\"name\":\"Hus\u0103 de protec\u021bie Samsung Flip Smart View Wallet Case pentru Galaxy A35 5G, Black - Klap\",\"isPartOf\":{\"@id\":\"https:\/\/klap.ro\/#website\"},\"primaryImageOfPage\":{\"@id\":\"https:\/\/klap.ro\/produs\/husa-de-protectie-samsung-flip-smart-view-wallet-case-pentru-galaxy-a35-5g-black\/#primaryimage\"},\"image\":{\"@id\":\"https:\/\/klap.ro\/produs\/husa-de-protectie-samsung-flip-smart-view-wallet-case-pentru-galaxy-a35-5g-black\/#primaryimage\"},\"thumbnailUrl\":\"https:\/\/klap.ro\/wp-content\/uploads\/2025\/04\/husa_samsung_galaxy_a35_black_klap.png\",\"datePublished\":\"2025-04-08T17:54:22+00:00\",\"dateModified\":\"2026-02-16T16:26:06+00:00\",\"description\":\"Cumpara Hus\u0103 de protec\u021bie Samsung Flip Smart View Wallet Case pentru Galaxy A35 5G, Black de la Klap! Platesti in rate, deschide coletul la livrare, garantie 12 luni, retur in 30 de zile.\",\"breadcrumb\":{\"@id\":\"https:\/\/klap.ro\/produs\/husa-de-protectie-samsung-flip-smart-view-wallet-case-pentru-galaxy-a35-5g-black\/#breadcrumb\"},\"inLanguage\":\"en-GB\",\"potentialAction\":[{\"@type\":\"ReadAction\",\"target\":[\"https:\/\/klap.ro\/produs\/husa-de-protectie-samsung-flip-smart-view-wallet-case-pentru-galaxy-a35-5g-black\/\"]}]},{\"@type\":\"ImageObject\",\"inLanguage\":\"en-GB\",\"@id\":\"https:\/\/klap.ro\/produs\/husa-de-protectie-samsung-flip-smart-view-wallet-case-pentru-galaxy-a35-5g-black\/#primaryimage\",\"url\":\"https:\/\/klap.ro\/wp-content\/uploads\/2025\/04\/husa_samsung_galaxy_a35_black_klap.png\",\"contentUrl\":\"https:\/\/klap.ro\/wp-content\/uploads\/2025\/04\/husa_samsung_galaxy_a35_black_klap.png\",\"width\":531,\"height\":470,\"caption\":\"husa samsung galaxy a black klap\"},{\"@type\":\"BreadcrumbList\",\"@id\":\"https:\/\/klap.ro\/produs\/husa-de-protectie-samsung-flip-smart-view-wallet-case-pentru-galaxy-a35-5g-black\/#breadcrumb\",\"itemListElement\":[{\"@type\":\"ListItem\",\"position\":1,\"name\":\"Acas\u0103\",\"item\":\"https:\/\/klap.ro\/\"},{\"@type\":\"ListItem\",\"position\":2,\"name\":\"Shop\",\"item\":\"https:\/\/klap.ro\/shop\/\"},{\"@type\":\"ListItem\",\"position\":3,\"name\":\"Accesorii\",\"item\":\"https:\/\/klap.ro\/shop\/accesorii\/\"},{\"@type\":\"ListItem\",\"position\":4,\"name\":\"Hus\u0103 de protec\u021bie Samsung Flip Smart View Wallet Case pentru Galaxy A35 5G, Black\"}]},{\"@type\":\"WebSite\",\"@id\":\"https:\/\/klap.ro\/#website\",\"url\":\"https:\/\/klap.ro\/\",\"name\":\"Klap\",\"description\":\"\",\"publisher\":{\"@id\":\"https:\/\/klap.ro\/#organization\"},\"potentialAction\":[{\"@type\":\"SearchAction\",\"target\":{\"@type\":\"EntryPoint\",\"urlTemplate\":\"https:\/\/klap.ro\/?s={search_term_string}\"},\"query-input\":{\"@type\":\"PropertyValueSpecification\",\"valueRequired\":true,\"valueName\":\"search_term_string\"}}],\"inLanguage\":\"en-GB\"},{\"@type\":\"Organization\",\"@id\":\"https:\/\/klap.ro\/#organization\",\"name\":\"Klap\",\"url\":\"https:\/\/klap.ro\/\",\"logo\":{\"@type\":\"ImageObject\",\"inLanguage\":\"en-GB\",\"@id\":\"https:\/\/klap.ro\/#\/schema\/logo\/image\/\",\"url\":\"https:\/\/klap.ro\/wp-content\/uploads\/2022\/02\/klap-logo-google.png\",\"contentUrl\":\"https:\/\/klap.ro\/wp-content\/uploads\/2022\/02\/klap-logo-google.png\",\"width\":512,\"height\":512,\"caption\":\"Klap\"},\"image\":{\"@id\":\"https:\/\/klap.ro\/#\/schema\/logo\/image\/\"},\"sameAs\":[\"https:\/\/www.facebook.com\/klapromania\/\",\"https:\/\/www.instagram.com\/klap.ro\/\",\"https:\/\/www.youtube.com\/channel\/UC0w2XX6ZAscBZl3QHrLVezg\",\"https:\/\/ro.linkedin.com\/company\/klap-tech\"]}]}<\/script>\n<!-- \/ Yoast SEO plugin. -->","yoast_head_json":{"title":"Hus\u0103 de protec\u021bie Samsung Flip Smart View Wallet Case pentru Galaxy A35 5G, Black - Klap","description":"Cumpara Hus\u0103 de protec\u021bie Samsung Flip Smart View Wallet Case pentru Galaxy A35 5G, Black de la Klap! Platesti in rate, deschide coletul la livrare, garantie 12 luni, retur in 30 de zile.","robots":{"index":"index","follow":"follow","max-snippet":"max-snippet:-1","max-image-preview":"max-image-preview:large","max-video-preview":"max-video-preview:-1"},"canonical":"https:\/\/klap.ro\/en\/product\/husa-de-protectie-samsung-flip-smart-view-wallet-case-pentru-galaxy-a35-5g-black\/","og_locale":"en_GB","og_type":"article","og_title":"Hus\u0103 de protec\u021bie Samsung Flip Smart View Wallet Case pentru Galaxy A35 5G, Black - Klap","og_description":"Cumpara Hus\u0103 de protec\u021bie Samsung Flip Smart View Wallet Case pentru Galaxy A35 5G, Black de la Klap! Platesti in rate, deschide coletul la livrare, garantie 12 luni, retur in 30 de zile.","og_url":"https:\/\/klap.ro\/en\/product\/husa-de-protectie-samsung-flip-smart-view-wallet-case-pentru-galaxy-a35-5g-black\/","og_site_name":"Klap","article_publisher":"https:\/\/www.facebook.com\/klapromania\/","article_modified_time":"2026-02-16T16:26:06+00:00","og_image":[{"width":531,"height":470,"url":"https:\/\/klap.ro\/wp-content\/uploads\/2025\/04\/husa_samsung_galaxy_a35_black_klap.png","type":"image\/png"}],"schema":{"@context":"https:\/\/schema.org","@graph":[{"@type":"WebPage","@id":"https:\/\/klap.ro\/produs\/husa-de-protectie-samsung-flip-smart-view-wallet-case-pentru-galaxy-a35-5g-black\/","url":"https:\/\/klap.ro\/produs\/husa-de-protectie-samsung-flip-smart-view-wallet-case-pentru-galaxy-a35-5g-black\/","name":"Hus\u0103 de protec\u021bie Samsung Flip Smart View Wallet Case pentru Galaxy A35 5G, Black - Klap","isPartOf":{"@id":"https:\/\/klap.ro\/#website"},"primaryImageOfPage":{"@id":"https:\/\/klap.ro\/produs\/husa-de-protectie-samsung-flip-smart-view-wallet-case-pentru-galaxy-a35-5g-black\/#primaryimage"},"image":{"@id":"https:\/\/klap.ro\/produs\/husa-de-protectie-samsung-flip-smart-view-wallet-case-pentru-galaxy-a35-5g-black\/#primaryimage"},"thumbnailUrl":"https:\/\/klap.ro\/wp-content\/uploads\/2025\/04\/husa_samsung_galaxy_a35_black_klap.png","datePublished":"2025-04-08T17:54:22+00:00","dateModified":"2026-02-16T16:26:06+00:00","description":"Cumpara Hus\u0103 de protec\u021bie Samsung Flip Smart View Wallet Case pentru Galaxy A35 5G, Black de la Klap! Platesti in rate, deschide coletul la livrare, garantie 12 luni, retur in 30 de zile.","breadcrumb":{"@id":"https:\/\/klap.ro\/produs\/husa-de-protectie-samsung-flip-smart-view-wallet-case-pentru-galaxy-a35-5g-black\/#breadcrumb"},"inLanguage":"en-GB","potentialAction":[{"@type":"ReadAction","target":["https:\/\/klap.ro\/produs\/husa-de-protectie-samsung-flip-smart-view-wallet-case-pentru-galaxy-a35-5g-black\/"]}]},{"@type":"ImageObject","inLanguage":"en-GB","@id":"https:\/\/klap.ro\/produs\/husa-de-protectie-samsung-flip-smart-view-wallet-case-pentru-galaxy-a35-5g-black\/#primaryimage","url":"https:\/\/klap.ro\/wp-content\/uploads\/2025\/04\/husa_samsung_galaxy_a35_black_klap.png","contentUrl":"https:\/\/klap.ro\/wp-content\/uploads\/2025\/04\/husa_samsung_galaxy_a35_black_klap.png","width":531,"height":470,"caption":"husa samsung galaxy a black klap"},{"@type":"BreadcrumbList","@id":"https:\/\/klap.ro\/produs\/husa-de-protectie-samsung-flip-smart-view-wallet-case-pentru-galaxy-a35-5g-black\/#breadcrumb","itemListElement":[{"@type":"ListItem","position":1,"name":"Acas\u0103","item":"https:\/\/klap.ro\/"},{"@type":"ListItem","position":2,"name":"Shop","item":"https:\/\/klap.ro\/shop\/"},{"@type":"ListItem","position":3,"name":"Accesorii","item":"https:\/\/klap.ro\/shop\/accesorii\/"},{"@type":"ListItem","position":4,"name":"Hus\u0103 de protec\u021bie Samsung Flip Smart View Wallet Case pentru Galaxy A35 5G, Black"}]},{"@type":"WebSite","@id":"https:\/\/klap.ro\/#website","url":"https:\/\/klap.ro\/","name":"Klap","description":"","publisher":{"@id":"https:\/\/klap.ro\/#organization"},"potentialAction":[{"@type":"SearchAction","target":{"@type":"EntryPoint","urlTemplate":"https:\/\/klap.ro\/?s={search_term_string}"},"query-input":{"@type":"PropertyValueSpecification","valueRequired":true,"valueName":"search_term_string"}}],"inLanguage":"en-GB"},{"@type":"Organization","@id":"https:\/\/klap.ro\/#organization","name":"Klap","url":"https:\/\/klap.ro\/","logo":{"@type":"ImageObject","inLanguage":"en-GB","@id":"https:\/\/klap.ro\/#\/schema\/logo\/image\/","url":"https:\/\/klap.ro\/wp-content\/uploads\/2022\/02\/klap-logo-google.png","contentUrl":"https:\/\/klap.ro\/wp-content\/uploads\/2022\/02\/klap-logo-google.png","width":512,"height":512,"caption":"Klap"},"image":{"@id":"https:\/\/klap.ro\/#\/schema\/logo\/image\/"},"sameAs":["https:\/\/www.facebook.com\/klapromania\/","https:\/\/www.instagram.com\/klap.ro\/","https:\/\/www.youtube.com\/channel\/UC0w2XX6ZAscBZl3QHrLVezg","https:\/\/ro.linkedin.com\/company\/klap-tech"]}]}},"_links":{"self":[{"href":"https:\/\/klap.ro\/en\/wp-json\/wp\/v2\/product\/94436","targetHints":{"allow":["GET"]}}],"collection":[{"href":"https:\/\/klap.ro\/en\/wp-json\/wp\/v2\/product"}],"about":[{"href":"https:\/\/klap.ro\/en\/wp-json\/wp\/v2\/types\/product"}],"replies":[{"embeddable":true,"href":"https:\/\/klap.ro\/en\/wp-json\/wp\/v2\/comments?post=94436"}],"wp:featuredmedia":[{"embeddable":true,"href":"https:\/\/klap.ro\/en\/wp-json\/wp\/v2\/media\/94437"}],"wp:attachment":[{"href":"https:\/\/klap.ro\/en\/wp-json\/wp\/v2\/media?parent=94436"}],"wp:term":[{"taxonomy":"recomandat-klap","embeddable":true,"href":"https:\/\/klap.ro\/en\/wp-json\/wp\/v2\/recomandat-klap?post=94436"},{"taxonomy":"product_brand","embeddable":true,"href":"https:\/\/klap.ro\/en\/wp-json\/wp\/v2\/product_brand?post=94436"},{"taxonomy":"product_cat","embeddable":true,"href":"https:\/\/klap.ro\/en\/wp-json\/wp\/v2\/product_cat?post=94436"},{"taxonomy":"product_tag","embeddable":true,"href":"https:\/\/klap.ro\/en\/wp-json\/wp\/v2\/product_tag?post=94436"}],"curies":[{"name":"wp","href":"https:\/\/api.w.org\/{rel}","templated":true}]}}