{"id":93005,"date":"2025-03-25T13:51:40","date_gmt":"2025-03-25T11:51:40","guid":{"rendered":"https:\/\/klap.ro\/?post_type=product&#038;p=93005"},"modified":"2026-02-13T19:57:52","modified_gmt":"2026-02-13T17:57:52","slug":"priza-inteligenta-tp-link-mini-tapo-p110-wi-fi-alb","status":"publish","type":"product","link":"https:\/\/klap.ro\/en\/product\/priza-inteligenta-tp-link-mini-tapo-p110-wi-fi-alb\/","title":{"rendered":"Pachet 2 prize inteligente TP-Link Mini Tapo P100 Wi-Fi 220-240V, Alb"},"content":{"rendered":"<p>Pachetul TP-Link Mini Tapo P100 include dou\u0103 prize inteligente Wi-Fi cu control vocal, compatibile cu Android\/iOS, Amazon Alexa \u0219i Google Assistant. Acestea ofer\u0103 control de la distan\u021b\u0103 prin aplica\u021bia Tapo, permi\u021b\u00e2nd pornirea\/oprirea dispozitivelor conectate oriunde te afli. Func\u021biile de programare, cronometru \u0219i modul Away \u00ee\u021bi aduc un plus de siguran\u021b\u0103 \u0219i confort. Designul compact previne blocarea prizelor adiacente, iar instalarea este rapid\u0103 \u0219i u\u0219oar\u0103, f\u0103r\u0103 necesitatea unui hub. Prizele sunt fabricate din materiale ignifuge \u0219i ofer\u0103 protec\u021bie suplimentar\u0103 \u00eempotriva \u0219ocurilor electrice.<\/p>","protected":false},"excerpt":{"rendered":"<p>Pachetul TP-Link Mini Tapo P100 include dou\u0103 prize inteligente Wi-Fi cu control vocal, compatibile cu Android\/iOS, Amazon Alexa \u0219i Google Assistant. Acestea ofer\u0103 control de la distan\u021b\u0103 prin aplica\u021bia Tapo, permi\u021b\u00e2nd pornirea\/oprirea dispozitivelor conectate oriunde te afli. Func\u021biile de programare, cronometru \u0219i modul Away \u00ee\u021bi aduc un plus de siguran\u021b\u0103 \u0219i confort. Designul compact previne [&hellip;]<\/p>","protected":false},"featured_media":93007,"comment_status":"open","ping_status":"closed","template":"","meta":{"_acf_changed":false},"recomandat-klap":[],"product_brand":[],"product_cat":[2070],"product_tag":[4060],"class_list":{"0":"post-93005","1":"product","2":"type-product","3":"status-publish","4":"has-post-thumbnail","6":"product_cat-produse-fulger","7":"product_tag-tapop110","9":"first","10":"outofstock","11":"taxable","12":"shipping-taxable","13":"product-type-variable","14":"has-default-attributes"},"acf":[],"yoast_head":"<!-- This site is optimized with the Yoast SEO plugin v25.4 - https:\/\/yoast.com\/wordpress\/plugins\/seo\/ -->\n<title>Pachet 2 prize inteligente TP-Link Mini Tapo P100 Wi-Fi 220-240V, Alb - Klap<\/title>\n<meta name=\"description\" content=\"Cumpara Pachet 2 prize inteligente TP-Link Mini Tapo P100 Wi-Fi 220-240V, Alb de la Klap! Platesti in rate, deschide coletul la livrare, garantie 12 luni, retur in 30 de zile.\" \/>\n<meta name=\"robots\" content=\"index, follow, max-snippet:-1, max-image-preview:large, max-video-preview:-1\" \/>\n<link rel=\"canonical\" href=\"https:\/\/klap.ro\/en\/product\/priza-inteligenta-tp-link-mini-tapo-p110-wi-fi-alb\/\" \/>\n<meta property=\"og:locale\" content=\"en_GB\" \/>\n<meta property=\"og:type\" content=\"article\" \/>\n<meta property=\"og:title\" content=\"Pachet 2 prize inteligente TP-Link Mini Tapo P100 Wi-Fi 220-240V, Alb - Klap\" \/>\n<meta property=\"og:description\" content=\"Cumpara Pachet 2 prize inteligente TP-Link Mini Tapo P100 Wi-Fi 220-240V, Alb de la Klap! Platesti in rate, deschide coletul la livrare, garantie 12 luni, retur in 30 de zile.\" \/>\n<meta property=\"og:url\" content=\"https:\/\/klap.ro\/en\/product\/priza-inteligenta-tp-link-mini-tapo-p110-wi-fi-alb\/\" \/>\n<meta property=\"og:site_name\" content=\"Klap\" \/>\n<meta property=\"article:publisher\" content=\"https:\/\/www.facebook.com\/klapromania\/\" \/>\n<meta property=\"article:modified_time\" content=\"2026-02-13T17:57:52+00:00\" \/>\n<meta property=\"og:image\" content=\"https:\/\/klap.ro\/wp-content\/uploads\/2025\/03\/tapo_2_prize_klap.png\" \/>\n\t<meta property=\"og:image:width\" content=\"492\" \/>\n\t<meta property=\"og:image:height\" content=\"507\" \/>\n\t<meta property=\"og:image:type\" content=\"image\/png\" \/>\n<script type=\"application\/ld+json\" class=\"yoast-schema-graph\">{\"@context\":\"https:\/\/schema.org\",\"@graph\":[{\"@type\":\"WebPage\",\"@id\":\"https:\/\/klap.ro\/en\/product\/priza-inteligenta-tp-link-mini-tapo-p110-wi-fi-alb\/\",\"url\":\"https:\/\/klap.ro\/en\/product\/priza-inteligenta-tp-link-mini-tapo-p110-wi-fi-alb\/\",\"name\":\"Pachet 2 prize inteligente TP-Link Mini Tapo P100 Wi-Fi 220-240V, Alb - Klap\",\"isPartOf\":{\"@id\":\"https:\/\/klap.ro\/#website\"},\"primaryImageOfPage\":{\"@id\":\"https:\/\/klap.ro\/en\/product\/priza-inteligenta-tp-link-mini-tapo-p110-wi-fi-alb\/#primaryimage\"},\"image\":{\"@id\":\"https:\/\/klap.ro\/en\/product\/priza-inteligenta-tp-link-mini-tapo-p110-wi-fi-alb\/#primaryimage\"},\"thumbnailUrl\":\"https:\/\/klap.ro\/wp-content\/uploads\/2025\/03\/tapo_2_prize_klap.png\",\"datePublished\":\"2025-03-25T11:51:40+00:00\",\"dateModified\":\"2026-02-13T17:57:52+00:00\",\"description\":\"Cumpara Pachet 2 prize inteligente TP-Link Mini Tapo P100 Wi-Fi 220-240V, Alb de la Klap! Platesti in rate, deschide coletul la livrare, garantie 12 luni, retur in 30 de zile.\",\"breadcrumb\":{\"@id\":\"https:\/\/klap.ro\/en\/product\/priza-inteligenta-tp-link-mini-tapo-p110-wi-fi-alb\/#breadcrumb\"},\"inLanguage\":\"en-GB\",\"potentialAction\":[{\"@type\":\"ReadAction\",\"target\":[\"https:\/\/klap.ro\/en\/product\/priza-inteligenta-tp-link-mini-tapo-p110-wi-fi-alb\/\"]}]},{\"@type\":\"ImageObject\",\"inLanguage\":\"en-GB\",\"@id\":\"https:\/\/klap.ro\/en\/product\/priza-inteligenta-tp-link-mini-tapo-p110-wi-fi-alb\/#primaryimage\",\"url\":\"https:\/\/klap.ro\/wp-content\/uploads\/2025\/03\/tapo_2_prize_klap.png\",\"contentUrl\":\"https:\/\/klap.ro\/wp-content\/uploads\/2025\/03\/tapo_2_prize_klap.png\",\"width\":492,\"height\":507,\"caption\":\"tapo prize klap\"},{\"@type\":\"BreadcrumbList\",\"@id\":\"https:\/\/klap.ro\/en\/product\/priza-inteligenta-tp-link-mini-tapo-p110-wi-fi-alb\/#breadcrumb\",\"itemListElement\":[{\"@type\":\"ListItem\",\"position\":1,\"name\":\"Acas\u0103\",\"item\":\"https:\/\/klap.ro\/\"},{\"@type\":\"ListItem\",\"position\":2,\"name\":\"Shop\",\"item\":\"https:\/\/klap.ro\/shop\/\"},{\"@type\":\"ListItem\",\"position\":3,\"name\":\"\u26a1 Produse Fulger \u26a1\",\"item\":\"https:\/\/klap.ro\/shop\/produse-fulger\/\"},{\"@type\":\"ListItem\",\"position\":4,\"name\":\"Pachet 2 prize inteligente TP-Link Mini Tapo P100 Wi-Fi 220-240V, Alb\"}]},{\"@type\":\"WebSite\",\"@id\":\"https:\/\/klap.ro\/#website\",\"url\":\"https:\/\/klap.ro\/\",\"name\":\"Klap\",\"description\":\"\",\"publisher\":{\"@id\":\"https:\/\/klap.ro\/#organization\"},\"potentialAction\":[{\"@type\":\"SearchAction\",\"target\":{\"@type\":\"EntryPoint\",\"urlTemplate\":\"https:\/\/klap.ro\/?s={search_term_string}\"},\"query-input\":{\"@type\":\"PropertyValueSpecification\",\"valueRequired\":true,\"valueName\":\"search_term_string\"}}],\"inLanguage\":\"en-GB\"},{\"@type\":\"Organization\",\"@id\":\"https:\/\/klap.ro\/#organization\",\"name\":\"Klap\",\"url\":\"https:\/\/klap.ro\/\",\"logo\":{\"@type\":\"ImageObject\",\"inLanguage\":\"en-GB\",\"@id\":\"https:\/\/klap.ro\/#\/schema\/logo\/image\/\",\"url\":\"https:\/\/klap.ro\/wp-content\/uploads\/2022\/02\/klap-logo-google.png\",\"contentUrl\":\"https:\/\/klap.ro\/wp-content\/uploads\/2022\/02\/klap-logo-google.png\",\"width\":512,\"height\":512,\"caption\":\"Klap\"},\"image\":{\"@id\":\"https:\/\/klap.ro\/#\/schema\/logo\/image\/\"},\"sameAs\":[\"https:\/\/www.facebook.com\/klapromania\/\",\"https:\/\/www.instagram.com\/klap.ro\/\",\"https:\/\/www.youtube.com\/channel\/UC0w2XX6ZAscBZl3QHrLVezg\",\"https:\/\/ro.linkedin.com\/company\/klap-tech\"]}]}<\/script>\n<!-- \/ Yoast SEO plugin. -->","yoast_head_json":{"title":"Pachet 2 prize inteligente TP-Link Mini Tapo P100 Wi-Fi 220-240V, Alb - Klap","description":"Cumpara Pachet 2 prize inteligente TP-Link Mini Tapo P100 Wi-Fi 220-240V, Alb de la Klap! Platesti in rate, deschide coletul la livrare, garantie 12 luni, retur in 30 de zile.","robots":{"index":"index","follow":"follow","max-snippet":"max-snippet:-1","max-image-preview":"max-image-preview:large","max-video-preview":"max-video-preview:-1"},"canonical":"https:\/\/klap.ro\/en\/product\/priza-inteligenta-tp-link-mini-tapo-p110-wi-fi-alb\/","og_locale":"en_GB","og_type":"article","og_title":"Pachet 2 prize inteligente TP-Link Mini Tapo P100 Wi-Fi 220-240V, Alb - Klap","og_description":"Cumpara Pachet 2 prize inteligente TP-Link Mini Tapo P100 Wi-Fi 220-240V, Alb de la Klap! Platesti in rate, deschide coletul la livrare, garantie 12 luni, retur in 30 de zile.","og_url":"https:\/\/klap.ro\/en\/product\/priza-inteligenta-tp-link-mini-tapo-p110-wi-fi-alb\/","og_site_name":"Klap","article_publisher":"https:\/\/www.facebook.com\/klapromania\/","article_modified_time":"2026-02-13T17:57:52+00:00","og_image":[{"width":492,"height":507,"url":"https:\/\/klap.ro\/wp-content\/uploads\/2025\/03\/tapo_2_prize_klap.png","type":"image\/png"}],"schema":{"@context":"https:\/\/schema.org","@graph":[{"@type":"WebPage","@id":"https:\/\/klap.ro\/en\/product\/priza-inteligenta-tp-link-mini-tapo-p110-wi-fi-alb\/","url":"https:\/\/klap.ro\/en\/product\/priza-inteligenta-tp-link-mini-tapo-p110-wi-fi-alb\/","name":"Pachet 2 prize inteligente TP-Link Mini Tapo P100 Wi-Fi 220-240V, Alb - Klap","isPartOf":{"@id":"https:\/\/klap.ro\/#website"},"primaryImageOfPage":{"@id":"https:\/\/klap.ro\/en\/product\/priza-inteligenta-tp-link-mini-tapo-p110-wi-fi-alb\/#primaryimage"},"image":{"@id":"https:\/\/klap.ro\/en\/product\/priza-inteligenta-tp-link-mini-tapo-p110-wi-fi-alb\/#primaryimage"},"thumbnailUrl":"https:\/\/klap.ro\/wp-content\/uploads\/2025\/03\/tapo_2_prize_klap.png","datePublished":"2025-03-25T11:51:40+00:00","dateModified":"2026-02-13T17:57:52+00:00","description":"Cumpara Pachet 2 prize inteligente TP-Link Mini Tapo P100 Wi-Fi 220-240V, Alb de la Klap! Platesti in rate, deschide coletul la livrare, garantie 12 luni, retur in 30 de zile.","breadcrumb":{"@id":"https:\/\/klap.ro\/en\/product\/priza-inteligenta-tp-link-mini-tapo-p110-wi-fi-alb\/#breadcrumb"},"inLanguage":"en-GB","potentialAction":[{"@type":"ReadAction","target":["https:\/\/klap.ro\/en\/product\/priza-inteligenta-tp-link-mini-tapo-p110-wi-fi-alb\/"]}]},{"@type":"ImageObject","inLanguage":"en-GB","@id":"https:\/\/klap.ro\/en\/product\/priza-inteligenta-tp-link-mini-tapo-p110-wi-fi-alb\/#primaryimage","url":"https:\/\/klap.ro\/wp-content\/uploads\/2025\/03\/tapo_2_prize_klap.png","contentUrl":"https:\/\/klap.ro\/wp-content\/uploads\/2025\/03\/tapo_2_prize_klap.png","width":492,"height":507,"caption":"tapo prize klap"},{"@type":"BreadcrumbList","@id":"https:\/\/klap.ro\/en\/product\/priza-inteligenta-tp-link-mini-tapo-p110-wi-fi-alb\/#breadcrumb","itemListElement":[{"@type":"ListItem","position":1,"name":"Acas\u0103","item":"https:\/\/klap.ro\/"},{"@type":"ListItem","position":2,"name":"Shop","item":"https:\/\/klap.ro\/shop\/"},{"@type":"ListItem","position":3,"name":"\u26a1 Produse Fulger \u26a1","item":"https:\/\/klap.ro\/shop\/produse-fulger\/"},{"@type":"ListItem","position":4,"name":"Pachet 2 prize inteligente TP-Link Mini Tapo P100 Wi-Fi 220-240V, Alb"}]},{"@type":"WebSite","@id":"https:\/\/klap.ro\/#website","url":"https:\/\/klap.ro\/","name":"Klap","description":"","publisher":{"@id":"https:\/\/klap.ro\/#organization"},"potentialAction":[{"@type":"SearchAction","target":{"@type":"EntryPoint","urlTemplate":"https:\/\/klap.ro\/?s={search_term_string}"},"query-input":{"@type":"PropertyValueSpecification","valueRequired":true,"valueName":"search_term_string"}}],"inLanguage":"en-GB"},{"@type":"Organization","@id":"https:\/\/klap.ro\/#organization","name":"Klap","url":"https:\/\/klap.ro\/","logo":{"@type":"ImageObject","inLanguage":"en-GB","@id":"https:\/\/klap.ro\/#\/schema\/logo\/image\/","url":"https:\/\/klap.ro\/wp-content\/uploads\/2022\/02\/klap-logo-google.png","contentUrl":"https:\/\/klap.ro\/wp-content\/uploads\/2022\/02\/klap-logo-google.png","width":512,"height":512,"caption":"Klap"},"image":{"@id":"https:\/\/klap.ro\/#\/schema\/logo\/image\/"},"sameAs":["https:\/\/www.facebook.com\/klapromania\/","https:\/\/www.instagram.com\/klap.ro\/","https:\/\/www.youtube.com\/channel\/UC0w2XX6ZAscBZl3QHrLVezg","https:\/\/ro.linkedin.com\/company\/klap-tech"]}]}},"_links":{"self":[{"href":"https:\/\/klap.ro\/en\/wp-json\/wp\/v2\/product\/93005","targetHints":{"allow":["GET"]}}],"collection":[{"href":"https:\/\/klap.ro\/en\/wp-json\/wp\/v2\/product"}],"about":[{"href":"https:\/\/klap.ro\/en\/wp-json\/wp\/v2\/types\/product"}],"replies":[{"embeddable":true,"href":"https:\/\/klap.ro\/en\/wp-json\/wp\/v2\/comments?post=93005"}],"wp:featuredmedia":[{"embeddable":true,"href":"https:\/\/klap.ro\/en\/wp-json\/wp\/v2\/media\/93007"}],"wp:attachment":[{"href":"https:\/\/klap.ro\/en\/wp-json\/wp\/v2\/media?parent=93005"}],"wp:term":[{"taxonomy":"recomandat-klap","embeddable":true,"href":"https:\/\/klap.ro\/en\/wp-json\/wp\/v2\/recomandat-klap?post=93005"},{"taxonomy":"product_brand","embeddable":true,"href":"https:\/\/klap.ro\/en\/wp-json\/wp\/v2\/product_brand?post=93005"},{"taxonomy":"product_cat","embeddable":true,"href":"https:\/\/klap.ro\/en\/wp-json\/wp\/v2\/product_cat?post=93005"},{"taxonomy":"product_tag","embeddable":true,"href":"https:\/\/klap.ro\/en\/wp-json\/wp\/v2\/product_tag?post=93005"}],"curies":[{"name":"wp","href":"https:\/\/api.w.org\/{rel}","templated":true}]}}