{"id":88886,"date":"2025-02-21T21:43:05","date_gmt":"2025-02-21T19:43:05","guid":{"rendered":"https:\/\/klap.ro\/?post_type=product&#038;p=88886"},"modified":"2025-12-17T17:14:07","modified_gmt":"2025-12-17T15:14:07","slug":"tastatura-apple-magic-pentru-ipad-pro-11-2020-ipad-air-4-layout-ro-black","status":"publish","type":"product","link":"https:\/\/klap.ro\/en\/product\/tastatura-apple-magic-pentru-ipad-pro-11-2020-ipad-air-4-layout-ro-black\/","title":{"rendered":"Tastatur\u0103 Apple Magic pentru iPad Pro 11&#8243; (2020) \/ iPad Air 4, Layout RO, Black"},"content":{"rendered":"<p>Tastatura Apple Magic pentru iPad Pro 11&#8243; (2020), Layout RO, ofer\u0103 o experien\u021b\u0103 excelent\u0103 de tastare \u0219i un trackpad pentru navigare avansat\u0103 pe iPadOS. Designul flotant permite reglarea u\u0219oar\u0103 a unghiului de vizualizare, iar portul USB-C asigur\u0103 \u00eenc\u0103rcare passthrough. Protec\u021bia complet\u0103 fa\u021b\u0103 \u0219i spate \u0219i tastele retroiluminate ofer\u0103 confort \u0219i func\u021bionalitate sporit\u0103. Este compatibil\u0103 cu iPad Pro 11\u201d (1st, 2nd \u0219i 3rd gen) \u0219i iPad Air (4th \u0219i 5th gen).<\/p>","protected":false},"excerpt":{"rendered":"<p>Tastatura Apple Magic pentru iPad Pro 11&#8243; (2020), Layout RO, ofer\u0103 o experien\u021b\u0103 excelent\u0103 de tastare \u0219i un trackpad pentru navigare avansat\u0103 pe iPadOS. Designul flotant permite reglarea u\u0219oar\u0103 a unghiului de vizualizare, iar portul USB-C asigur\u0103 \u00eenc\u0103rcare passthrough. Protec\u021bia complet\u0103 fa\u021b\u0103 \u0219i spate \u0219i tastele retroiluminate ofer\u0103 confort \u0219i func\u021bionalitate sporit\u0103. Este compatibil\u0103 cu [&hellip;]<\/p>","protected":false},"featured_media":88888,"comment_status":"closed","ping_status":"closed","template":"","meta":{"_acf_changed":false},"recomandat-klap":[],"product_brand":[],"product_cat":[2070,256,37,2580,1486],"product_tag":[3958],"class_list":{"0":"post-88886","1":"product","2":"type-product","3":"status-publish","4":"has-post-thumbnail","6":"product_cat-produse-fulger","7":"product_cat-accesorii","8":"product_cat-apple","9":"product_cat-ofertaklap","10":"product_cat-tableta-apple","11":"product_tag-tastapple","13":"first","14":"outofstock","15":"taxable","16":"shipping-taxable","17":"product-type-variable","18":"has-default-attributes"},"acf":[],"yoast_head":"<!-- This site is optimized with the Yoast SEO plugin v25.4 - https:\/\/yoast.com\/wordpress\/plugins\/seo\/ -->\n<title>Tastatur\u0103 Apple Magic pentru iPad Pro 11&quot; (2020) \/ iPad Air 4, Layout RO, Black - Klap<\/title>\n<meta name=\"description\" content=\"Cumpara Tastatur\u0103 Apple Magic pentru iPad Pro 11&quot; (2020) \/ iPad Air 4, Layout RO, Black de la Klap! Platesti in rate, deschide coletul la livrare, garantie 12 luni, retur in 30 de zile.\" \/>\n<meta name=\"robots\" content=\"index, follow, max-snippet:-1, max-image-preview:large, max-video-preview:-1\" \/>\n<link rel=\"canonical\" href=\"https:\/\/klap.ro\/en\/product\/tastatura-apple-magic-pentru-ipad-pro-11-2020-ipad-air-4-layout-ro-black\/\" \/>\n<meta property=\"og:locale\" content=\"en_GB\" \/>\n<meta property=\"og:type\" content=\"article\" \/>\n<meta property=\"og:title\" content=\"Tastatur\u0103 Apple Magic pentru iPad Pro 11&quot; (2020) \/ iPad Air 4, Layout RO, Black - Klap\" \/>\n<meta property=\"og:description\" content=\"Cumpara Tastatur\u0103 Apple Magic pentru iPad Pro 11&quot; (2020) \/ iPad Air 4, Layout RO, Black de la Klap! Platesti in rate, deschide coletul la livrare, garantie 12 luni, retur in 30 de zile.\" \/>\n<meta property=\"og:url\" content=\"https:\/\/klap.ro\/en\/product\/tastatura-apple-magic-pentru-ipad-pro-11-2020-ipad-air-4-layout-ro-black\/\" \/>\n<meta property=\"og:site_name\" content=\"Klap\" \/>\n<meta property=\"article:publisher\" content=\"https:\/\/www.facebook.com\/klapromania\/\" \/>\n<meta property=\"article:modified_time\" content=\"2025-12-17T15:14:07+00:00\" \/>\n<meta property=\"og:image\" content=\"https:\/\/klap.ro\/wp-content\/uploads\/2025\/02\/tastatura_apple_black_klap.png\" \/>\n\t<meta property=\"og:image:width\" content=\"568\" \/>\n\t<meta property=\"og:image:height\" content=\"440\" \/>\n\t<meta property=\"og:image:type\" content=\"image\/png\" \/>\n<script type=\"application\/ld+json\" class=\"yoast-schema-graph\">{\"@context\":\"https:\/\/schema.org\",\"@graph\":[{\"@type\":\"WebPage\",\"@id\":\"https:\/\/klap.ro\/en\/product\/tastatura-apple-magic-pentru-ipad-pro-11-2020-ipad-air-4-layout-ro-black\/\",\"url\":\"https:\/\/klap.ro\/en\/product\/tastatura-apple-magic-pentru-ipad-pro-11-2020-ipad-air-4-layout-ro-black\/\",\"name\":\"Tastatur\u0103 Apple Magic pentru iPad Pro 11\\\" (2020) \/ iPad Air 4, Layout RO, Black - Klap\",\"isPartOf\":{\"@id\":\"https:\/\/klap.ro\/#website\"},\"primaryImageOfPage\":{\"@id\":\"https:\/\/klap.ro\/en\/product\/tastatura-apple-magic-pentru-ipad-pro-11-2020-ipad-air-4-layout-ro-black\/#primaryimage\"},\"image\":{\"@id\":\"https:\/\/klap.ro\/en\/product\/tastatura-apple-magic-pentru-ipad-pro-11-2020-ipad-air-4-layout-ro-black\/#primaryimage\"},\"thumbnailUrl\":\"https:\/\/klap.ro\/wp-content\/uploads\/2025\/02\/tastatura_apple_black_klap.png\",\"datePublished\":\"2025-02-21T19:43:05+00:00\",\"dateModified\":\"2025-12-17T15:14:07+00:00\",\"description\":\"Cumpara Tastatur\u0103 Apple Magic pentru iPad Pro 11\\\" (2020) \/ iPad Air 4, Layout RO, Black de la Klap! Platesti in rate, deschide coletul la livrare, garantie 12 luni, retur in 30 de zile.\",\"breadcrumb\":{\"@id\":\"https:\/\/klap.ro\/en\/product\/tastatura-apple-magic-pentru-ipad-pro-11-2020-ipad-air-4-layout-ro-black\/#breadcrumb\"},\"inLanguage\":\"en-GB\",\"potentialAction\":[{\"@type\":\"ReadAction\",\"target\":[\"https:\/\/klap.ro\/en\/product\/tastatura-apple-magic-pentru-ipad-pro-11-2020-ipad-air-4-layout-ro-black\/\"]}]},{\"@type\":\"ImageObject\",\"inLanguage\":\"en-GB\",\"@id\":\"https:\/\/klap.ro\/en\/product\/tastatura-apple-magic-pentru-ipad-pro-11-2020-ipad-air-4-layout-ro-black\/#primaryimage\",\"url\":\"https:\/\/klap.ro\/wp-content\/uploads\/2025\/02\/tastatura_apple_black_klap.png\",\"contentUrl\":\"https:\/\/klap.ro\/wp-content\/uploads\/2025\/02\/tastatura_apple_black_klap.png\",\"width\":568,\"height\":440,\"caption\":\"tastatura apple black klap\"},{\"@type\":\"BreadcrumbList\",\"@id\":\"https:\/\/klap.ro\/en\/product\/tastatura-apple-magic-pentru-ipad-pro-11-2020-ipad-air-4-layout-ro-black\/#breadcrumb\",\"itemListElement\":[{\"@type\":\"ListItem\",\"position\":1,\"name\":\"Acas\u0103\",\"item\":\"https:\/\/klap.ro\/\"},{\"@type\":\"ListItem\",\"position\":2,\"name\":\"Shop\",\"item\":\"https:\/\/klap.ro\/shop\/\"},{\"@type\":\"ListItem\",\"position\":3,\"name\":\"Accesorii\",\"item\":\"https:\/\/klap.ro\/shop\/accesorii\/\"},{\"@type\":\"ListItem\",\"position\":4,\"name\":\"Tastatur\u0103 Apple Magic pentru iPad Pro 11&#8243; (2020) \/ iPad Air 4, Layout RO, Black\"}]},{\"@type\":\"WebSite\",\"@id\":\"https:\/\/klap.ro\/#website\",\"url\":\"https:\/\/klap.ro\/\",\"name\":\"Klap\",\"description\":\"\",\"publisher\":{\"@id\":\"https:\/\/klap.ro\/#organization\"},\"potentialAction\":[{\"@type\":\"SearchAction\",\"target\":{\"@type\":\"EntryPoint\",\"urlTemplate\":\"https:\/\/klap.ro\/?s={search_term_string}\"},\"query-input\":{\"@type\":\"PropertyValueSpecification\",\"valueRequired\":true,\"valueName\":\"search_term_string\"}}],\"inLanguage\":\"en-GB\"},{\"@type\":\"Organization\",\"@id\":\"https:\/\/klap.ro\/#organization\",\"name\":\"Klap\",\"url\":\"https:\/\/klap.ro\/\",\"logo\":{\"@type\":\"ImageObject\",\"inLanguage\":\"en-GB\",\"@id\":\"https:\/\/klap.ro\/#\/schema\/logo\/image\/\",\"url\":\"https:\/\/klap.ro\/wp-content\/uploads\/2022\/02\/klap-logo-google.png\",\"contentUrl\":\"https:\/\/klap.ro\/wp-content\/uploads\/2022\/02\/klap-logo-google.png\",\"width\":512,\"height\":512,\"caption\":\"Klap\"},\"image\":{\"@id\":\"https:\/\/klap.ro\/#\/schema\/logo\/image\/\"},\"sameAs\":[\"https:\/\/www.facebook.com\/klapromania\/\",\"https:\/\/www.instagram.com\/klap.ro\/\",\"https:\/\/www.youtube.com\/channel\/UC0w2XX6ZAscBZl3QHrLVezg\",\"https:\/\/ro.linkedin.com\/company\/klap-tech\"]}]}<\/script>\n<!-- \/ Yoast SEO plugin. -->","yoast_head_json":{"title":"Tastatur\u0103 Apple Magic pentru iPad Pro 11\" (2020) \/ iPad Air 4, Layout RO, Black - Klap","description":"Cumpara Tastatur\u0103 Apple Magic pentru iPad Pro 11\" (2020) \/ iPad Air 4, Layout RO, Black de la Klap! Platesti in rate, deschide coletul la livrare, garantie 12 luni, retur in 30 de zile.","robots":{"index":"index","follow":"follow","max-snippet":"max-snippet:-1","max-image-preview":"max-image-preview:large","max-video-preview":"max-video-preview:-1"},"canonical":"https:\/\/klap.ro\/en\/product\/tastatura-apple-magic-pentru-ipad-pro-11-2020-ipad-air-4-layout-ro-black\/","og_locale":"en_GB","og_type":"article","og_title":"Tastatur\u0103 Apple Magic pentru iPad Pro 11\" (2020) \/ iPad Air 4, Layout RO, Black - Klap","og_description":"Cumpara Tastatur\u0103 Apple Magic pentru iPad Pro 11\" (2020) \/ iPad Air 4, Layout RO, Black de la Klap! Platesti in rate, deschide coletul la livrare, garantie 12 luni, retur in 30 de zile.","og_url":"https:\/\/klap.ro\/en\/product\/tastatura-apple-magic-pentru-ipad-pro-11-2020-ipad-air-4-layout-ro-black\/","og_site_name":"Klap","article_publisher":"https:\/\/www.facebook.com\/klapromania\/","article_modified_time":"2025-12-17T15:14:07+00:00","og_image":[{"width":568,"height":440,"url":"https:\/\/klap.ro\/wp-content\/uploads\/2025\/02\/tastatura_apple_black_klap.png","type":"image\/png"}],"schema":{"@context":"https:\/\/schema.org","@graph":[{"@type":"WebPage","@id":"https:\/\/klap.ro\/en\/product\/tastatura-apple-magic-pentru-ipad-pro-11-2020-ipad-air-4-layout-ro-black\/","url":"https:\/\/klap.ro\/en\/product\/tastatura-apple-magic-pentru-ipad-pro-11-2020-ipad-air-4-layout-ro-black\/","name":"Tastatur\u0103 Apple Magic pentru iPad Pro 11\" (2020) \/ iPad Air 4, Layout RO, Black - Klap","isPartOf":{"@id":"https:\/\/klap.ro\/#website"},"primaryImageOfPage":{"@id":"https:\/\/klap.ro\/en\/product\/tastatura-apple-magic-pentru-ipad-pro-11-2020-ipad-air-4-layout-ro-black\/#primaryimage"},"image":{"@id":"https:\/\/klap.ro\/en\/product\/tastatura-apple-magic-pentru-ipad-pro-11-2020-ipad-air-4-layout-ro-black\/#primaryimage"},"thumbnailUrl":"https:\/\/klap.ro\/wp-content\/uploads\/2025\/02\/tastatura_apple_black_klap.png","datePublished":"2025-02-21T19:43:05+00:00","dateModified":"2025-12-17T15:14:07+00:00","description":"Cumpara Tastatur\u0103 Apple Magic pentru iPad Pro 11\" (2020) \/ iPad Air 4, Layout RO, Black de la Klap! Platesti in rate, deschide coletul la livrare, garantie 12 luni, retur in 30 de zile.","breadcrumb":{"@id":"https:\/\/klap.ro\/en\/product\/tastatura-apple-magic-pentru-ipad-pro-11-2020-ipad-air-4-layout-ro-black\/#breadcrumb"},"inLanguage":"en-GB","potentialAction":[{"@type":"ReadAction","target":["https:\/\/klap.ro\/en\/product\/tastatura-apple-magic-pentru-ipad-pro-11-2020-ipad-air-4-layout-ro-black\/"]}]},{"@type":"ImageObject","inLanguage":"en-GB","@id":"https:\/\/klap.ro\/en\/product\/tastatura-apple-magic-pentru-ipad-pro-11-2020-ipad-air-4-layout-ro-black\/#primaryimage","url":"https:\/\/klap.ro\/wp-content\/uploads\/2025\/02\/tastatura_apple_black_klap.png","contentUrl":"https:\/\/klap.ro\/wp-content\/uploads\/2025\/02\/tastatura_apple_black_klap.png","width":568,"height":440,"caption":"tastatura apple black klap"},{"@type":"BreadcrumbList","@id":"https:\/\/klap.ro\/en\/product\/tastatura-apple-magic-pentru-ipad-pro-11-2020-ipad-air-4-layout-ro-black\/#breadcrumb","itemListElement":[{"@type":"ListItem","position":1,"name":"Acas\u0103","item":"https:\/\/klap.ro\/"},{"@type":"ListItem","position":2,"name":"Shop","item":"https:\/\/klap.ro\/shop\/"},{"@type":"ListItem","position":3,"name":"Accesorii","item":"https:\/\/klap.ro\/shop\/accesorii\/"},{"@type":"ListItem","position":4,"name":"Tastatur\u0103 Apple Magic pentru iPad Pro 11&#8243; (2020) \/ iPad Air 4, Layout RO, Black"}]},{"@type":"WebSite","@id":"https:\/\/klap.ro\/#website","url":"https:\/\/klap.ro\/","name":"Klap","description":"","publisher":{"@id":"https:\/\/klap.ro\/#organization"},"potentialAction":[{"@type":"SearchAction","target":{"@type":"EntryPoint","urlTemplate":"https:\/\/klap.ro\/?s={search_term_string}"},"query-input":{"@type":"PropertyValueSpecification","valueRequired":true,"valueName":"search_term_string"}}],"inLanguage":"en-GB"},{"@type":"Organization","@id":"https:\/\/klap.ro\/#organization","name":"Klap","url":"https:\/\/klap.ro\/","logo":{"@type":"ImageObject","inLanguage":"en-GB","@id":"https:\/\/klap.ro\/#\/schema\/logo\/image\/","url":"https:\/\/klap.ro\/wp-content\/uploads\/2022\/02\/klap-logo-google.png","contentUrl":"https:\/\/klap.ro\/wp-content\/uploads\/2022\/02\/klap-logo-google.png","width":512,"height":512,"caption":"Klap"},"image":{"@id":"https:\/\/klap.ro\/#\/schema\/logo\/image\/"},"sameAs":["https:\/\/www.facebook.com\/klapromania\/","https:\/\/www.instagram.com\/klap.ro\/","https:\/\/www.youtube.com\/channel\/UC0w2XX6ZAscBZl3QHrLVezg","https:\/\/ro.linkedin.com\/company\/klap-tech"]}]}},"_links":{"self":[{"href":"https:\/\/klap.ro\/en\/wp-json\/wp\/v2\/product\/88886","targetHints":{"allow":["GET"]}}],"collection":[{"href":"https:\/\/klap.ro\/en\/wp-json\/wp\/v2\/product"}],"about":[{"href":"https:\/\/klap.ro\/en\/wp-json\/wp\/v2\/types\/product"}],"replies":[{"embeddable":true,"href":"https:\/\/klap.ro\/en\/wp-json\/wp\/v2\/comments?post=88886"}],"wp:featuredmedia":[{"embeddable":true,"href":"https:\/\/klap.ro\/en\/wp-json\/wp\/v2\/media\/88888"}],"wp:attachment":[{"href":"https:\/\/klap.ro\/en\/wp-json\/wp\/v2\/media?parent=88886"}],"wp:term":[{"taxonomy":"recomandat-klap","embeddable":true,"href":"https:\/\/klap.ro\/en\/wp-json\/wp\/v2\/recomandat-klap?post=88886"},{"taxonomy":"product_brand","embeddable":true,"href":"https:\/\/klap.ro\/en\/wp-json\/wp\/v2\/product_brand?post=88886"},{"taxonomy":"product_cat","embeddable":true,"href":"https:\/\/klap.ro\/en\/wp-json\/wp\/v2\/product_cat?post=88886"},{"taxonomy":"product_tag","embeddable":true,"href":"https:\/\/klap.ro\/en\/wp-json\/wp\/v2\/product_tag?post=88886"}],"curies":[{"name":"wp","href":"https:\/\/api.w.org\/{rel}","templated":true}]}}