{"id":88576,"date":"2025-02-18T18:43:18","date_gmt":"2025-02-18T16:43:18","guid":{"rendered":"https:\/\/klap.ro\/?post_type=product&#038;p=88576"},"modified":"2025-11-21T13:04:55","modified_gmt":"2025-11-21T11:04:55","slug":"telefon-mobil-xiaomi-redmi-note-13-128gb-4g-dual-sim-midnight-black","status":"publish","type":"product","link":"https:\/\/klap.ro\/en\/product\/telefon-mobil-xiaomi-redmi-note-13-128gb-4g-dual-sim-midnight-black\/","title":{"rendered":"Telefon mobil Xiaomi Redmi Note 13 128GB 4G Dual SIM, Midnight Black"},"content":{"rendered":"<p>Toate telefoanele Xiaomi sunt complet verificate, certificate \u0219i recondi\u021bionate de echipa noastr\u0103. Cumperi smart, economise\u0219ti pe loc, investe\u0219ti \u00eentr-un gadget perfect func\u021bional \u0219i e\u0219ti eco-friendly. Telefoanele vin \u00eenso\u021bite gratuit de cablu de \u00eenc\u0103rcare compatibil de \u00eenalt\u0103 calitate \u0219i sunt garantate timp de 24 luni.<\/p>","protected":false},"excerpt":{"rendered":"<p>Toate telefoanele Xiaomi sunt complet verificate, certificate \u0219i recondi\u021bionate de echipa noastr\u0103. Cumperi smart, economise\u0219ti pe loc, investe\u0219ti \u00eentr-un gadget perfect func\u021bional \u0219i e\u0219ti eco-friendly. Telefoanele vin \u00eenso\u021bite gratuit de cablu de \u00eenc\u0103rcare compatibil de \u00eenalt\u0103 calitate \u0219i sunt garantate timp de 24 luni.<\/p>","protected":false},"featured_media":88578,"comment_status":"open","ping_status":"closed","template":"","meta":{"_acf_changed":false},"recomandat-klap":[],"product_brand":[],"product_cat":[4408,3926,343,89,245],"product_tag":[3361],"class_list":{"0":"post-88576","1":"product","2":"type-product","3":"status-publish","4":"has-post-thumbnail","6":"product_cat-luna-iubirii","7":"product_cat-redmi-note-13-4g","8":"product_cat-telefoane","9":"product_cat-telefoane-diverse","10":"product_cat-telefoane-xiaomi","11":"product_tag-xiaomiredminote134g","12":"pa_model-redmi-note-13-4g","14":"first","15":"outofstock","16":"sold-individually","17":"taxable","18":"shipping-taxable","19":"product-type-variable","20":"has-default-attributes"},"acf":[],"yoast_head":"<!-- This site is optimized with the Yoast SEO plugin v25.4 - https:\/\/yoast.com\/wordpress\/plugins\/seo\/ -->\n<title>Telefon mobil Xiaomi Redmi Note 13 128GB 4G Dual SIM, Midnight Black - Klap<\/title>\n<meta name=\"description\" content=\"Cumpara Telefon mobil Xiaomi Redmi Note 13 128GB 4G Dual SIM, Midnight Black de la Klap! Platesti in rate, deschide coletul la livrare, garantie 12 luni, retur in 30 de zile.\" \/>\n<meta name=\"robots\" content=\"index, follow, max-snippet:-1, max-image-preview:large, max-video-preview:-1\" \/>\n<link rel=\"canonical\" href=\"https:\/\/klap.ro\/en\/product\/telefon-mobil-xiaomi-redmi-note-13-128gb-4g-dual-sim-midnight-black\/\" \/>\n<meta property=\"og:locale\" content=\"en_GB\" \/>\n<meta property=\"og:type\" content=\"article\" \/>\n<meta property=\"og:title\" content=\"Telefon mobil Xiaomi Redmi Note 13 128GB 4G Dual SIM, Midnight Black - Klap\" \/>\n<meta property=\"og:description\" content=\"Cumpara Telefon mobil Xiaomi Redmi Note 13 128GB 4G Dual SIM, Midnight Black de la Klap! Platesti in rate, deschide coletul la livrare, garantie 12 luni, retur in 30 de zile.\" \/>\n<meta property=\"og:url\" content=\"https:\/\/klap.ro\/en\/product\/telefon-mobil-xiaomi-redmi-note-13-128gb-4g-dual-sim-midnight-black\/\" \/>\n<meta property=\"og:site_name\" content=\"Klap\" \/>\n<meta property=\"article:publisher\" content=\"https:\/\/www.facebook.com\/klapromania\/\" \/>\n<meta property=\"article:modified_time\" content=\"2025-11-21T11:04:55+00:00\" \/>\n<meta property=\"og:image\" content=\"https:\/\/klap.ro\/wp-content\/uploads\/2025\/02\/xiaomi_redmi_note_13_4g_midnightblack.png\" \/>\n\t<meta property=\"og:image:width\" content=\"455\" \/>\n\t<meta property=\"og:image:height\" content=\"548\" \/>\n\t<meta property=\"og:image:type\" content=\"image\/png\" \/>\n<script type=\"application\/ld+json\" class=\"yoast-schema-graph\">{\"@context\":\"https:\/\/schema.org\",\"@graph\":[{\"@type\":\"WebPage\",\"@id\":\"https:\/\/klap.ro\/en\/product\/telefon-mobil-xiaomi-redmi-note-13-128gb-4g-dual-sim-midnight-black\/\",\"url\":\"https:\/\/klap.ro\/en\/product\/telefon-mobil-xiaomi-redmi-note-13-128gb-4g-dual-sim-midnight-black\/\",\"name\":\"Telefon mobil Xiaomi Redmi Note 13 128GB 4G Dual SIM, Midnight Black - Klap\",\"isPartOf\":{\"@id\":\"https:\/\/klap.ro\/#website\"},\"primaryImageOfPage\":{\"@id\":\"https:\/\/klap.ro\/en\/product\/telefon-mobil-xiaomi-redmi-note-13-128gb-4g-dual-sim-midnight-black\/#primaryimage\"},\"image\":{\"@id\":\"https:\/\/klap.ro\/en\/product\/telefon-mobil-xiaomi-redmi-note-13-128gb-4g-dual-sim-midnight-black\/#primaryimage\"},\"thumbnailUrl\":\"https:\/\/klap.ro\/wp-content\/uploads\/2025\/02\/xiaomi_redmi_note_13_4g_midnightblack.png\",\"datePublished\":\"2025-02-18T16:43:18+00:00\",\"dateModified\":\"2025-11-21T11:04:55+00:00\",\"description\":\"Cumpara Telefon mobil Xiaomi Redmi Note 13 128GB 4G Dual SIM, Midnight Black de la Klap! Platesti in rate, deschide coletul la livrare, garantie 12 luni, retur in 30 de zile.\",\"breadcrumb\":{\"@id\":\"https:\/\/klap.ro\/en\/product\/telefon-mobil-xiaomi-redmi-note-13-128gb-4g-dual-sim-midnight-black\/#breadcrumb\"},\"inLanguage\":\"en-GB\",\"potentialAction\":[{\"@type\":\"ReadAction\",\"target\":[\"https:\/\/klap.ro\/en\/product\/telefon-mobil-xiaomi-redmi-note-13-128gb-4g-dual-sim-midnight-black\/\"]}]},{\"@type\":\"ImageObject\",\"inLanguage\":\"en-GB\",\"@id\":\"https:\/\/klap.ro\/en\/product\/telefon-mobil-xiaomi-redmi-note-13-128gb-4g-dual-sim-midnight-black\/#primaryimage\",\"url\":\"https:\/\/klap.ro\/wp-content\/uploads\/2025\/02\/xiaomi_redmi_note_13_4g_midnightblack.png\",\"contentUrl\":\"https:\/\/klap.ro\/wp-content\/uploads\/2025\/02\/xiaomi_redmi_note_13_4g_midnightblack.png\",\"width\":455,\"height\":548,\"caption\":\"xiaomi redmi note g midnightblack\"},{\"@type\":\"BreadcrumbList\",\"@id\":\"https:\/\/klap.ro\/en\/product\/telefon-mobil-xiaomi-redmi-note-13-128gb-4g-dual-sim-midnight-black\/#breadcrumb\",\"itemListElement\":[{\"@type\":\"ListItem\",\"position\":1,\"name\":\"Acas\u0103\",\"item\":\"https:\/\/klap.ro\/\"},{\"@type\":\"ListItem\",\"position\":2,\"name\":\"Shop\",\"item\":\"https:\/\/klap.ro\/shop\/\"},{\"@type\":\"ListItem\",\"position\":3,\"name\":\"Telefoane\",\"item\":\"https:\/\/klap.ro\/shop\/telefoane\/\"},{\"@type\":\"ListItem\",\"position\":4,\"name\":\"Telefon mobil Xiaomi Redmi Note 13 128GB 4G Dual SIM, Midnight Black\"}]},{\"@type\":\"WebSite\",\"@id\":\"https:\/\/klap.ro\/#website\",\"url\":\"https:\/\/klap.ro\/\",\"name\":\"Klap\",\"description\":\"\",\"publisher\":{\"@id\":\"https:\/\/klap.ro\/#organization\"},\"potentialAction\":[{\"@type\":\"SearchAction\",\"target\":{\"@type\":\"EntryPoint\",\"urlTemplate\":\"https:\/\/klap.ro\/?s={search_term_string}\"},\"query-input\":{\"@type\":\"PropertyValueSpecification\",\"valueRequired\":true,\"valueName\":\"search_term_string\"}}],\"inLanguage\":\"en-GB\"},{\"@type\":\"Organization\",\"@id\":\"https:\/\/klap.ro\/#organization\",\"name\":\"Klap\",\"url\":\"https:\/\/klap.ro\/\",\"logo\":{\"@type\":\"ImageObject\",\"inLanguage\":\"en-GB\",\"@id\":\"https:\/\/klap.ro\/#\/schema\/logo\/image\/\",\"url\":\"https:\/\/klap.ro\/wp-content\/uploads\/2022\/02\/klap-logo-google.png\",\"contentUrl\":\"https:\/\/klap.ro\/wp-content\/uploads\/2022\/02\/klap-logo-google.png\",\"width\":512,\"height\":512,\"caption\":\"Klap\"},\"image\":{\"@id\":\"https:\/\/klap.ro\/#\/schema\/logo\/image\/\"},\"sameAs\":[\"https:\/\/www.facebook.com\/klapromania\/\",\"https:\/\/www.instagram.com\/klap.ro\/\",\"https:\/\/www.youtube.com\/channel\/UC0w2XX6ZAscBZl3QHrLVezg\",\"https:\/\/ro.linkedin.com\/company\/klap-tech\"]}]}<\/script>\n<!-- \/ Yoast SEO plugin. -->","yoast_head_json":{"title":"Telefon mobil Xiaomi Redmi Note 13 128GB 4G Dual SIM, Midnight Black - Klap","description":"Cumpara Telefon mobil Xiaomi Redmi Note 13 128GB 4G Dual SIM, Midnight Black de la Klap! Platesti in rate, deschide coletul la livrare, garantie 12 luni, retur in 30 de zile.","robots":{"index":"index","follow":"follow","max-snippet":"max-snippet:-1","max-image-preview":"max-image-preview:large","max-video-preview":"max-video-preview:-1"},"canonical":"https:\/\/klap.ro\/en\/product\/telefon-mobil-xiaomi-redmi-note-13-128gb-4g-dual-sim-midnight-black\/","og_locale":"en_GB","og_type":"article","og_title":"Telefon mobil Xiaomi Redmi Note 13 128GB 4G Dual SIM, Midnight Black - Klap","og_description":"Cumpara Telefon mobil Xiaomi Redmi Note 13 128GB 4G Dual SIM, Midnight Black de la Klap! Platesti in rate, deschide coletul la livrare, garantie 12 luni, retur in 30 de zile.","og_url":"https:\/\/klap.ro\/en\/product\/telefon-mobil-xiaomi-redmi-note-13-128gb-4g-dual-sim-midnight-black\/","og_site_name":"Klap","article_publisher":"https:\/\/www.facebook.com\/klapromania\/","article_modified_time":"2025-11-21T11:04:55+00:00","og_image":[{"width":455,"height":548,"url":"https:\/\/klap.ro\/wp-content\/uploads\/2025\/02\/xiaomi_redmi_note_13_4g_midnightblack.png","type":"image\/png"}],"schema":{"@context":"https:\/\/schema.org","@graph":[{"@type":"WebPage","@id":"https:\/\/klap.ro\/en\/product\/telefon-mobil-xiaomi-redmi-note-13-128gb-4g-dual-sim-midnight-black\/","url":"https:\/\/klap.ro\/en\/product\/telefon-mobil-xiaomi-redmi-note-13-128gb-4g-dual-sim-midnight-black\/","name":"Telefon mobil Xiaomi Redmi Note 13 128GB 4G Dual SIM, Midnight Black - Klap","isPartOf":{"@id":"https:\/\/klap.ro\/#website"},"primaryImageOfPage":{"@id":"https:\/\/klap.ro\/en\/product\/telefon-mobil-xiaomi-redmi-note-13-128gb-4g-dual-sim-midnight-black\/#primaryimage"},"image":{"@id":"https:\/\/klap.ro\/en\/product\/telefon-mobil-xiaomi-redmi-note-13-128gb-4g-dual-sim-midnight-black\/#primaryimage"},"thumbnailUrl":"https:\/\/klap.ro\/wp-content\/uploads\/2025\/02\/xiaomi_redmi_note_13_4g_midnightblack.png","datePublished":"2025-02-18T16:43:18+00:00","dateModified":"2025-11-21T11:04:55+00:00","description":"Cumpara Telefon mobil Xiaomi Redmi Note 13 128GB 4G Dual SIM, Midnight Black de la Klap! Platesti in rate, deschide coletul la livrare, garantie 12 luni, retur in 30 de zile.","breadcrumb":{"@id":"https:\/\/klap.ro\/en\/product\/telefon-mobil-xiaomi-redmi-note-13-128gb-4g-dual-sim-midnight-black\/#breadcrumb"},"inLanguage":"en-GB","potentialAction":[{"@type":"ReadAction","target":["https:\/\/klap.ro\/en\/product\/telefon-mobil-xiaomi-redmi-note-13-128gb-4g-dual-sim-midnight-black\/"]}]},{"@type":"ImageObject","inLanguage":"en-GB","@id":"https:\/\/klap.ro\/en\/product\/telefon-mobil-xiaomi-redmi-note-13-128gb-4g-dual-sim-midnight-black\/#primaryimage","url":"https:\/\/klap.ro\/wp-content\/uploads\/2025\/02\/xiaomi_redmi_note_13_4g_midnightblack.png","contentUrl":"https:\/\/klap.ro\/wp-content\/uploads\/2025\/02\/xiaomi_redmi_note_13_4g_midnightblack.png","width":455,"height":548,"caption":"xiaomi redmi note g midnightblack"},{"@type":"BreadcrumbList","@id":"https:\/\/klap.ro\/en\/product\/telefon-mobil-xiaomi-redmi-note-13-128gb-4g-dual-sim-midnight-black\/#breadcrumb","itemListElement":[{"@type":"ListItem","position":1,"name":"Acas\u0103","item":"https:\/\/klap.ro\/"},{"@type":"ListItem","position":2,"name":"Shop","item":"https:\/\/klap.ro\/shop\/"},{"@type":"ListItem","position":3,"name":"Telefoane","item":"https:\/\/klap.ro\/shop\/telefoane\/"},{"@type":"ListItem","position":4,"name":"Telefon mobil Xiaomi Redmi Note 13 128GB 4G Dual SIM, Midnight Black"}]},{"@type":"WebSite","@id":"https:\/\/klap.ro\/#website","url":"https:\/\/klap.ro\/","name":"Klap","description":"","publisher":{"@id":"https:\/\/klap.ro\/#organization"},"potentialAction":[{"@type":"SearchAction","target":{"@type":"EntryPoint","urlTemplate":"https:\/\/klap.ro\/?s={search_term_string}"},"query-input":{"@type":"PropertyValueSpecification","valueRequired":true,"valueName":"search_term_string"}}],"inLanguage":"en-GB"},{"@type":"Organization","@id":"https:\/\/klap.ro\/#organization","name":"Klap","url":"https:\/\/klap.ro\/","logo":{"@type":"ImageObject","inLanguage":"en-GB","@id":"https:\/\/klap.ro\/#\/schema\/logo\/image\/","url":"https:\/\/klap.ro\/wp-content\/uploads\/2022\/02\/klap-logo-google.png","contentUrl":"https:\/\/klap.ro\/wp-content\/uploads\/2022\/02\/klap-logo-google.png","width":512,"height":512,"caption":"Klap"},"image":{"@id":"https:\/\/klap.ro\/#\/schema\/logo\/image\/"},"sameAs":["https:\/\/www.facebook.com\/klapromania\/","https:\/\/www.instagram.com\/klap.ro\/","https:\/\/www.youtube.com\/channel\/UC0w2XX6ZAscBZl3QHrLVezg","https:\/\/ro.linkedin.com\/company\/klap-tech"]}]}},"_links":{"self":[{"href":"https:\/\/klap.ro\/en\/wp-json\/wp\/v2\/product\/88576","targetHints":{"allow":["GET"]}}],"collection":[{"href":"https:\/\/klap.ro\/en\/wp-json\/wp\/v2\/product"}],"about":[{"href":"https:\/\/klap.ro\/en\/wp-json\/wp\/v2\/types\/product"}],"replies":[{"embeddable":true,"href":"https:\/\/klap.ro\/en\/wp-json\/wp\/v2\/comments?post=88576"}],"wp:featuredmedia":[{"embeddable":true,"href":"https:\/\/klap.ro\/en\/wp-json\/wp\/v2\/media\/88578"}],"wp:attachment":[{"href":"https:\/\/klap.ro\/en\/wp-json\/wp\/v2\/media?parent=88576"}],"wp:term":[{"taxonomy":"recomandat-klap","embeddable":true,"href":"https:\/\/klap.ro\/en\/wp-json\/wp\/v2\/recomandat-klap?post=88576"},{"taxonomy":"product_brand","embeddable":true,"href":"https:\/\/klap.ro\/en\/wp-json\/wp\/v2\/product_brand?post=88576"},{"taxonomy":"product_cat","embeddable":true,"href":"https:\/\/klap.ro\/en\/wp-json\/wp\/v2\/product_cat?post=88576"},{"taxonomy":"product_tag","embeddable":true,"href":"https:\/\/klap.ro\/en\/wp-json\/wp\/v2\/product_tag?post=88576"}],"curies":[{"name":"wp","href":"https:\/\/api.w.org\/{rel}","templated":true}]}}