{"id":85312,"date":"2025-01-13T16:26:48","date_gmt":"2025-01-13T14:26:48","guid":{"rendered":"https:\/\/klap.ro\/?post_type=product&#038;p=85312"},"modified":"2025-10-29T15:26:35","modified_gmt":"2025-10-29T13:26:35","slug":"xiaomi-body-composition-scale-s400-bhr7793gl-alb","status":"publish","type":"product","link":"https:\/\/klap.ro\/en\/product\/xiaomi-body-composition-scale-s400-bhr7793gl-alb\/","title":{"rendered":"C\u00e2ntar corporal Xiaomi Body Composition Scale S400 BHR7793GL, Alb"},"content":{"rendered":"<p>C\u00e2ntar inteligent Xiaomi Body Composition Scale S400 BHR7793GL cu 25 de func\u021bii, aplica\u021bie Xiaomi integrat\u0103 \u0219i capacitate de stocare pentru p\u00e2n\u0103 la 36 de profile. Suport\u0103 o greutate maxim\u0103 de 150 kg \u0219i are un design elegant \u00een culoarea alb.<\/p>","protected":false},"excerpt":{"rendered":"<p>C\u00e2ntar inteligent Xiaomi Body Composition Scale S400 BHR7793GL cu 25 de func\u021bii, aplica\u021bie Xiaomi integrat\u0103 \u0219i capacitate de stocare pentru p\u00e2n\u0103 la 36 de profile. Suport\u0103 o greutate maxim\u0103 de 150 kg \u0219i are un design elegant \u00een culoarea alb.<\/p>","protected":false},"featured_media":85314,"comment_status":"open","ping_status":"closed","template":"","meta":{"_acf_changed":false},"recomandat-klap":[],"product_brand":[],"product_cat":[2070,3862,2580],"product_tag":[3864],"class_list":{"0":"post-85312","1":"product","2":"type-product","3":"status-publish","4":"has-post-thumbnail","6":"product_cat-produse-fulger","7":"product_cat-cantar","8":"product_cat-ofertaklap","9":"product_tag-xiaomibody","11":"first","12":"outofstock","13":"sold-individually","14":"taxable","15":"shipping-taxable","16":"product-type-variable","17":"has-default-attributes"},"acf":[],"yoast_head":"<!-- This site is optimized with the Yoast SEO plugin v25.4 - https:\/\/yoast.com\/wordpress\/plugins\/seo\/ -->\n<title>C\u00e2ntar corporal Xiaomi Body Composition Scale S400 BHR7793GL, Alb - Klap<\/title>\n<meta name=\"description\" content=\"Cumpara C\u00e2ntar corporal Xiaomi Body Composition Scale S400 BHR7793GL, Alb de la Klap! Platesti in rate, deschide coletul la livrare, garantie 12 luni, retur in 30 de zile.\" \/>\n<meta name=\"robots\" content=\"index, follow, max-snippet:-1, max-image-preview:large, max-video-preview:-1\" \/>\n<link rel=\"canonical\" href=\"https:\/\/klap.ro\/en\/product\/xiaomi-body-composition-scale-s400-bhr7793gl-alb\/\" \/>\n<meta property=\"og:locale\" content=\"en_GB\" \/>\n<meta property=\"og:type\" content=\"article\" \/>\n<meta property=\"og:title\" content=\"C\u00e2ntar corporal Xiaomi Body Composition Scale S400 BHR7793GL, Alb - Klap\" \/>\n<meta property=\"og:description\" content=\"Cumpara C\u00e2ntar corporal Xiaomi Body Composition Scale S400 BHR7793GL, Alb de la Klap! Platesti in rate, deschide coletul la livrare, garantie 12 luni, retur in 30 de zile.\" \/>\n<meta property=\"og:url\" content=\"https:\/\/klap.ro\/en\/product\/xiaomi-body-composition-scale-s400-bhr7793gl-alb\/\" \/>\n<meta property=\"og:site_name\" content=\"Klap\" \/>\n<meta property=\"article:publisher\" content=\"https:\/\/www.facebook.com\/klapromania\/\" \/>\n<meta property=\"article:modified_time\" content=\"2025-10-29T13:26:35+00:00\" \/>\n<meta property=\"og:image\" content=\"https:\/\/klap.ro\/wp-content\/uploads\/2025\/01\/xiaomi_body_alb_klap.png\" \/>\n\t<meta property=\"og:image:width\" content=\"596\" \/>\n\t<meta property=\"og:image:height\" content=\"419\" \/>\n\t<meta property=\"og:image:type\" content=\"image\/png\" \/>\n<script type=\"application\/ld+json\" class=\"yoast-schema-graph\">{\"@context\":\"https:\/\/schema.org\",\"@graph\":[{\"@type\":\"WebPage\",\"@id\":\"https:\/\/klap.ro\/produs\/xiaomi-body-composition-scale-s400-bhr7793gl-alb\/\",\"url\":\"https:\/\/klap.ro\/produs\/xiaomi-body-composition-scale-s400-bhr7793gl-alb\/\",\"name\":\"C\u00e2ntar corporal Xiaomi Body Composition Scale S400 BHR7793GL, Alb - Klap\",\"isPartOf\":{\"@id\":\"https:\/\/klap.ro\/#website\"},\"primaryImageOfPage\":{\"@id\":\"https:\/\/klap.ro\/produs\/xiaomi-body-composition-scale-s400-bhr7793gl-alb\/#primaryimage\"},\"image\":{\"@id\":\"https:\/\/klap.ro\/produs\/xiaomi-body-composition-scale-s400-bhr7793gl-alb\/#primaryimage\"},\"thumbnailUrl\":\"https:\/\/klap.ro\/wp-content\/uploads\/2025\/01\/xiaomi_body_alb_klap.png\",\"datePublished\":\"2025-01-13T14:26:48+00:00\",\"dateModified\":\"2025-10-29T13:26:35+00:00\",\"description\":\"Cumpara C\u00e2ntar corporal Xiaomi Body Composition Scale S400 BHR7793GL, Alb de la Klap! Platesti in rate, deschide coletul la livrare, garantie 12 luni, retur in 30 de zile.\",\"breadcrumb\":{\"@id\":\"https:\/\/klap.ro\/produs\/xiaomi-body-composition-scale-s400-bhr7793gl-alb\/#breadcrumb\"},\"inLanguage\":\"en-GB\",\"potentialAction\":[{\"@type\":\"ReadAction\",\"target\":[\"https:\/\/klap.ro\/produs\/xiaomi-body-composition-scale-s400-bhr7793gl-alb\/\"]}]},{\"@type\":\"ImageObject\",\"inLanguage\":\"en-GB\",\"@id\":\"https:\/\/klap.ro\/produs\/xiaomi-body-composition-scale-s400-bhr7793gl-alb\/#primaryimage\",\"url\":\"https:\/\/klap.ro\/wp-content\/uploads\/2025\/01\/xiaomi_body_alb_klap.png\",\"contentUrl\":\"https:\/\/klap.ro\/wp-content\/uploads\/2025\/01\/xiaomi_body_alb_klap.png\",\"width\":596,\"height\":419,\"caption\":\"xiaomi body alb klap\"},{\"@type\":\"BreadcrumbList\",\"@id\":\"https:\/\/klap.ro\/produs\/xiaomi-body-composition-scale-s400-bhr7793gl-alb\/#breadcrumb\",\"itemListElement\":[{\"@type\":\"ListItem\",\"position\":1,\"name\":\"Acas\u0103\",\"item\":\"https:\/\/klap.ro\/\"},{\"@type\":\"ListItem\",\"position\":2,\"name\":\"Shop\",\"item\":\"https:\/\/klap.ro\/shop\/\"},{\"@type\":\"ListItem\",\"position\":3,\"name\":\"Oferta Klap\",\"item\":\"https:\/\/klap.ro\/shop\/ofertaklap\/\"},{\"@type\":\"ListItem\",\"position\":4,\"name\":\"C\u00e2ntar corporal Xiaomi Body Composition Scale S400 BHR7793GL, Alb\"}]},{\"@type\":\"WebSite\",\"@id\":\"https:\/\/klap.ro\/#website\",\"url\":\"https:\/\/klap.ro\/\",\"name\":\"Klap\",\"description\":\"\",\"publisher\":{\"@id\":\"https:\/\/klap.ro\/#organization\"},\"potentialAction\":[{\"@type\":\"SearchAction\",\"target\":{\"@type\":\"EntryPoint\",\"urlTemplate\":\"https:\/\/klap.ro\/?s={search_term_string}\"},\"query-input\":{\"@type\":\"PropertyValueSpecification\",\"valueRequired\":true,\"valueName\":\"search_term_string\"}}],\"inLanguage\":\"en-GB\"},{\"@type\":\"Organization\",\"@id\":\"https:\/\/klap.ro\/#organization\",\"name\":\"Klap\",\"url\":\"https:\/\/klap.ro\/\",\"logo\":{\"@type\":\"ImageObject\",\"inLanguage\":\"en-GB\",\"@id\":\"https:\/\/klap.ro\/#\/schema\/logo\/image\/\",\"url\":\"https:\/\/klap.ro\/wp-content\/uploads\/2022\/02\/klap-logo-google.png\",\"contentUrl\":\"https:\/\/klap.ro\/wp-content\/uploads\/2022\/02\/klap-logo-google.png\",\"width\":512,\"height\":512,\"caption\":\"Klap\"},\"image\":{\"@id\":\"https:\/\/klap.ro\/#\/schema\/logo\/image\/\"},\"sameAs\":[\"https:\/\/www.facebook.com\/klapromania\/\",\"https:\/\/www.instagram.com\/klap.ro\/\",\"https:\/\/www.youtube.com\/channel\/UC0w2XX6ZAscBZl3QHrLVezg\",\"https:\/\/ro.linkedin.com\/company\/klap-tech\"]}]}<\/script>\n<!-- \/ Yoast SEO plugin. -->","yoast_head_json":{"title":"C\u00e2ntar corporal Xiaomi Body Composition Scale S400 BHR7793GL, Alb - Klap","description":"Cumpara C\u00e2ntar corporal Xiaomi Body Composition Scale S400 BHR7793GL, Alb de la Klap! Platesti in rate, deschide coletul la livrare, garantie 12 luni, retur in 30 de zile.","robots":{"index":"index","follow":"follow","max-snippet":"max-snippet:-1","max-image-preview":"max-image-preview:large","max-video-preview":"max-video-preview:-1"},"canonical":"https:\/\/klap.ro\/en\/product\/xiaomi-body-composition-scale-s400-bhr7793gl-alb\/","og_locale":"en_GB","og_type":"article","og_title":"C\u00e2ntar corporal Xiaomi Body Composition Scale S400 BHR7793GL, Alb - Klap","og_description":"Cumpara C\u00e2ntar corporal Xiaomi Body Composition Scale S400 BHR7793GL, Alb de la Klap! Platesti in rate, deschide coletul la livrare, garantie 12 luni, retur in 30 de zile.","og_url":"https:\/\/klap.ro\/en\/product\/xiaomi-body-composition-scale-s400-bhr7793gl-alb\/","og_site_name":"Klap","article_publisher":"https:\/\/www.facebook.com\/klapromania\/","article_modified_time":"2025-10-29T13:26:35+00:00","og_image":[{"width":596,"height":419,"url":"https:\/\/klap.ro\/wp-content\/uploads\/2025\/01\/xiaomi_body_alb_klap.png","type":"image\/png"}],"schema":{"@context":"https:\/\/schema.org","@graph":[{"@type":"WebPage","@id":"https:\/\/klap.ro\/produs\/xiaomi-body-composition-scale-s400-bhr7793gl-alb\/","url":"https:\/\/klap.ro\/produs\/xiaomi-body-composition-scale-s400-bhr7793gl-alb\/","name":"C\u00e2ntar corporal Xiaomi Body Composition Scale S400 BHR7793GL, Alb - Klap","isPartOf":{"@id":"https:\/\/klap.ro\/#website"},"primaryImageOfPage":{"@id":"https:\/\/klap.ro\/produs\/xiaomi-body-composition-scale-s400-bhr7793gl-alb\/#primaryimage"},"image":{"@id":"https:\/\/klap.ro\/produs\/xiaomi-body-composition-scale-s400-bhr7793gl-alb\/#primaryimage"},"thumbnailUrl":"https:\/\/klap.ro\/wp-content\/uploads\/2025\/01\/xiaomi_body_alb_klap.png","datePublished":"2025-01-13T14:26:48+00:00","dateModified":"2025-10-29T13:26:35+00:00","description":"Cumpara C\u00e2ntar corporal Xiaomi Body Composition Scale S400 BHR7793GL, Alb de la Klap! Platesti in rate, deschide coletul la livrare, garantie 12 luni, retur in 30 de zile.","breadcrumb":{"@id":"https:\/\/klap.ro\/produs\/xiaomi-body-composition-scale-s400-bhr7793gl-alb\/#breadcrumb"},"inLanguage":"en-GB","potentialAction":[{"@type":"ReadAction","target":["https:\/\/klap.ro\/produs\/xiaomi-body-composition-scale-s400-bhr7793gl-alb\/"]}]},{"@type":"ImageObject","inLanguage":"en-GB","@id":"https:\/\/klap.ro\/produs\/xiaomi-body-composition-scale-s400-bhr7793gl-alb\/#primaryimage","url":"https:\/\/klap.ro\/wp-content\/uploads\/2025\/01\/xiaomi_body_alb_klap.png","contentUrl":"https:\/\/klap.ro\/wp-content\/uploads\/2025\/01\/xiaomi_body_alb_klap.png","width":596,"height":419,"caption":"xiaomi body alb klap"},{"@type":"BreadcrumbList","@id":"https:\/\/klap.ro\/produs\/xiaomi-body-composition-scale-s400-bhr7793gl-alb\/#breadcrumb","itemListElement":[{"@type":"ListItem","position":1,"name":"Acas\u0103","item":"https:\/\/klap.ro\/"},{"@type":"ListItem","position":2,"name":"Shop","item":"https:\/\/klap.ro\/shop\/"},{"@type":"ListItem","position":3,"name":"Oferta Klap","item":"https:\/\/klap.ro\/shop\/ofertaklap\/"},{"@type":"ListItem","position":4,"name":"C\u00e2ntar corporal Xiaomi Body Composition Scale S400 BHR7793GL, Alb"}]},{"@type":"WebSite","@id":"https:\/\/klap.ro\/#website","url":"https:\/\/klap.ro\/","name":"Klap","description":"","publisher":{"@id":"https:\/\/klap.ro\/#organization"},"potentialAction":[{"@type":"SearchAction","target":{"@type":"EntryPoint","urlTemplate":"https:\/\/klap.ro\/?s={search_term_string}"},"query-input":{"@type":"PropertyValueSpecification","valueRequired":true,"valueName":"search_term_string"}}],"inLanguage":"en-GB"},{"@type":"Organization","@id":"https:\/\/klap.ro\/#organization","name":"Klap","url":"https:\/\/klap.ro\/","logo":{"@type":"ImageObject","inLanguage":"en-GB","@id":"https:\/\/klap.ro\/#\/schema\/logo\/image\/","url":"https:\/\/klap.ro\/wp-content\/uploads\/2022\/02\/klap-logo-google.png","contentUrl":"https:\/\/klap.ro\/wp-content\/uploads\/2022\/02\/klap-logo-google.png","width":512,"height":512,"caption":"Klap"},"image":{"@id":"https:\/\/klap.ro\/#\/schema\/logo\/image\/"},"sameAs":["https:\/\/www.facebook.com\/klapromania\/","https:\/\/www.instagram.com\/klap.ro\/","https:\/\/www.youtube.com\/channel\/UC0w2XX6ZAscBZl3QHrLVezg","https:\/\/ro.linkedin.com\/company\/klap-tech"]}]}},"_links":{"self":[{"href":"https:\/\/klap.ro\/en\/wp-json\/wp\/v2\/product\/85312","targetHints":{"allow":["GET"]}}],"collection":[{"href":"https:\/\/klap.ro\/en\/wp-json\/wp\/v2\/product"}],"about":[{"href":"https:\/\/klap.ro\/en\/wp-json\/wp\/v2\/types\/product"}],"replies":[{"embeddable":true,"href":"https:\/\/klap.ro\/en\/wp-json\/wp\/v2\/comments?post=85312"}],"wp:featuredmedia":[{"embeddable":true,"href":"https:\/\/klap.ro\/en\/wp-json\/wp\/v2\/media\/85314"}],"wp:attachment":[{"href":"https:\/\/klap.ro\/en\/wp-json\/wp\/v2\/media?parent=85312"}],"wp:term":[{"taxonomy":"recomandat-klap","embeddable":true,"href":"https:\/\/klap.ro\/en\/wp-json\/wp\/v2\/recomandat-klap?post=85312"},{"taxonomy":"product_brand","embeddable":true,"href":"https:\/\/klap.ro\/en\/wp-json\/wp\/v2\/product_brand?post=85312"},{"taxonomy":"product_cat","embeddable":true,"href":"https:\/\/klap.ro\/en\/wp-json\/wp\/v2\/product_cat?post=85312"},{"taxonomy":"product_tag","embeddable":true,"href":"https:\/\/klap.ro\/en\/wp-json\/wp\/v2\/product_tag?post=85312"}],"curies":[{"name":"wp","href":"https:\/\/api.w.org\/{rel}","templated":true}]}}