{"id":63164,"date":"2024-06-20T15:28:49","date_gmt":"2024-06-20T12:28:49","guid":{"rendered":"https:\/\/klap.ro\/?post_type=product&#038;p=63164"},"modified":"2026-02-20T21:58:14","modified_gmt":"2026-02-20T19:58:14","slug":"incarcator-wireless-samsung-duo-super-fast-max-15w-negru","status":"publish","type":"product","link":"https:\/\/klap.ro\/en\/product\/incarcator-wireless-samsung-duo-super-fast-max-15w-negru\/","title":{"rendered":"\u00cenc\u0103rc\u0103tor Wireless Samsung Duo, super fast (max 15W), Negru"},"content":{"rendered":"<p>\u00cenc\u0103rc\u0103torul wireless Samsung este un accesoriu potrivit pentru birou datorit\u0103 \u00eenc\u0103rc\u0103rii wireless \u201eFast Wireless Charger\u201d.<\/p>","protected":false},"excerpt":{"rendered":"<p>\u00cenc\u0103rc\u0103torul wireless Samsung este un accesoriu potrivit pentru birou datorit\u0103 \u00eenc\u0103rc\u0103rii wireless \u201eFast Wireless Charger\u201d.<\/p>","protected":false},"featured_media":63165,"comment_status":"open","ping_status":"closed","template":"","meta":{"_acf_changed":false},"recomandat-klap":[],"product_brand":[],"product_cat":[256,258,294,2580],"product_tag":[],"class_list":{"0":"post-63164","1":"product","2":"type-product","3":"status-publish","4":"has-post-thumbnail","6":"product_cat-accesorii","7":"product_cat-accesorii-samsung","8":"product_cat-kit-incarcator","9":"product_cat-ofertaklap","11":"first","12":"instock","13":"sale","14":"taxable","15":"shipping-taxable","16":"purchasable","17":"product-type-simple"},"acf":[],"yoast_head":"<!-- This site is optimized with the Yoast SEO plugin v25.4 - https:\/\/yoast.com\/wordpress\/plugins\/seo\/ -->\n<title>\u00cenc\u0103rc\u0103tor Wireless Samsung Duo, super fast (max 15W), Negru - Klap<\/title>\n<meta name=\"description\" content=\"Cumpara \u00cenc\u0103rc\u0103tor Wireless Samsung Duo, super fast (max 15W), Negru de la Klap! Platesti in rate, deschide coletul la livrare, garantie 12 luni, retur in 30 de zile.\" \/>\n<meta name=\"robots\" content=\"index, follow, max-snippet:-1, max-image-preview:large, max-video-preview:-1\" \/>\n<link rel=\"canonical\" href=\"https:\/\/klap.ro\/en\/product\/incarcator-wireless-samsung-duo-super-fast-max-15w-negru\/\" \/>\n<meta property=\"og:locale\" content=\"en_GB\" \/>\n<meta property=\"og:type\" content=\"article\" \/>\n<meta property=\"og:title\" content=\"\u00cenc\u0103rc\u0103tor Wireless Samsung Duo, super fast (max 15W), Negru - Klap\" \/>\n<meta property=\"og:description\" content=\"Cumpara \u00cenc\u0103rc\u0103tor Wireless Samsung Duo, super fast (max 15W), Negru de la Klap! Platesti in rate, deschide coletul la livrare, garantie 12 luni, retur in 30 de zile.\" \/>\n<meta property=\"og:url\" content=\"https:\/\/klap.ro\/en\/product\/incarcator-wireless-samsung-duo-super-fast-max-15w-negru\/\" \/>\n<meta property=\"og:site_name\" content=\"Klap\" \/>\n<meta property=\"article:publisher\" content=\"https:\/\/www.facebook.com\/klapromania\/\" \/>\n<meta property=\"article:modified_time\" content=\"2026-02-20T19:58:14+00:00\" \/>\n<meta property=\"og:image\" content=\"https:\/\/klap.ro\/wp-content\/uploads\/2024\/06\/incarcator_samsung_klap.png\" \/>\n\t<meta property=\"og:image:width\" content=\"622\" \/>\n\t<meta property=\"og:image:height\" content=\"401\" \/>\n\t<meta property=\"og:image:type\" content=\"image\/png\" \/>\n<script type=\"application\/ld+json\" class=\"yoast-schema-graph\">{\"@context\":\"https:\/\/schema.org\",\"@graph\":[{\"@type\":\"WebPage\",\"@id\":\"https:\/\/klap.ro\/produs\/incarcator-wireless-samsung-duo-super-fast-max-15w-negru\/\",\"url\":\"https:\/\/klap.ro\/produs\/incarcator-wireless-samsung-duo-super-fast-max-15w-negru\/\",\"name\":\"\u00cenc\u0103rc\u0103tor Wireless Samsung Duo, super fast (max 15W), Negru - Klap\",\"isPartOf\":{\"@id\":\"https:\/\/klap.ro\/#website\"},\"primaryImageOfPage\":{\"@id\":\"https:\/\/klap.ro\/produs\/incarcator-wireless-samsung-duo-super-fast-max-15w-negru\/#primaryimage\"},\"image\":{\"@id\":\"https:\/\/klap.ro\/produs\/incarcator-wireless-samsung-duo-super-fast-max-15w-negru\/#primaryimage\"},\"thumbnailUrl\":\"https:\/\/klap.ro\/wp-content\/uploads\/2024\/06\/incarcator_samsung_klap.png\",\"datePublished\":\"2024-06-20T12:28:49+00:00\",\"dateModified\":\"2026-02-20T19:58:14+00:00\",\"description\":\"Cumpara \u00cenc\u0103rc\u0103tor Wireless Samsung Duo, super fast (max 15W), Negru de la Klap! Platesti in rate, deschide coletul la livrare, garantie 12 luni, retur in 30 de zile.\",\"breadcrumb\":{\"@id\":\"https:\/\/klap.ro\/produs\/incarcator-wireless-samsung-duo-super-fast-max-15w-negru\/#breadcrumb\"},\"inLanguage\":\"en-GB\",\"potentialAction\":[{\"@type\":\"ReadAction\",\"target\":[\"https:\/\/klap.ro\/produs\/incarcator-wireless-samsung-duo-super-fast-max-15w-negru\/\"]}]},{\"@type\":\"ImageObject\",\"inLanguage\":\"en-GB\",\"@id\":\"https:\/\/klap.ro\/produs\/incarcator-wireless-samsung-duo-super-fast-max-15w-negru\/#primaryimage\",\"url\":\"https:\/\/klap.ro\/wp-content\/uploads\/2024\/06\/incarcator_samsung_klap.png\",\"contentUrl\":\"https:\/\/klap.ro\/wp-content\/uploads\/2024\/06\/incarcator_samsung_klap.png\",\"width\":622,\"height\":401,\"caption\":\"incarcator samsung klap\"},{\"@type\":\"BreadcrumbList\",\"@id\":\"https:\/\/klap.ro\/produs\/incarcator-wireless-samsung-duo-super-fast-max-15w-negru\/#breadcrumb\",\"itemListElement\":[{\"@type\":\"ListItem\",\"position\":1,\"name\":\"Acas\u0103\",\"item\":\"https:\/\/klap.ro\/\"},{\"@type\":\"ListItem\",\"position\":2,\"name\":\"Shop\",\"item\":\"https:\/\/klap.ro\/shop\/\"},{\"@type\":\"ListItem\",\"position\":3,\"name\":\"Accesorii\",\"item\":\"https:\/\/klap.ro\/shop\/accesorii\/\"},{\"@type\":\"ListItem\",\"position\":4,\"name\":\"\u00cenc\u0103rc\u0103tor Wireless Samsung Duo, super fast (max 15W), Negru\"}]},{\"@type\":\"WebSite\",\"@id\":\"https:\/\/klap.ro\/#website\",\"url\":\"https:\/\/klap.ro\/\",\"name\":\"Klap\",\"description\":\"\",\"publisher\":{\"@id\":\"https:\/\/klap.ro\/#organization\"},\"potentialAction\":[{\"@type\":\"SearchAction\",\"target\":{\"@type\":\"EntryPoint\",\"urlTemplate\":\"https:\/\/klap.ro\/?s={search_term_string}\"},\"query-input\":{\"@type\":\"PropertyValueSpecification\",\"valueRequired\":true,\"valueName\":\"search_term_string\"}}],\"inLanguage\":\"en-GB\"},{\"@type\":\"Organization\",\"@id\":\"https:\/\/klap.ro\/#organization\",\"name\":\"Klap\",\"url\":\"https:\/\/klap.ro\/\",\"logo\":{\"@type\":\"ImageObject\",\"inLanguage\":\"en-GB\",\"@id\":\"https:\/\/klap.ro\/#\/schema\/logo\/image\/\",\"url\":\"https:\/\/klap.ro\/wp-content\/uploads\/2022\/02\/klap-logo-google.png\",\"contentUrl\":\"https:\/\/klap.ro\/wp-content\/uploads\/2022\/02\/klap-logo-google.png\",\"width\":512,\"height\":512,\"caption\":\"Klap\"},\"image\":{\"@id\":\"https:\/\/klap.ro\/#\/schema\/logo\/image\/\"},\"sameAs\":[\"https:\/\/www.facebook.com\/klapromania\/\",\"https:\/\/www.instagram.com\/klap.ro\/\",\"https:\/\/www.youtube.com\/channel\/UC0w2XX6ZAscBZl3QHrLVezg\",\"https:\/\/ro.linkedin.com\/company\/klap-tech\"]}]}<\/script>\n<!-- \/ Yoast SEO plugin. -->","yoast_head_json":{"title":"\u00cenc\u0103rc\u0103tor Wireless Samsung Duo, super fast (max 15W), Negru - Klap","description":"Cumpara \u00cenc\u0103rc\u0103tor Wireless Samsung Duo, super fast (max 15W), Negru de la Klap! Platesti in rate, deschide coletul la livrare, garantie 12 luni, retur in 30 de zile.","robots":{"index":"index","follow":"follow","max-snippet":"max-snippet:-1","max-image-preview":"max-image-preview:large","max-video-preview":"max-video-preview:-1"},"canonical":"https:\/\/klap.ro\/en\/product\/incarcator-wireless-samsung-duo-super-fast-max-15w-negru\/","og_locale":"en_GB","og_type":"article","og_title":"\u00cenc\u0103rc\u0103tor Wireless Samsung Duo, super fast (max 15W), Negru - Klap","og_description":"Cumpara \u00cenc\u0103rc\u0103tor Wireless Samsung Duo, super fast (max 15W), Negru de la Klap! Platesti in rate, deschide coletul la livrare, garantie 12 luni, retur in 30 de zile.","og_url":"https:\/\/klap.ro\/en\/product\/incarcator-wireless-samsung-duo-super-fast-max-15w-negru\/","og_site_name":"Klap","article_publisher":"https:\/\/www.facebook.com\/klapromania\/","article_modified_time":"2026-02-20T19:58:14+00:00","og_image":[{"width":622,"height":401,"url":"https:\/\/klap.ro\/wp-content\/uploads\/2024\/06\/incarcator_samsung_klap.png","type":"image\/png"}],"schema":{"@context":"https:\/\/schema.org","@graph":[{"@type":"WebPage","@id":"https:\/\/klap.ro\/produs\/incarcator-wireless-samsung-duo-super-fast-max-15w-negru\/","url":"https:\/\/klap.ro\/produs\/incarcator-wireless-samsung-duo-super-fast-max-15w-negru\/","name":"\u00cenc\u0103rc\u0103tor Wireless Samsung Duo, super fast (max 15W), Negru - Klap","isPartOf":{"@id":"https:\/\/klap.ro\/#website"},"primaryImageOfPage":{"@id":"https:\/\/klap.ro\/produs\/incarcator-wireless-samsung-duo-super-fast-max-15w-negru\/#primaryimage"},"image":{"@id":"https:\/\/klap.ro\/produs\/incarcator-wireless-samsung-duo-super-fast-max-15w-negru\/#primaryimage"},"thumbnailUrl":"https:\/\/klap.ro\/wp-content\/uploads\/2024\/06\/incarcator_samsung_klap.png","datePublished":"2024-06-20T12:28:49+00:00","dateModified":"2026-02-20T19:58:14+00:00","description":"Cumpara \u00cenc\u0103rc\u0103tor Wireless Samsung Duo, super fast (max 15W), Negru de la Klap! Platesti in rate, deschide coletul la livrare, garantie 12 luni, retur in 30 de zile.","breadcrumb":{"@id":"https:\/\/klap.ro\/produs\/incarcator-wireless-samsung-duo-super-fast-max-15w-negru\/#breadcrumb"},"inLanguage":"en-GB","potentialAction":[{"@type":"ReadAction","target":["https:\/\/klap.ro\/produs\/incarcator-wireless-samsung-duo-super-fast-max-15w-negru\/"]}]},{"@type":"ImageObject","inLanguage":"en-GB","@id":"https:\/\/klap.ro\/produs\/incarcator-wireless-samsung-duo-super-fast-max-15w-negru\/#primaryimage","url":"https:\/\/klap.ro\/wp-content\/uploads\/2024\/06\/incarcator_samsung_klap.png","contentUrl":"https:\/\/klap.ro\/wp-content\/uploads\/2024\/06\/incarcator_samsung_klap.png","width":622,"height":401,"caption":"incarcator samsung klap"},{"@type":"BreadcrumbList","@id":"https:\/\/klap.ro\/produs\/incarcator-wireless-samsung-duo-super-fast-max-15w-negru\/#breadcrumb","itemListElement":[{"@type":"ListItem","position":1,"name":"Acas\u0103","item":"https:\/\/klap.ro\/"},{"@type":"ListItem","position":2,"name":"Shop","item":"https:\/\/klap.ro\/shop\/"},{"@type":"ListItem","position":3,"name":"Accesorii","item":"https:\/\/klap.ro\/shop\/accesorii\/"},{"@type":"ListItem","position":4,"name":"\u00cenc\u0103rc\u0103tor Wireless Samsung Duo, super fast (max 15W), Negru"}]},{"@type":"WebSite","@id":"https:\/\/klap.ro\/#website","url":"https:\/\/klap.ro\/","name":"Klap","description":"","publisher":{"@id":"https:\/\/klap.ro\/#organization"},"potentialAction":[{"@type":"SearchAction","target":{"@type":"EntryPoint","urlTemplate":"https:\/\/klap.ro\/?s={search_term_string}"},"query-input":{"@type":"PropertyValueSpecification","valueRequired":true,"valueName":"search_term_string"}}],"inLanguage":"en-GB"},{"@type":"Organization","@id":"https:\/\/klap.ro\/#organization","name":"Klap","url":"https:\/\/klap.ro\/","logo":{"@type":"ImageObject","inLanguage":"en-GB","@id":"https:\/\/klap.ro\/#\/schema\/logo\/image\/","url":"https:\/\/klap.ro\/wp-content\/uploads\/2022\/02\/klap-logo-google.png","contentUrl":"https:\/\/klap.ro\/wp-content\/uploads\/2022\/02\/klap-logo-google.png","width":512,"height":512,"caption":"Klap"},"image":{"@id":"https:\/\/klap.ro\/#\/schema\/logo\/image\/"},"sameAs":["https:\/\/www.facebook.com\/klapromania\/","https:\/\/www.instagram.com\/klap.ro\/","https:\/\/www.youtube.com\/channel\/UC0w2XX6ZAscBZl3QHrLVezg","https:\/\/ro.linkedin.com\/company\/klap-tech"]}]}},"_links":{"self":[{"href":"https:\/\/klap.ro\/en\/wp-json\/wp\/v2\/product\/63164","targetHints":{"allow":["GET"]}}],"collection":[{"href":"https:\/\/klap.ro\/en\/wp-json\/wp\/v2\/product"}],"about":[{"href":"https:\/\/klap.ro\/en\/wp-json\/wp\/v2\/types\/product"}],"replies":[{"embeddable":true,"href":"https:\/\/klap.ro\/en\/wp-json\/wp\/v2\/comments?post=63164"}],"wp:featuredmedia":[{"embeddable":true,"href":"https:\/\/klap.ro\/en\/wp-json\/wp\/v2\/media\/63165"}],"wp:attachment":[{"href":"https:\/\/klap.ro\/en\/wp-json\/wp\/v2\/media?parent=63164"}],"wp:term":[{"taxonomy":"recomandat-klap","embeddable":true,"href":"https:\/\/klap.ro\/en\/wp-json\/wp\/v2\/recomandat-klap?post=63164"},{"taxonomy":"product_brand","embeddable":true,"href":"https:\/\/klap.ro\/en\/wp-json\/wp\/v2\/product_brand?post=63164"},{"taxonomy":"product_cat","embeddable":true,"href":"https:\/\/klap.ro\/en\/wp-json\/wp\/v2\/product_cat?post=63164"},{"taxonomy":"product_tag","embeddable":true,"href":"https:\/\/klap.ro\/en\/wp-json\/wp\/v2\/product_tag?post=63164"}],"curies":[{"name":"wp","href":"https:\/\/api.w.org\/{rel}","templated":true}]}}