{"id":61692,"date":"2024-05-28T22:04:31","date_gmt":"2024-05-28T19:04:31","guid":{"rendered":"https:\/\/klap.ro\/?post_type=product&#038;p=61692"},"modified":"2026-04-20T20:17:17","modified_gmt":"2026-04-20T17:17:17","slug":"telefon-mobil-samsung-galaxy-s24-plus-5g-256gb-dual-sim-onyx-black","status":"publish","type":"product","link":"https:\/\/klap.ro\/produs\/telefon-mobil-samsung-galaxy-s24-plus-5g-256gb-dual-sim-onyx-black\/","title":{"rendered":"Telefon mobil Samsung Galaxy S24 Plus 5G 256GB Dual SIM, Onyx Black"},"content":{"rendered":"<p>Toate telefoanele Samsung sunt complet verificate, certificate \u0219i recondi\u021bionate de echipa noastr\u0103. Cumperi smart, economise\u0219ti pe loc, investe\u0219ti \u00eentr-un gadget perfect func\u021bional \u0219i e\u0219ti eco-friendly. Telefoanele vin \u00eenso\u021bite gratuit de accesorii noi de \u00eenc\u0103rcare compatibile de \u00eenalt\u0103 calitate \u0219i sunt garantate timp de 24 luni. Pentru a evita orice risip\u0103 inutil\u0103, dac\u0103 de\u021bii deja un \u00eenc\u0103rcator \u0219i consideri c\u0103 nu mai ai nevoie de \u00eenc\u0103 unul, ne po\u021bi anun\u021ba.<\/p>\n","protected":false},"excerpt":{"rendered":"<p>Toate telefoanele Samsung sunt complet verificate, certificate \u0219i recondi\u021bionate de echipa noastr\u0103. Cumperi smart, economise\u0219ti pe loc, investe\u0219ti \u00eentr-un gadget perfect func\u021bional \u0219i e\u0219ti eco-friendly. Telefoanele vin \u00eenso\u021bite gratuit de accesorii noi de \u00eenc\u0103rcare compatibile de \u00eenalt\u0103 calitate \u0219i sunt garantate timp de 24 luni. Pentru a evita orice risip\u0103 inutil\u0103, dac\u0103 de\u021bii deja un [&hellip;]<\/p>\n","protected":false},"featured_media":109893,"comment_status":"open","ping_status":"closed","template":"","meta":{"_acf_changed":false},"recomandat-klap":[],"product_brand":[],"product_cat":[4408,4712,2580,3255,4826,47],"product_tag":[3256],"class_list":{"0":"post-61692","1":"product","2":"type-product","3":"status-publish","4":"has-post-thumbnail","6":"product_cat-luna-iubirii","7":"product_cat-mai-sale","8":"product_cat-ofertaklap","9":"product_cat-samsung-galaxy-s24-plus-5g","10":"product_cat-telefoane","11":"product_cat-telefoane-samsung","12":"product_tag-samsunggalaxys24plus5g","13":"pa_model-samsung-galaxy-s24-plus-5g","15":"first","16":"outofstock","17":"sold-individually","18":"taxable","19":"shipping-taxable","20":"product-type-variable","21":"has-default-attributes"},"acf":[],"yoast_head":"<!-- This site is optimized with the Yoast SEO plugin v25.4 - https:\/\/yoast.com\/wordpress\/plugins\/seo\/ -->\n<title>Telefon mobil Samsung Galaxy S24 Plus 5G 256GB Dual SIM, Onyx Black - Klap<\/title>\n<meta name=\"description\" content=\"Cumpara Telefon mobil Samsung Galaxy S24 Plus 5G 256GB Dual SIM, Onyx Black de la Klap! Platesti in rate, deschide coletul la livrare, garantie 12 luni, retur in 30 de zile.\" \/>\n<meta name=\"robots\" content=\"index, follow, max-snippet:-1, max-image-preview:large, max-video-preview:-1\" \/>\n<link rel=\"canonical\" href=\"https:\/\/klap.ro\/en\/produs\/telefon-mobil-samsung-galaxy-s24-plus-5g-256gb-dual-sim-onyx-black\/\" \/>\n<meta property=\"og:locale\" content=\"en_US\" \/>\n<meta property=\"og:type\" content=\"article\" \/>\n<meta property=\"og:title\" content=\"Telefon mobil Samsung Galaxy S24 Plus 5G 256GB Dual SIM, Onyx Black - Klap\" \/>\n<meta property=\"og:description\" content=\"Cumpara Telefon mobil Samsung Galaxy S24 Plus 5G 256GB Dual SIM, Onyx Black de la Klap! Platesti in rate, deschide coletul la livrare, garantie 12 luni, retur in 30 de zile.\" \/>\n<meta property=\"og:url\" content=\"https:\/\/klap.ro\/produs\/telefon-mobil-samsung-galaxy-s24-plus-5g-256gb-dual-sim-onyx-black\/\" \/>\n<meta property=\"og:site_name\" content=\"Klap\" \/>\n<meta property=\"article:publisher\" content=\"https:\/\/www.facebook.com\/klapromania\/\" \/>\n<meta property=\"article:modified_time\" content=\"2026-04-20T17:17:17+00:00\" \/>\n<meta property=\"og:image\" content=\"https:\/\/klap.ro\/wp-content\/uploads\/2024\/05\/samsung_galaxy_s24-plus_onyx-black_klap.webp\" \/>\n\t<meta property=\"og:image:width\" content=\"1000\" \/>\n\t<meta property=\"og:image:height\" content=\"1000\" \/>\n\t<meta property=\"og:image:type\" content=\"image\/webp\" \/>\n<script type=\"application\/ld+json\" class=\"yoast-schema-graph\">{\"@context\":\"https:\/\/schema.org\",\"@graph\":[{\"@type\":\"WebPage\",\"@id\":\"https:\/\/klap.ro\/produs\/telefon-mobil-samsung-galaxy-s24-plus-5g-256gb-dual-sim-onyx-black\/\",\"url\":\"https:\/\/klap.ro\/produs\/telefon-mobil-samsung-galaxy-s24-plus-5g-256gb-dual-sim-onyx-black\/\",\"name\":\"Telefon mobil Samsung Galaxy S24 Plus 5G 256GB Dual SIM, Onyx Black - Klap\",\"isPartOf\":{\"@id\":\"https:\/\/klap.ro\/en\/#website\"},\"primaryImageOfPage\":{\"@id\":\"https:\/\/klap.ro\/produs\/telefon-mobil-samsung-galaxy-s24-plus-5g-256gb-dual-sim-onyx-black\/#primaryimage\"},\"image\":{\"@id\":\"https:\/\/klap.ro\/produs\/telefon-mobil-samsung-galaxy-s24-plus-5g-256gb-dual-sim-onyx-black\/#primaryimage\"},\"thumbnailUrl\":\"https:\/\/klap.ro\/wp-content\/uploads\/2024\/05\/samsung_galaxy_s24-plus_onyx-black_klap.webp\",\"datePublished\":\"2024-05-28T19:04:31+00:00\",\"dateModified\":\"2026-04-20T17:17:17+00:00\",\"description\":\"Cumpara Telefon mobil Samsung Galaxy S24 Plus 5G 256GB Dual SIM, Onyx Black de la Klap! Platesti in rate, deschide coletul la livrare, garantie 12 luni, retur in 30 de zile.\",\"breadcrumb\":{\"@id\":\"https:\/\/klap.ro\/produs\/telefon-mobil-samsung-galaxy-s24-plus-5g-256gb-dual-sim-onyx-black\/#breadcrumb\"},\"inLanguage\":\"en-US\",\"potentialAction\":[{\"@type\":\"ReadAction\",\"target\":[\"https:\/\/klap.ro\/produs\/telefon-mobil-samsung-galaxy-s24-plus-5g-256gb-dual-sim-onyx-black\/\"]}]},{\"@type\":\"ImageObject\",\"inLanguage\":\"en-US\",\"@id\":\"https:\/\/klap.ro\/produs\/telefon-mobil-samsung-galaxy-s24-plus-5g-256gb-dual-sim-onyx-black\/#primaryimage\",\"url\":\"https:\/\/klap.ro\/wp-content\/uploads\/2024\/05\/samsung_galaxy_s24-plus_onyx-black_klap.webp\",\"contentUrl\":\"https:\/\/klap.ro\/wp-content\/uploads\/2024\/05\/samsung_galaxy_s24-plus_onyx-black_klap.webp\",\"width\":1000,\"height\":1000,\"caption\":\"samsung galaxy s plus onyx black klap\"},{\"@type\":\"BreadcrumbList\",\"@id\":\"https:\/\/klap.ro\/produs\/telefon-mobil-samsung-galaxy-s24-plus-5g-256gb-dual-sim-onyx-black\/#breadcrumb\",\"itemListElement\":[{\"@type\":\"ListItem\",\"position\":1,\"name\":\"Acas\u0103\",\"item\":\"https:\/\/klap.ro\/en\/\"},{\"@type\":\"ListItem\",\"position\":2,\"name\":\"Shop\",\"item\":\"https:\/\/klap.ro\/en\/shop\/\"},{\"@type\":\"ListItem\",\"position\":3,\"name\":\"Smartphones\",\"item\":\"https:\/\/klap.ro\/en\/shop\/smartphones\/\"},{\"@type\":\"ListItem\",\"position\":4,\"name\":\"Telefon mobil Samsung Galaxy S24 Plus 5G 256GB Dual SIM, Onyx Black\"}]},{\"@type\":\"WebSite\",\"@id\":\"https:\/\/klap.ro\/en\/#website\",\"url\":\"https:\/\/klap.ro\/en\/\",\"name\":\"Klap\",\"description\":\"\",\"publisher\":{\"@id\":\"https:\/\/klap.ro\/en\/#organization\"},\"potentialAction\":[{\"@type\":\"SearchAction\",\"target\":{\"@type\":\"EntryPoint\",\"urlTemplate\":\"https:\/\/klap.ro\/en\/?s={search_term_string}\"},\"query-input\":{\"@type\":\"PropertyValueSpecification\",\"valueRequired\":true,\"valueName\":\"search_term_string\"}}],\"inLanguage\":\"en-US\"},{\"@type\":\"Organization\",\"@id\":\"https:\/\/klap.ro\/en\/#organization\",\"name\":\"Klap\",\"url\":\"https:\/\/klap.ro\/en\/\",\"logo\":{\"@type\":\"ImageObject\",\"inLanguage\":\"en-US\",\"@id\":\"https:\/\/klap.ro\/en\/#\/schema\/logo\/image\/\",\"url\":\"https:\/\/klap.ro\/wp-content\/uploads\/2022\/02\/klap-logo-google.png\",\"contentUrl\":\"https:\/\/klap.ro\/wp-content\/uploads\/2022\/02\/klap-logo-google.png\",\"width\":512,\"height\":512,\"caption\":\"Klap\"},\"image\":{\"@id\":\"https:\/\/klap.ro\/en\/#\/schema\/logo\/image\/\"},\"sameAs\":[\"https:\/\/www.facebook.com\/klapromania\/\",\"https:\/\/www.instagram.com\/klap.ro\/\",\"https:\/\/www.youtube.com\/channel\/UC0w2XX6ZAscBZl3QHrLVezg\",\"https:\/\/ro.linkedin.com\/company\/klap-tech\"]}]}<\/script>\n<!-- \/ Yoast SEO plugin. -->","yoast_head_json":{"title":"Telefon mobil Samsung Galaxy S24 Plus 5G 256GB Dual SIM, Onyx Black - Klap","description":"Cumpara Telefon mobil Samsung Galaxy S24 Plus 5G 256GB Dual SIM, Onyx Black de la Klap! Platesti in rate, deschide coletul la livrare, garantie 12 luni, retur in 30 de zile.","robots":{"index":"index","follow":"follow","max-snippet":"max-snippet:-1","max-image-preview":"max-image-preview:large","max-video-preview":"max-video-preview:-1"},"canonical":"https:\/\/klap.ro\/en\/produs\/telefon-mobil-samsung-galaxy-s24-plus-5g-256gb-dual-sim-onyx-black\/","og_locale":"en_US","og_type":"article","og_title":"Telefon mobil Samsung Galaxy S24 Plus 5G 256GB Dual SIM, Onyx Black - Klap","og_description":"Cumpara Telefon mobil Samsung Galaxy S24 Plus 5G 256GB Dual SIM, Onyx Black de la Klap! Platesti in rate, deschide coletul la livrare, garantie 12 luni, retur in 30 de zile.","og_url":"https:\/\/klap.ro\/produs\/telefon-mobil-samsung-galaxy-s24-plus-5g-256gb-dual-sim-onyx-black\/","og_site_name":"Klap","article_publisher":"https:\/\/www.facebook.com\/klapromania\/","article_modified_time":"2026-04-20T17:17:17+00:00","og_image":[{"width":1000,"height":1000,"url":"https:\/\/klap.ro\/wp-content\/uploads\/2024\/05\/samsung_galaxy_s24-plus_onyx-black_klap.webp","type":"image\/webp"}],"schema":{"@context":"https:\/\/schema.org","@graph":[{"@type":"WebPage","@id":"https:\/\/klap.ro\/produs\/telefon-mobil-samsung-galaxy-s24-plus-5g-256gb-dual-sim-onyx-black\/","url":"https:\/\/klap.ro\/produs\/telefon-mobil-samsung-galaxy-s24-plus-5g-256gb-dual-sim-onyx-black\/","name":"Telefon mobil Samsung Galaxy S24 Plus 5G 256GB Dual SIM, Onyx Black - Klap","isPartOf":{"@id":"https:\/\/klap.ro\/en\/#website"},"primaryImageOfPage":{"@id":"https:\/\/klap.ro\/produs\/telefon-mobil-samsung-galaxy-s24-plus-5g-256gb-dual-sim-onyx-black\/#primaryimage"},"image":{"@id":"https:\/\/klap.ro\/produs\/telefon-mobil-samsung-galaxy-s24-plus-5g-256gb-dual-sim-onyx-black\/#primaryimage"},"thumbnailUrl":"https:\/\/klap.ro\/wp-content\/uploads\/2024\/05\/samsung_galaxy_s24-plus_onyx-black_klap.webp","datePublished":"2024-05-28T19:04:31+00:00","dateModified":"2026-04-20T17:17:17+00:00","description":"Cumpara Telefon mobil Samsung Galaxy S24 Plus 5G 256GB Dual SIM, Onyx Black de la Klap! Platesti in rate, deschide coletul la livrare, garantie 12 luni, retur in 30 de zile.","breadcrumb":{"@id":"https:\/\/klap.ro\/produs\/telefon-mobil-samsung-galaxy-s24-plus-5g-256gb-dual-sim-onyx-black\/#breadcrumb"},"inLanguage":"en-US","potentialAction":[{"@type":"ReadAction","target":["https:\/\/klap.ro\/produs\/telefon-mobil-samsung-galaxy-s24-plus-5g-256gb-dual-sim-onyx-black\/"]}]},{"@type":"ImageObject","inLanguage":"en-US","@id":"https:\/\/klap.ro\/produs\/telefon-mobil-samsung-galaxy-s24-plus-5g-256gb-dual-sim-onyx-black\/#primaryimage","url":"https:\/\/klap.ro\/wp-content\/uploads\/2024\/05\/samsung_galaxy_s24-plus_onyx-black_klap.webp","contentUrl":"https:\/\/klap.ro\/wp-content\/uploads\/2024\/05\/samsung_galaxy_s24-plus_onyx-black_klap.webp","width":1000,"height":1000,"caption":"samsung galaxy s plus onyx black klap"},{"@type":"BreadcrumbList","@id":"https:\/\/klap.ro\/produs\/telefon-mobil-samsung-galaxy-s24-plus-5g-256gb-dual-sim-onyx-black\/#breadcrumb","itemListElement":[{"@type":"ListItem","position":1,"name":"Acas\u0103","item":"https:\/\/klap.ro\/en\/"},{"@type":"ListItem","position":2,"name":"Shop","item":"https:\/\/klap.ro\/en\/shop\/"},{"@type":"ListItem","position":3,"name":"Smartphones","item":"https:\/\/klap.ro\/en\/shop\/smartphones\/"},{"@type":"ListItem","position":4,"name":"Telefon mobil Samsung Galaxy S24 Plus 5G 256GB Dual SIM, Onyx Black"}]},{"@type":"WebSite","@id":"https:\/\/klap.ro\/en\/#website","url":"https:\/\/klap.ro\/en\/","name":"Klap","description":"","publisher":{"@id":"https:\/\/klap.ro\/en\/#organization"},"potentialAction":[{"@type":"SearchAction","target":{"@type":"EntryPoint","urlTemplate":"https:\/\/klap.ro\/en\/?s={search_term_string}"},"query-input":{"@type":"PropertyValueSpecification","valueRequired":true,"valueName":"search_term_string"}}],"inLanguage":"en-US"},{"@type":"Organization","@id":"https:\/\/klap.ro\/en\/#organization","name":"Klap","url":"https:\/\/klap.ro\/en\/","logo":{"@type":"ImageObject","inLanguage":"en-US","@id":"https:\/\/klap.ro\/en\/#\/schema\/logo\/image\/","url":"https:\/\/klap.ro\/wp-content\/uploads\/2022\/02\/klap-logo-google.png","contentUrl":"https:\/\/klap.ro\/wp-content\/uploads\/2022\/02\/klap-logo-google.png","width":512,"height":512,"caption":"Klap"},"image":{"@id":"https:\/\/klap.ro\/en\/#\/schema\/logo\/image\/"},"sameAs":["https:\/\/www.facebook.com\/klapromania\/","https:\/\/www.instagram.com\/klap.ro\/","https:\/\/www.youtube.com\/channel\/UC0w2XX6ZAscBZl3QHrLVezg","https:\/\/ro.linkedin.com\/company\/klap-tech"]}]}},"_links":{"self":[{"href":"https:\/\/klap.ro\/en\/wp-json\/wp\/v2\/product\/61692","targetHints":{"allow":["GET"]}}],"collection":[{"href":"https:\/\/klap.ro\/en\/wp-json\/wp\/v2\/product"}],"about":[{"href":"https:\/\/klap.ro\/en\/wp-json\/wp\/v2\/types\/product"}],"replies":[{"embeddable":true,"href":"https:\/\/klap.ro\/en\/wp-json\/wp\/v2\/comments?post=61692"}],"wp:featuredmedia":[{"embeddable":true,"href":"https:\/\/klap.ro\/en\/wp-json\/wp\/v2\/media\/109893"}],"wp:attachment":[{"href":"https:\/\/klap.ro\/en\/wp-json\/wp\/v2\/media?parent=61692"}],"wp:term":[{"taxonomy":"recomandat-klap","embeddable":true,"href":"https:\/\/klap.ro\/en\/wp-json\/wp\/v2\/recomandat-klap?post=61692"},{"taxonomy":"product_brand","embeddable":true,"href":"https:\/\/klap.ro\/en\/wp-json\/wp\/v2\/product_brand?post=61692"},{"taxonomy":"product_cat","embeddable":true,"href":"https:\/\/klap.ro\/en\/wp-json\/wp\/v2\/product_cat?post=61692"},{"taxonomy":"product_tag","embeddable":true,"href":"https:\/\/klap.ro\/en\/wp-json\/wp\/v2\/product_tag?post=61692"}],"curies":[{"name":"wp","href":"https:\/\/api.w.org\/{rel}","templated":true}]}}