{"id":2753,"date":"2022-04-12T17:31:38","date_gmt":"2022-04-12T14:31:38","guid":{"rendered":"https:\/\/klap.romodel\/huawei-p40-pro-256gb-black\/"},"modified":"2025-07-24T14:04:46","modified_gmt":"2025-07-24T11:04:46","slug":"huawei-p40-pro-256gb-black","status":"publish","type":"product","link":"https:\/\/klap.ro\/en\/product\/huawei-p40-pro-256gb-black\/","title":{"rendered":"Telefon\u00a0mobil Huawei P40 Pro 256GB Dual SIM, Black"},"content":{"rendered":"<p>All phones are thoroughly verified, certified, and reconditioned by our team. You buy smart, save instantly, invest in a perfectly functional gadget and make an eco-friendly choice. The phones come with complimentary, high-quality, compatible charging accessories and are backed by a 24-month warranty. To avoid any unnecessary waste, if you already have a charger and feel that you don't need an extra one, you can inform us.<\/p>","protected":false},"excerpt":{"rendered":"<p>Toate telefoanele Huawei sunt complet verificate, certificate \u0219i recondi\u021bionate de echipa noastr\u0103. Cumperi smart, economise\u0219ti pe loc, investe\u0219ti \u00eentr-un gadget perfect func\u021bional \u0219i e\u0219ti eco-friendly. Telefoanele vin \u00eenso\u021bite gratuit de accesorii noi de \u00eenc\u0103rcare compatibile de \u00eenalt\u0103 calitate \u0219i sunt garantate timp de 24 luni. Pentru a evita orice risip\u0103 inutil\u0103, dac\u0103 de\u021bii deja un [&hellip;]<\/p>","protected":false},"featured_media":12819,"comment_status":"open","ping_status":"closed","template":"","meta":{"_acf_changed":false},"recomandat-klap":[],"product_brand":[],"product_cat":[1047,2580,343,131],"product_tag":[147],"class_list":{"0":"post-2753","1":"product","2":"type-product","3":"status-publish","4":"has-post-thumbnail","6":"product_cat-huawei-p40-pro","7":"product_cat-ofertaklap","8":"product_cat-telefoane","9":"product_cat-telefoane-huawei","10":"product_tag-huaweiyp40pro","11":"pa_model-p40-pro","13":"first","14":"outofstock","15":"sold-individually","16":"taxable","17":"shipping-taxable","18":"product-type-variable","19":"has-default-attributes"},"acf":[],"yoast_head":"<!-- This site is optimized with the Yoast SEO plugin v25.4 - https:\/\/yoast.com\/wordpress\/plugins\/seo\/ -->\n<title>Telefon\u00a0mobil Huawei P40 Pro 256GB Dual SIM, Black - Klap<\/title>\n<meta name=\"description\" content=\"Cumpara Telefon\u00a0mobil Huawei P40 Pro 256GB Dual SIM, Black de la Klap! Platesti in rate, deschide coletul la livrare, garantie 12 luni, retur in 30 de zile.\" \/>\n<meta name=\"robots\" content=\"index, follow, max-snippet:-1, max-image-preview:large, max-video-preview:-1\" \/>\n<link rel=\"canonical\" href=\"https:\/\/klap.ro\/en\/product\/huawei-p40-pro-256gb-black\/\" \/>\n<meta property=\"og:locale\" content=\"en_GB\" \/>\n<meta property=\"og:type\" content=\"article\" \/>\n<meta property=\"og:title\" content=\"Telefon\u00a0mobil Huawei P40 Pro 256GB Dual SIM, Black - Klap\" \/>\n<meta property=\"og:description\" content=\"Cumpara Telefon\u00a0mobil Huawei P40 Pro 256GB Dual SIM, Black de la Klap! Platesti in rate, deschide coletul la livrare, garantie 12 luni, retur in 30 de zile.\" \/>\n<meta property=\"og:url\" content=\"https:\/\/klap.ro\/en\/product\/huawei-p40-pro-256gb-black\/\" \/>\n<meta property=\"og:site_name\" content=\"Klap\" \/>\n<meta property=\"article:publisher\" content=\"https:\/\/www.facebook.com\/klapromania\/\" \/>\n<meta property=\"article:modified_time\" content=\"2025-07-24T11:04:46+00:00\" \/>\n<meta property=\"og:image\" content=\"https:\/\/klap.ro\/wp-content\/uploads\/2022\/04\/Huawei-P40-Pro-Black-klap.ro_.png\" \/>\n\t<meta property=\"og:image:width\" content=\"1000\" \/>\n\t<meta property=\"og:image:height\" content=\"1000\" \/>\n\t<meta property=\"og:image:type\" content=\"image\/png\" \/>\n<script type=\"application\/ld+json\" class=\"yoast-schema-graph\">{\"@context\":\"https:\/\/schema.org\",\"@graph\":[{\"@type\":\"WebPage\",\"@id\":\"https:\/\/klap.ro\/produs\/huawei-p40-pro-256gb-black\/\",\"url\":\"https:\/\/klap.ro\/produs\/huawei-p40-pro-256gb-black\/\",\"name\":\"Telefon\u00a0mobil Huawei P40 Pro 256GB Dual SIM, Black - Klap\",\"isPartOf\":{\"@id\":\"https:\/\/klap.ro\/#website\"},\"primaryImageOfPage\":{\"@id\":\"https:\/\/klap.ro\/produs\/huawei-p40-pro-256gb-black\/#primaryimage\"},\"image\":{\"@id\":\"https:\/\/klap.ro\/produs\/huawei-p40-pro-256gb-black\/#primaryimage\"},\"thumbnailUrl\":\"https:\/\/klap.ro\/wp-content\/uploads\/2022\/04\/Huawei-P40-Pro-Black-klap.ro_.png\",\"datePublished\":\"2022-04-12T14:31:38+00:00\",\"dateModified\":\"2025-07-24T11:04:46+00:00\",\"description\":\"Cumpara Telefon\u00a0mobil Huawei P40 Pro 256GB Dual SIM, Black de la Klap! Platesti in rate, deschide coletul la livrare, garantie 12 luni, retur in 30 de zile.\",\"breadcrumb\":{\"@id\":\"https:\/\/klap.ro\/produs\/huawei-p40-pro-256gb-black\/#breadcrumb\"},\"inLanguage\":\"en-GB\",\"potentialAction\":[{\"@type\":\"ReadAction\",\"target\":[\"https:\/\/klap.ro\/produs\/huawei-p40-pro-256gb-black\/\"]}]},{\"@type\":\"ImageObject\",\"inLanguage\":\"en-GB\",\"@id\":\"https:\/\/klap.ro\/produs\/huawei-p40-pro-256gb-black\/#primaryimage\",\"url\":\"https:\/\/klap.ro\/wp-content\/uploads\/2022\/04\/Huawei-P40-Pro-Black-klap.ro_.png\",\"contentUrl\":\"https:\/\/klap.ro\/wp-content\/uploads\/2022\/04\/Huawei-P40-Pro-Black-klap.ro_.png\",\"width\":1000,\"height\":1000,\"caption\":\"Huawei P Pro Black klap ro\"},{\"@type\":\"BreadcrumbList\",\"@id\":\"https:\/\/klap.ro\/produs\/huawei-p40-pro-256gb-black\/#breadcrumb\",\"itemListElement\":[{\"@type\":\"ListItem\",\"position\":1,\"name\":\"Acas\u0103\",\"item\":\"https:\/\/klap.ro\/\"},{\"@type\":\"ListItem\",\"position\":2,\"name\":\"Shop\",\"item\":\"https:\/\/klap.ro\/shop\/\"},{\"@type\":\"ListItem\",\"position\":3,\"name\":\"Telefoane\",\"item\":\"https:\/\/klap.ro\/shop\/telefoane\/\"},{\"@type\":\"ListItem\",\"position\":4,\"name\":\"Telefon\u00a0mobil Huawei P40 Pro 256GB Dual SIM, Black\"}]},{\"@type\":\"WebSite\",\"@id\":\"https:\/\/klap.ro\/#website\",\"url\":\"https:\/\/klap.ro\/\",\"name\":\"Klap\",\"description\":\"\",\"publisher\":{\"@id\":\"https:\/\/klap.ro\/#organization\"},\"potentialAction\":[{\"@type\":\"SearchAction\",\"target\":{\"@type\":\"EntryPoint\",\"urlTemplate\":\"https:\/\/klap.ro\/?s={search_term_string}\"},\"query-input\":{\"@type\":\"PropertyValueSpecification\",\"valueRequired\":true,\"valueName\":\"search_term_string\"}}],\"inLanguage\":\"en-GB\"},{\"@type\":\"Organization\",\"@id\":\"https:\/\/klap.ro\/#organization\",\"name\":\"Klap\",\"url\":\"https:\/\/klap.ro\/\",\"logo\":{\"@type\":\"ImageObject\",\"inLanguage\":\"en-GB\",\"@id\":\"https:\/\/klap.ro\/#\/schema\/logo\/image\/\",\"url\":\"https:\/\/klap.ro\/wp-content\/uploads\/2022\/02\/klap-logo-google.png\",\"contentUrl\":\"https:\/\/klap.ro\/wp-content\/uploads\/2022\/02\/klap-logo-google.png\",\"width\":512,\"height\":512,\"caption\":\"Klap\"},\"image\":{\"@id\":\"https:\/\/klap.ro\/#\/schema\/logo\/image\/\"},\"sameAs\":[\"https:\/\/www.facebook.com\/klapromania\/\",\"https:\/\/www.instagram.com\/klap.ro\/\",\"https:\/\/www.youtube.com\/channel\/UC0w2XX6ZAscBZl3QHrLVezg\",\"https:\/\/ro.linkedin.com\/company\/klap-tech\"]}]}<\/script>\n<!-- \/ Yoast SEO plugin. -->","yoast_head_json":{"title":"Telefon\u00a0mobil Huawei P40 Pro 256GB Dual SIM, Black - Klap","description":"Cumpara Telefon\u00a0mobil Huawei P40 Pro 256GB Dual SIM, Black de la Klap! Platesti in rate, deschide coletul la livrare, garantie 12 luni, retur in 30 de zile.","robots":{"index":"index","follow":"follow","max-snippet":"max-snippet:-1","max-image-preview":"max-image-preview:large","max-video-preview":"max-video-preview:-1"},"canonical":"https:\/\/klap.ro\/en\/product\/huawei-p40-pro-256gb-black\/","og_locale":"en_GB","og_type":"article","og_title":"Telefon\u00a0mobil Huawei P40 Pro 256GB Dual SIM, Black - Klap","og_description":"Cumpara Telefon\u00a0mobil Huawei P40 Pro 256GB Dual SIM, Black de la Klap! Platesti in rate, deschide coletul la livrare, garantie 12 luni, retur in 30 de zile.","og_url":"https:\/\/klap.ro\/en\/product\/huawei-p40-pro-256gb-black\/","og_site_name":"Klap","article_publisher":"https:\/\/www.facebook.com\/klapromania\/","article_modified_time":"2025-07-24T11:04:46+00:00","og_image":[{"width":1000,"height":1000,"url":"https:\/\/klap.ro\/wp-content\/uploads\/2022\/04\/Huawei-P40-Pro-Black-klap.ro_.png","type":"image\/png"}],"schema":{"@context":"https:\/\/schema.org","@graph":[{"@type":"WebPage","@id":"https:\/\/klap.ro\/produs\/huawei-p40-pro-256gb-black\/","url":"https:\/\/klap.ro\/produs\/huawei-p40-pro-256gb-black\/","name":"Telefon\u00a0mobil Huawei P40 Pro 256GB Dual SIM, Black - Klap","isPartOf":{"@id":"https:\/\/klap.ro\/#website"},"primaryImageOfPage":{"@id":"https:\/\/klap.ro\/produs\/huawei-p40-pro-256gb-black\/#primaryimage"},"image":{"@id":"https:\/\/klap.ro\/produs\/huawei-p40-pro-256gb-black\/#primaryimage"},"thumbnailUrl":"https:\/\/klap.ro\/wp-content\/uploads\/2022\/04\/Huawei-P40-Pro-Black-klap.ro_.png","datePublished":"2022-04-12T14:31:38+00:00","dateModified":"2025-07-24T11:04:46+00:00","description":"Cumpara Telefon\u00a0mobil Huawei P40 Pro 256GB Dual SIM, Black de la Klap! Platesti in rate, deschide coletul la livrare, garantie 12 luni, retur in 30 de zile.","breadcrumb":{"@id":"https:\/\/klap.ro\/produs\/huawei-p40-pro-256gb-black\/#breadcrumb"},"inLanguage":"en-GB","potentialAction":[{"@type":"ReadAction","target":["https:\/\/klap.ro\/produs\/huawei-p40-pro-256gb-black\/"]}]},{"@type":"ImageObject","inLanguage":"en-GB","@id":"https:\/\/klap.ro\/produs\/huawei-p40-pro-256gb-black\/#primaryimage","url":"https:\/\/klap.ro\/wp-content\/uploads\/2022\/04\/Huawei-P40-Pro-Black-klap.ro_.png","contentUrl":"https:\/\/klap.ro\/wp-content\/uploads\/2022\/04\/Huawei-P40-Pro-Black-klap.ro_.png","width":1000,"height":1000,"caption":"Huawei P Pro Black klap ro"},{"@type":"BreadcrumbList","@id":"https:\/\/klap.ro\/produs\/huawei-p40-pro-256gb-black\/#breadcrumb","itemListElement":[{"@type":"ListItem","position":1,"name":"Acas\u0103","item":"https:\/\/klap.ro\/"},{"@type":"ListItem","position":2,"name":"Shop","item":"https:\/\/klap.ro\/shop\/"},{"@type":"ListItem","position":3,"name":"Telefoane","item":"https:\/\/klap.ro\/shop\/telefoane\/"},{"@type":"ListItem","position":4,"name":"Telefon\u00a0mobil Huawei P40 Pro 256GB Dual SIM, Black"}]},{"@type":"WebSite","@id":"https:\/\/klap.ro\/#website","url":"https:\/\/klap.ro\/","name":"Klap","description":"","publisher":{"@id":"https:\/\/klap.ro\/#organization"},"potentialAction":[{"@type":"SearchAction","target":{"@type":"EntryPoint","urlTemplate":"https:\/\/klap.ro\/?s={search_term_string}"},"query-input":{"@type":"PropertyValueSpecification","valueRequired":true,"valueName":"search_term_string"}}],"inLanguage":"en-GB"},{"@type":"Organization","@id":"https:\/\/klap.ro\/#organization","name":"Klap","url":"https:\/\/klap.ro\/","logo":{"@type":"ImageObject","inLanguage":"en-GB","@id":"https:\/\/klap.ro\/#\/schema\/logo\/image\/","url":"https:\/\/klap.ro\/wp-content\/uploads\/2022\/02\/klap-logo-google.png","contentUrl":"https:\/\/klap.ro\/wp-content\/uploads\/2022\/02\/klap-logo-google.png","width":512,"height":512,"caption":"Klap"},"image":{"@id":"https:\/\/klap.ro\/#\/schema\/logo\/image\/"},"sameAs":["https:\/\/www.facebook.com\/klapromania\/","https:\/\/www.instagram.com\/klap.ro\/","https:\/\/www.youtube.com\/channel\/UC0w2XX6ZAscBZl3QHrLVezg","https:\/\/ro.linkedin.com\/company\/klap-tech"]}]}},"_links":{"self":[{"href":"https:\/\/klap.ro\/en\/wp-json\/wp\/v2\/product\/2753","targetHints":{"allow":["GET"]}}],"collection":[{"href":"https:\/\/klap.ro\/en\/wp-json\/wp\/v2\/product"}],"about":[{"href":"https:\/\/klap.ro\/en\/wp-json\/wp\/v2\/types\/product"}],"replies":[{"embeddable":true,"href":"https:\/\/klap.ro\/en\/wp-json\/wp\/v2\/comments?post=2753"}],"wp:featuredmedia":[{"embeddable":true,"href":"https:\/\/klap.ro\/en\/wp-json\/wp\/v2\/media\/12819"}],"wp:attachment":[{"href":"https:\/\/klap.ro\/en\/wp-json\/wp\/v2\/media?parent=2753"}],"wp:term":[{"taxonomy":"recomandat-klap","embeddable":true,"href":"https:\/\/klap.ro\/en\/wp-json\/wp\/v2\/recomandat-klap?post=2753"},{"taxonomy":"product_brand","embeddable":true,"href":"https:\/\/klap.ro\/en\/wp-json\/wp\/v2\/product_brand?post=2753"},{"taxonomy":"product_cat","embeddable":true,"href":"https:\/\/klap.ro\/en\/wp-json\/wp\/v2\/product_cat?post=2753"},{"taxonomy":"product_tag","embeddable":true,"href":"https:\/\/klap.ro\/en\/wp-json\/wp\/v2\/product_tag?post=2753"}],"curies":[{"name":"wp","href":"https:\/\/api.w.org\/{rel}","templated":true}]}}