{"id":23259,"date":"2022-11-09T12:41:40","date_gmt":"2022-11-09T10:41:40","guid":{"rendered":"https:\/\/klap.ro?post_type=product&#038;p=23259"},"modified":"2025-05-29T18:54:46","modified_gmt":"2025-05-29T15:54:46","slug":"husa-hurtel-pentru-samsung-galaxy-a32-5g-tpu-negru","status":"publish","type":"product","link":"https:\/\/klap.ro\/en\/product\/husa-hurtel-pentru-samsung-galaxy-a32-5g-tpu-negru\/","title":{"rendered":"Hurtel Case, For Samsung Galaxy A32 5G, TPU, Black"},"content":{"rendered":"<p>Secure your phone from all sides by choosing a flexible, aesthetic and sturdy case. It's easy to fit and adapts perfectly to the size and shape of your mobile phone. It has cutouts for ports and cameras, so you can use your phone permanently and without discomfort. Also, because the case is thin and light, it doesn't change the look of the device or make it thicker.<\/p>","protected":false},"excerpt":{"rendered":"<p>Asigura\u021bi-va telefonul din fiecare parte aleg\u00e2nd o hus\u0103 flexibila, estetica si solid\u0103. Este u\u0219or de montat \u0219i se adapteaz\u0103 perfect la m\u0103rimea \u0219i forma telefonului mobil. Are decupaje pentru porturi \u0219i camere, astfel \u00eenc\u00e2t sa po\u021bi folosi permanent \u0219i f\u0103r\u0103 disconfort telefonul. De asemenea, datorita faptului ca hus\u0103 este sub\u021bire \u0219i u\u0219oar\u0103, nu schimba aspectul [&hellip;]<\/p>","protected":false},"featured_media":23174,"comment_status":"closed","ping_status":"closed","template":"","meta":{"_acf_changed":false},"recomandat-klap":[],"product_brand":[],"product_cat":[256,1974],"product_tag":[],"class_list":{"0":"post-23259","1":"product","2":"type-product","3":"status-publish","4":"has-post-thumbnail","6":"product_cat-accesorii","7":"product_cat-husa","9":"first","10":"outofstock","11":"sale","12":"taxable","13":"shipping-taxable","14":"purchasable","15":"product-type-simple"},"acf":[],"yoast_head":"<!-- This site is optimized with the Yoast SEO plugin v25.4 - https:\/\/yoast.com\/wordpress\/plugins\/seo\/ -->\n<title>Hus\u0103 Hurtel, Pentru Samsung Galaxy A32 5G, TPU, Negru - Klap<\/title>\n<meta name=\"description\" content=\"Cumpara Hus\u0103 Hurtel, Pentru Samsung Galaxy A32 5G, TPU, Negru de la Klap! Platesti in rate, deschide coletul la livrare, garantie 12 luni, retur in 30 de zile.\" \/>\n<meta name=\"robots\" content=\"index, follow, max-snippet:-1, max-image-preview:large, max-video-preview:-1\" \/>\n<link rel=\"canonical\" href=\"https:\/\/klap.ro\/en\/product\/husa-hurtel-pentru-samsung-galaxy-a32-5g-tpu-negru\/\" \/>\n<meta property=\"og:locale\" content=\"en_GB\" \/>\n<meta property=\"og:type\" content=\"article\" \/>\n<meta property=\"og:title\" content=\"Hus\u0103 Hurtel, Pentru Samsung Galaxy A32 5G, TPU, Negru - Klap\" \/>\n<meta property=\"og:description\" content=\"Cumpara Hus\u0103 Hurtel, Pentru Samsung Galaxy A32 5G, TPU, Negru de la Klap! Platesti in rate, deschide coletul la livrare, garantie 12 luni, retur in 30 de zile.\" \/>\n<meta property=\"og:url\" content=\"https:\/\/klap.ro\/en\/product\/husa-hurtel-pentru-samsung-galaxy-a32-5g-tpu-negru\/\" \/>\n<meta property=\"og:site_name\" content=\"Klap\" \/>\n<meta property=\"article:publisher\" content=\"https:\/\/www.facebook.com\/klapromania\/\" \/>\n<meta property=\"article:modified_time\" content=\"2025-05-29T15:54:46+00:00\" \/>\n<meta property=\"og:image\" content=\"https:\/\/klap.ro\/wp-content\/uploads\/2022\/11\/husa_hurtel_samsung_galaxy_a32_5g_tpu_negru_klap.ro_.webp\" \/>\n\t<meta property=\"og:image:width\" content=\"800\" \/>\n\t<meta property=\"og:image:height\" content=\"800\" \/>\n\t<meta property=\"og:image:type\" content=\"image\/webp\" \/>\n<script type=\"application\/ld+json\" class=\"yoast-schema-graph\">{\"@context\":\"https:\/\/schema.org\",\"@graph\":[{\"@type\":\"WebPage\",\"@id\":\"https:\/\/klap.ro\/produs\/husa-hurtel-pentru-samsung-galaxy-a32-5g-tpu-negru\/\",\"url\":\"https:\/\/klap.ro\/produs\/husa-hurtel-pentru-samsung-galaxy-a32-5g-tpu-negru\/\",\"name\":\"Hus\u0103 Hurtel, Pentru Samsung Galaxy A32 5G, TPU, Negru - Klap\",\"isPartOf\":{\"@id\":\"https:\/\/klap.ro\/#website\"},\"primaryImageOfPage\":{\"@id\":\"https:\/\/klap.ro\/produs\/husa-hurtel-pentru-samsung-galaxy-a32-5g-tpu-negru\/#primaryimage\"},\"image\":{\"@id\":\"https:\/\/klap.ro\/produs\/husa-hurtel-pentru-samsung-galaxy-a32-5g-tpu-negru\/#primaryimage\"},\"thumbnailUrl\":\"https:\/\/klap.ro\/wp-content\/uploads\/2022\/11\/husa_hurtel_samsung_galaxy_a32_5g_tpu_negru_klap.ro_.webp\",\"datePublished\":\"2022-11-09T10:41:40+00:00\",\"dateModified\":\"2025-05-29T15:54:46+00:00\",\"description\":\"Cumpara Hus\u0103 Hurtel, Pentru Samsung Galaxy A32 5G, TPU, Negru de la Klap! Platesti in rate, deschide coletul la livrare, garantie 12 luni, retur in 30 de zile.\",\"breadcrumb\":{\"@id\":\"https:\/\/klap.ro\/produs\/husa-hurtel-pentru-samsung-galaxy-a32-5g-tpu-negru\/#breadcrumb\"},\"inLanguage\":\"en-GB\",\"potentialAction\":[{\"@type\":\"ReadAction\",\"target\":[\"https:\/\/klap.ro\/produs\/husa-hurtel-pentru-samsung-galaxy-a32-5g-tpu-negru\/\"]}]},{\"@type\":\"ImageObject\",\"inLanguage\":\"en-GB\",\"@id\":\"https:\/\/klap.ro\/produs\/husa-hurtel-pentru-samsung-galaxy-a32-5g-tpu-negru\/#primaryimage\",\"url\":\"https:\/\/klap.ro\/wp-content\/uploads\/2022\/11\/husa_hurtel_samsung_galaxy_a32_5g_tpu_negru_klap.ro_.webp\",\"contentUrl\":\"https:\/\/klap.ro\/wp-content\/uploads\/2022\/11\/husa_hurtel_samsung_galaxy_a32_5g_tpu_negru_klap.ro_.webp\",\"width\":800,\"height\":800,\"caption\":\"husa hurtel samsung galaxy a g tpu negru klap ro\"},{\"@type\":\"BreadcrumbList\",\"@id\":\"https:\/\/klap.ro\/produs\/husa-hurtel-pentru-samsung-galaxy-a32-5g-tpu-negru\/#breadcrumb\",\"itemListElement\":[{\"@type\":\"ListItem\",\"position\":1,\"name\":\"Acas\u0103\",\"item\":\"https:\/\/klap.ro\/\"},{\"@type\":\"ListItem\",\"position\":2,\"name\":\"Shop\",\"item\":\"https:\/\/klap.ro\/shop\/\"},{\"@type\":\"ListItem\",\"position\":3,\"name\":\"Accesorii\",\"item\":\"https:\/\/klap.ro\/shop\/accesorii\/\"},{\"@type\":\"ListItem\",\"position\":4,\"name\":\"Hus\u0103\",\"item\":\"https:\/\/klap.ro\/shop\/accesorii\/husa\/\"},{\"@type\":\"ListItem\",\"position\":5,\"name\":\"Hus\u0103 Hurtel, Pentru Samsung Galaxy A32 5G, TPU, Negru\"}]},{\"@type\":\"WebSite\",\"@id\":\"https:\/\/klap.ro\/#website\",\"url\":\"https:\/\/klap.ro\/\",\"name\":\"Klap\",\"description\":\"\",\"publisher\":{\"@id\":\"https:\/\/klap.ro\/#organization\"},\"potentialAction\":[{\"@type\":\"SearchAction\",\"target\":{\"@type\":\"EntryPoint\",\"urlTemplate\":\"https:\/\/klap.ro\/?s={search_term_string}\"},\"query-input\":{\"@type\":\"PropertyValueSpecification\",\"valueRequired\":true,\"valueName\":\"search_term_string\"}}],\"inLanguage\":\"en-GB\"},{\"@type\":\"Organization\",\"@id\":\"https:\/\/klap.ro\/#organization\",\"name\":\"Klap\",\"url\":\"https:\/\/klap.ro\/\",\"logo\":{\"@type\":\"ImageObject\",\"inLanguage\":\"en-GB\",\"@id\":\"https:\/\/klap.ro\/#\/schema\/logo\/image\/\",\"url\":\"https:\/\/klap.ro\/wp-content\/uploads\/2022\/02\/klap-logo-google.png\",\"contentUrl\":\"https:\/\/klap.ro\/wp-content\/uploads\/2022\/02\/klap-logo-google.png\",\"width\":512,\"height\":512,\"caption\":\"Klap\"},\"image\":{\"@id\":\"https:\/\/klap.ro\/#\/schema\/logo\/image\/\"},\"sameAs\":[\"https:\/\/www.facebook.com\/klapromania\/\",\"https:\/\/www.instagram.com\/klap.ro\/\",\"https:\/\/www.youtube.com\/channel\/UC0w2XX6ZAscBZl3QHrLVezg\",\"https:\/\/ro.linkedin.com\/company\/klap-tech\"]}]}<\/script>\n<!-- \/ Yoast SEO plugin. -->","yoast_head_json":{"title":"Hus\u0103 Hurtel, Pentru Samsung Galaxy A32 5G, TPU, Negru - Klap","description":"Cumpara Hus\u0103 Hurtel, Pentru Samsung Galaxy A32 5G, TPU, Negru de la Klap! Platesti in rate, deschide coletul la livrare, garantie 12 luni, retur in 30 de zile.","robots":{"index":"index","follow":"follow","max-snippet":"max-snippet:-1","max-image-preview":"max-image-preview:large","max-video-preview":"max-video-preview:-1"},"canonical":"https:\/\/klap.ro\/en\/product\/husa-hurtel-pentru-samsung-galaxy-a32-5g-tpu-negru\/","og_locale":"en_GB","og_type":"article","og_title":"Hus\u0103 Hurtel, Pentru Samsung Galaxy A32 5G, TPU, Negru - Klap","og_description":"Cumpara Hus\u0103 Hurtel, Pentru Samsung Galaxy A32 5G, TPU, Negru de la Klap! Platesti in rate, deschide coletul la livrare, garantie 12 luni, retur in 30 de zile.","og_url":"https:\/\/klap.ro\/en\/product\/husa-hurtel-pentru-samsung-galaxy-a32-5g-tpu-negru\/","og_site_name":"Klap","article_publisher":"https:\/\/www.facebook.com\/klapromania\/","article_modified_time":"2025-05-29T15:54:46+00:00","og_image":[{"width":800,"height":800,"url":"https:\/\/klap.ro\/wp-content\/uploads\/2022\/11\/husa_hurtel_samsung_galaxy_a32_5g_tpu_negru_klap.ro_.webp","type":"image\/webp"}],"schema":{"@context":"https:\/\/schema.org","@graph":[{"@type":"WebPage","@id":"https:\/\/klap.ro\/produs\/husa-hurtel-pentru-samsung-galaxy-a32-5g-tpu-negru\/","url":"https:\/\/klap.ro\/produs\/husa-hurtel-pentru-samsung-galaxy-a32-5g-tpu-negru\/","name":"Hus\u0103 Hurtel, Pentru Samsung Galaxy A32 5G, TPU, Negru - Klap","isPartOf":{"@id":"https:\/\/klap.ro\/#website"},"primaryImageOfPage":{"@id":"https:\/\/klap.ro\/produs\/husa-hurtel-pentru-samsung-galaxy-a32-5g-tpu-negru\/#primaryimage"},"image":{"@id":"https:\/\/klap.ro\/produs\/husa-hurtel-pentru-samsung-galaxy-a32-5g-tpu-negru\/#primaryimage"},"thumbnailUrl":"https:\/\/klap.ro\/wp-content\/uploads\/2022\/11\/husa_hurtel_samsung_galaxy_a32_5g_tpu_negru_klap.ro_.webp","datePublished":"2022-11-09T10:41:40+00:00","dateModified":"2025-05-29T15:54:46+00:00","description":"Cumpara Hus\u0103 Hurtel, Pentru Samsung Galaxy A32 5G, TPU, Negru de la Klap! Platesti in rate, deschide coletul la livrare, garantie 12 luni, retur in 30 de zile.","breadcrumb":{"@id":"https:\/\/klap.ro\/produs\/husa-hurtel-pentru-samsung-galaxy-a32-5g-tpu-negru\/#breadcrumb"},"inLanguage":"en-GB","potentialAction":[{"@type":"ReadAction","target":["https:\/\/klap.ro\/produs\/husa-hurtel-pentru-samsung-galaxy-a32-5g-tpu-negru\/"]}]},{"@type":"ImageObject","inLanguage":"en-GB","@id":"https:\/\/klap.ro\/produs\/husa-hurtel-pentru-samsung-galaxy-a32-5g-tpu-negru\/#primaryimage","url":"https:\/\/klap.ro\/wp-content\/uploads\/2022\/11\/husa_hurtel_samsung_galaxy_a32_5g_tpu_negru_klap.ro_.webp","contentUrl":"https:\/\/klap.ro\/wp-content\/uploads\/2022\/11\/husa_hurtel_samsung_galaxy_a32_5g_tpu_negru_klap.ro_.webp","width":800,"height":800,"caption":"husa hurtel samsung galaxy a g tpu negru klap ro"},{"@type":"BreadcrumbList","@id":"https:\/\/klap.ro\/produs\/husa-hurtel-pentru-samsung-galaxy-a32-5g-tpu-negru\/#breadcrumb","itemListElement":[{"@type":"ListItem","position":1,"name":"Acas\u0103","item":"https:\/\/klap.ro\/"},{"@type":"ListItem","position":2,"name":"Shop","item":"https:\/\/klap.ro\/shop\/"},{"@type":"ListItem","position":3,"name":"Accesorii","item":"https:\/\/klap.ro\/shop\/accesorii\/"},{"@type":"ListItem","position":4,"name":"Hus\u0103","item":"https:\/\/klap.ro\/shop\/accesorii\/husa\/"},{"@type":"ListItem","position":5,"name":"Hus\u0103 Hurtel, Pentru Samsung Galaxy A32 5G, TPU, Negru"}]},{"@type":"WebSite","@id":"https:\/\/klap.ro\/#website","url":"https:\/\/klap.ro\/","name":"Klap","description":"","publisher":{"@id":"https:\/\/klap.ro\/#organization"},"potentialAction":[{"@type":"SearchAction","target":{"@type":"EntryPoint","urlTemplate":"https:\/\/klap.ro\/?s={search_term_string}"},"query-input":{"@type":"PropertyValueSpecification","valueRequired":true,"valueName":"search_term_string"}}],"inLanguage":"en-GB"},{"@type":"Organization","@id":"https:\/\/klap.ro\/#organization","name":"Klap","url":"https:\/\/klap.ro\/","logo":{"@type":"ImageObject","inLanguage":"en-GB","@id":"https:\/\/klap.ro\/#\/schema\/logo\/image\/","url":"https:\/\/klap.ro\/wp-content\/uploads\/2022\/02\/klap-logo-google.png","contentUrl":"https:\/\/klap.ro\/wp-content\/uploads\/2022\/02\/klap-logo-google.png","width":512,"height":512,"caption":"Klap"},"image":{"@id":"https:\/\/klap.ro\/#\/schema\/logo\/image\/"},"sameAs":["https:\/\/www.facebook.com\/klapromania\/","https:\/\/www.instagram.com\/klap.ro\/","https:\/\/www.youtube.com\/channel\/UC0w2XX6ZAscBZl3QHrLVezg","https:\/\/ro.linkedin.com\/company\/klap-tech"]}]}},"_links":{"self":[{"href":"https:\/\/klap.ro\/en\/wp-json\/wp\/v2\/product\/23259","targetHints":{"allow":["GET"]}}],"collection":[{"href":"https:\/\/klap.ro\/en\/wp-json\/wp\/v2\/product"}],"about":[{"href":"https:\/\/klap.ro\/en\/wp-json\/wp\/v2\/types\/product"}],"replies":[{"embeddable":true,"href":"https:\/\/klap.ro\/en\/wp-json\/wp\/v2\/comments?post=23259"}],"wp:featuredmedia":[{"embeddable":true,"href":"https:\/\/klap.ro\/en\/wp-json\/wp\/v2\/media\/23174"}],"wp:attachment":[{"href":"https:\/\/klap.ro\/en\/wp-json\/wp\/v2\/media?parent=23259"}],"wp:term":[{"taxonomy":"recomandat-klap","embeddable":true,"href":"https:\/\/klap.ro\/en\/wp-json\/wp\/v2\/recomandat-klap?post=23259"},{"taxonomy":"product_brand","embeddable":true,"href":"https:\/\/klap.ro\/en\/wp-json\/wp\/v2\/product_brand?post=23259"},{"taxonomy":"product_cat","embeddable":true,"href":"https:\/\/klap.ro\/en\/wp-json\/wp\/v2\/product_cat?post=23259"},{"taxonomy":"product_tag","embeddable":true,"href":"https:\/\/klap.ro\/en\/wp-json\/wp\/v2\/product_tag?post=23259"}],"curies":[{"name":"wp","href":"https:\/\/api.w.org\/{rel}","templated":true}]}}