{"id":129164,"date":"2026-04-06T13:41:59","date_gmt":"2026-04-06T10:41:59","guid":{"rendered":"https:\/\/klap.ro\/?post_type=product&#038;p=129164"},"modified":"2026-04-07T10:13:17","modified_gmt":"2026-04-07T07:13:17","slug":"telefon-mobil-google-pixel-9a-128gb-5g-obsidian","status":"publish","type":"product","link":"https:\/\/klap.ro\/en\/product\/telefon-mobil-google-pixel-9a-128gb-5g-obsidian\/","title":{"rendered":"Telefon mobil Google Pixel 9a 128GB 5G, Obsidian"},"content":{"rendered":"<p>Toate telefoanele Google sunt complet verificate, certificate \u0219i recondi\u021bionate de echipa noastr\u0103. Cumperi smart, economise\u0219ti pe loc, investe\u0219ti \u00eentr-un gadget perfect func\u021bional \u0219i e\u0219ti eco-friendly. Telefoanele vin \u00eenso\u021bite gratuit de accesorii noi de \u00eenc\u0103rcare compatibile de \u00eenalt\u0103 calitate \u0219i sunt garantate timp de 24 luni. Pentru a evita orice risip\u0103 inutil\u0103, dac\u0103 de\u021bii deja un \u00eenc\u0103rcator \u0219i consideri c\u0103 nu mai ai nevoie de \u00eenc\u0103 unul, ne po\u021bi anun\u021ba.<\/p>","protected":false},"excerpt":{"rendered":"<p>Toate telefoanele Google sunt complet verificate, certificate \u0219i recondi\u021bionate de echipa noastr\u0103. Cumperi smart, economise\u0219ti pe loc, investe\u0219ti \u00eentr-un gadget perfect func\u021bional \u0219i e\u0219ti eco-friendly. Telefoanele vin \u00eenso\u021bite gratuit de accesorii noi de \u00eenc\u0103rcare compatibile de \u00eenalt\u0103 calitate \u0219i sunt garantate timp de 24 luni. Pentru a evita orice risip\u0103 inutil\u0103, dac\u0103 de\u021bii deja un [&hellip;]<\/p>","protected":false},"featured_media":129168,"comment_status":"open","ping_status":"closed","template":"","meta":{"_acf_changed":false},"recomandat-klap":[],"product_brand":[],"product_cat":[2580,4803,343,89,3777],"product_tag":[4804],"class_list":{"0":"post-129164","1":"product","2":"type-product","3":"status-publish","4":"has-post-thumbnail","6":"product_cat-ofertaklap","7":"product_cat-pixel-9a","8":"product_cat-telefoane","9":"product_cat-telefoane-diverse","10":"product_cat-telefoane-google","11":"product_tag-googlepixel9a","12":"pa_model-pixel-9a","14":"first","15":"instock","16":"sale","17":"sold-individually","18":"taxable","19":"shipping-taxable","20":"purchasable","21":"product-type-variable","22":"has-default-attributes"},"acf":[],"yoast_head":"<!-- This site is optimized with the Yoast SEO plugin v25.4 - https:\/\/yoast.com\/wordpress\/plugins\/seo\/ -->\n<title>Telefon mobil Google Pixel 9a 128GB 5G, Obsidian - Klap<\/title>\n<meta name=\"description\" content=\"Cumpara Telefon mobil Google Pixel 9a 128GB 5G, Obsidian de la Klap! Platesti in rate, deschide coletul la livrare, garantie 12 luni, retur in 30 de zile.\" \/>\n<meta name=\"robots\" content=\"index, follow, max-snippet:-1, max-image-preview:large, max-video-preview:-1\" \/>\n<link rel=\"canonical\" href=\"https:\/\/klap.ro\/en\/product\/telefon-mobil-google-pixel-9a-128gb-5g-obsidian\/\" \/>\n<meta property=\"og:locale\" content=\"en_GB\" \/>\n<meta property=\"og:type\" content=\"article\" \/>\n<meta property=\"og:title\" content=\"Telefon mobil Google Pixel 9a 128GB 5G, Obsidian - Klap\" \/>\n<meta property=\"og:description\" content=\"Cumpara Telefon mobil Google Pixel 9a 128GB 5G, Obsidian de la Klap! Platesti in rate, deschide coletul la livrare, garantie 12 luni, retur in 30 de zile.\" \/>\n<meta property=\"og:url\" content=\"https:\/\/klap.ro\/en\/product\/telefon-mobil-google-pixel-9a-128gb-5g-obsidian\/\" \/>\n<meta property=\"og:site_name\" content=\"Klap\" \/>\n<meta property=\"article:publisher\" content=\"https:\/\/www.facebook.com\/klapromania\/\" \/>\n<meta property=\"article:modified_time\" content=\"2026-04-07T07:13:17+00:00\" \/>\n<meta property=\"og:image\" content=\"https:\/\/klap.ro\/wp-content\/uploads\/2026\/04\/google_pixel-9a_obsidian_klap.webp\" \/>\n\t<meta property=\"og:image:width\" content=\"866\" \/>\n\t<meta property=\"og:image:height\" content=\"865\" \/>\n\t<meta property=\"og:image:type\" content=\"image\/webp\" \/>\n<script type=\"application\/ld+json\" class=\"yoast-schema-graph\">{\"@context\":\"https:\/\/schema.org\",\"@graph\":[{\"@type\":\"WebPage\",\"@id\":\"https:\/\/klap.ro\/produs\/telefon-mobil-google-pixel-9a-128gb-5g-obsidian\/\",\"url\":\"https:\/\/klap.ro\/produs\/telefon-mobil-google-pixel-9a-128gb-5g-obsidian\/\",\"name\":\"Telefon mobil Google Pixel 9a 128GB 5G, Obsidian - Klap\",\"isPartOf\":{\"@id\":\"https:\/\/klap.ro\/#website\"},\"primaryImageOfPage\":{\"@id\":\"https:\/\/klap.ro\/produs\/telefon-mobil-google-pixel-9a-128gb-5g-obsidian\/#primaryimage\"},\"image\":{\"@id\":\"https:\/\/klap.ro\/produs\/telefon-mobil-google-pixel-9a-128gb-5g-obsidian\/#primaryimage\"},\"thumbnailUrl\":\"https:\/\/klap.ro\/wp-content\/uploads\/2026\/04\/google_pixel-9a_obsidian_klap.webp\",\"datePublished\":\"2026-04-06T10:41:59+00:00\",\"dateModified\":\"2026-04-07T07:13:17+00:00\",\"description\":\"Cumpara Telefon mobil Google Pixel 9a 128GB 5G, Obsidian de la Klap! Platesti in rate, deschide coletul la livrare, garantie 12 luni, retur in 30 de zile.\",\"breadcrumb\":{\"@id\":\"https:\/\/klap.ro\/produs\/telefon-mobil-google-pixel-9a-128gb-5g-obsidian\/#breadcrumb\"},\"inLanguage\":\"en-GB\",\"potentialAction\":[{\"@type\":\"ReadAction\",\"target\":[\"https:\/\/klap.ro\/produs\/telefon-mobil-google-pixel-9a-128gb-5g-obsidian\/\"]}]},{\"@type\":\"ImageObject\",\"inLanguage\":\"en-GB\",\"@id\":\"https:\/\/klap.ro\/produs\/telefon-mobil-google-pixel-9a-128gb-5g-obsidian\/#primaryimage\",\"url\":\"https:\/\/klap.ro\/wp-content\/uploads\/2026\/04\/google_pixel-9a_obsidian_klap.webp\",\"contentUrl\":\"https:\/\/klap.ro\/wp-content\/uploads\/2026\/04\/google_pixel-9a_obsidian_klap.webp\",\"width\":866,\"height\":865,\"caption\":\"google pixel a obsidian klap\"},{\"@type\":\"BreadcrumbList\",\"@id\":\"https:\/\/klap.ro\/produs\/telefon-mobil-google-pixel-9a-128gb-5g-obsidian\/#breadcrumb\",\"itemListElement\":[{\"@type\":\"ListItem\",\"position\":1,\"name\":\"Acas\u0103\",\"item\":\"https:\/\/klap.ro\/\"},{\"@type\":\"ListItem\",\"position\":2,\"name\":\"Shop\",\"item\":\"https:\/\/klap.ro\/shop\/\"},{\"@type\":\"ListItem\",\"position\":3,\"name\":\"Telefoane\",\"item\":\"https:\/\/klap.ro\/shop\/telefoane\/\"},{\"@type\":\"ListItem\",\"position\":4,\"name\":\"Telefon mobil Google Pixel 9a 128GB 5G, Obsidian\"}]},{\"@type\":\"WebSite\",\"@id\":\"https:\/\/klap.ro\/#website\",\"url\":\"https:\/\/klap.ro\/\",\"name\":\"Klap\",\"description\":\"\",\"publisher\":{\"@id\":\"https:\/\/klap.ro\/#organization\"},\"potentialAction\":[{\"@type\":\"SearchAction\",\"target\":{\"@type\":\"EntryPoint\",\"urlTemplate\":\"https:\/\/klap.ro\/?s={search_term_string}\"},\"query-input\":{\"@type\":\"PropertyValueSpecification\",\"valueRequired\":true,\"valueName\":\"search_term_string\"}}],\"inLanguage\":\"en-GB\"},{\"@type\":\"Organization\",\"@id\":\"https:\/\/klap.ro\/#organization\",\"name\":\"Klap\",\"url\":\"https:\/\/klap.ro\/\",\"logo\":{\"@type\":\"ImageObject\",\"inLanguage\":\"en-GB\",\"@id\":\"https:\/\/klap.ro\/#\/schema\/logo\/image\/\",\"url\":\"https:\/\/klap.ro\/wp-content\/uploads\/2022\/02\/klap-logo-google.png\",\"contentUrl\":\"https:\/\/klap.ro\/wp-content\/uploads\/2022\/02\/klap-logo-google.png\",\"width\":512,\"height\":512,\"caption\":\"Klap\"},\"image\":{\"@id\":\"https:\/\/klap.ro\/#\/schema\/logo\/image\/\"},\"sameAs\":[\"https:\/\/www.facebook.com\/klapromania\/\",\"https:\/\/www.instagram.com\/klap.ro\/\",\"https:\/\/www.youtube.com\/channel\/UC0w2XX6ZAscBZl3QHrLVezg\",\"https:\/\/ro.linkedin.com\/company\/klap-tech\"]}]}<\/script>\n<!-- \/ Yoast SEO plugin. -->","yoast_head_json":{"title":"Telefon mobil Google Pixel 9a 128GB 5G, Obsidian - Klap","description":"Cumpara Telefon mobil Google Pixel 9a 128GB 5G, Obsidian de la Klap! Platesti in rate, deschide coletul la livrare, garantie 12 luni, retur in 30 de zile.","robots":{"index":"index","follow":"follow","max-snippet":"max-snippet:-1","max-image-preview":"max-image-preview:large","max-video-preview":"max-video-preview:-1"},"canonical":"https:\/\/klap.ro\/en\/product\/telefon-mobil-google-pixel-9a-128gb-5g-obsidian\/","og_locale":"en_GB","og_type":"article","og_title":"Telefon mobil Google Pixel 9a 128GB 5G, Obsidian - Klap","og_description":"Cumpara Telefon mobil Google Pixel 9a 128GB 5G, Obsidian de la Klap! Platesti in rate, deschide coletul la livrare, garantie 12 luni, retur in 30 de zile.","og_url":"https:\/\/klap.ro\/en\/product\/telefon-mobil-google-pixel-9a-128gb-5g-obsidian\/","og_site_name":"Klap","article_publisher":"https:\/\/www.facebook.com\/klapromania\/","article_modified_time":"2026-04-07T07:13:17+00:00","og_image":[{"width":866,"height":865,"url":"https:\/\/klap.ro\/wp-content\/uploads\/2026\/04\/google_pixel-9a_obsidian_klap.webp","type":"image\/webp"}],"schema":{"@context":"https:\/\/schema.org","@graph":[{"@type":"WebPage","@id":"https:\/\/klap.ro\/produs\/telefon-mobil-google-pixel-9a-128gb-5g-obsidian\/","url":"https:\/\/klap.ro\/produs\/telefon-mobil-google-pixel-9a-128gb-5g-obsidian\/","name":"Telefon mobil Google Pixel 9a 128GB 5G, Obsidian - Klap","isPartOf":{"@id":"https:\/\/klap.ro\/#website"},"primaryImageOfPage":{"@id":"https:\/\/klap.ro\/produs\/telefon-mobil-google-pixel-9a-128gb-5g-obsidian\/#primaryimage"},"image":{"@id":"https:\/\/klap.ro\/produs\/telefon-mobil-google-pixel-9a-128gb-5g-obsidian\/#primaryimage"},"thumbnailUrl":"https:\/\/klap.ro\/wp-content\/uploads\/2026\/04\/google_pixel-9a_obsidian_klap.webp","datePublished":"2026-04-06T10:41:59+00:00","dateModified":"2026-04-07T07:13:17+00:00","description":"Cumpara Telefon mobil Google Pixel 9a 128GB 5G, Obsidian de la Klap! Platesti in rate, deschide coletul la livrare, garantie 12 luni, retur in 30 de zile.","breadcrumb":{"@id":"https:\/\/klap.ro\/produs\/telefon-mobil-google-pixel-9a-128gb-5g-obsidian\/#breadcrumb"},"inLanguage":"en-GB","potentialAction":[{"@type":"ReadAction","target":["https:\/\/klap.ro\/produs\/telefon-mobil-google-pixel-9a-128gb-5g-obsidian\/"]}]},{"@type":"ImageObject","inLanguage":"en-GB","@id":"https:\/\/klap.ro\/produs\/telefon-mobil-google-pixel-9a-128gb-5g-obsidian\/#primaryimage","url":"https:\/\/klap.ro\/wp-content\/uploads\/2026\/04\/google_pixel-9a_obsidian_klap.webp","contentUrl":"https:\/\/klap.ro\/wp-content\/uploads\/2026\/04\/google_pixel-9a_obsidian_klap.webp","width":866,"height":865,"caption":"google pixel a obsidian klap"},{"@type":"BreadcrumbList","@id":"https:\/\/klap.ro\/produs\/telefon-mobil-google-pixel-9a-128gb-5g-obsidian\/#breadcrumb","itemListElement":[{"@type":"ListItem","position":1,"name":"Acas\u0103","item":"https:\/\/klap.ro\/"},{"@type":"ListItem","position":2,"name":"Shop","item":"https:\/\/klap.ro\/shop\/"},{"@type":"ListItem","position":3,"name":"Telefoane","item":"https:\/\/klap.ro\/shop\/telefoane\/"},{"@type":"ListItem","position":4,"name":"Telefon mobil Google Pixel 9a 128GB 5G, Obsidian"}]},{"@type":"WebSite","@id":"https:\/\/klap.ro\/#website","url":"https:\/\/klap.ro\/","name":"Klap","description":"","publisher":{"@id":"https:\/\/klap.ro\/#organization"},"potentialAction":[{"@type":"SearchAction","target":{"@type":"EntryPoint","urlTemplate":"https:\/\/klap.ro\/?s={search_term_string}"},"query-input":{"@type":"PropertyValueSpecification","valueRequired":true,"valueName":"search_term_string"}}],"inLanguage":"en-GB"},{"@type":"Organization","@id":"https:\/\/klap.ro\/#organization","name":"Klap","url":"https:\/\/klap.ro\/","logo":{"@type":"ImageObject","inLanguage":"en-GB","@id":"https:\/\/klap.ro\/#\/schema\/logo\/image\/","url":"https:\/\/klap.ro\/wp-content\/uploads\/2022\/02\/klap-logo-google.png","contentUrl":"https:\/\/klap.ro\/wp-content\/uploads\/2022\/02\/klap-logo-google.png","width":512,"height":512,"caption":"Klap"},"image":{"@id":"https:\/\/klap.ro\/#\/schema\/logo\/image\/"},"sameAs":["https:\/\/www.facebook.com\/klapromania\/","https:\/\/www.instagram.com\/klap.ro\/","https:\/\/www.youtube.com\/channel\/UC0w2XX6ZAscBZl3QHrLVezg","https:\/\/ro.linkedin.com\/company\/klap-tech"]}]}},"_links":{"self":[{"href":"https:\/\/klap.ro\/en\/wp-json\/wp\/v2\/product\/129164","targetHints":{"allow":["GET"]}}],"collection":[{"href":"https:\/\/klap.ro\/en\/wp-json\/wp\/v2\/product"}],"about":[{"href":"https:\/\/klap.ro\/en\/wp-json\/wp\/v2\/types\/product"}],"replies":[{"embeddable":true,"href":"https:\/\/klap.ro\/en\/wp-json\/wp\/v2\/comments?post=129164"}],"wp:featuredmedia":[{"embeddable":true,"href":"https:\/\/klap.ro\/en\/wp-json\/wp\/v2\/media\/129168"}],"wp:attachment":[{"href":"https:\/\/klap.ro\/en\/wp-json\/wp\/v2\/media?parent=129164"}],"wp:term":[{"taxonomy":"recomandat-klap","embeddable":true,"href":"https:\/\/klap.ro\/en\/wp-json\/wp\/v2\/recomandat-klap?post=129164"},{"taxonomy":"product_brand","embeddable":true,"href":"https:\/\/klap.ro\/en\/wp-json\/wp\/v2\/product_brand?post=129164"},{"taxonomy":"product_cat","embeddable":true,"href":"https:\/\/klap.ro\/en\/wp-json\/wp\/v2\/product_cat?post=129164"},{"taxonomy":"product_tag","embeddable":true,"href":"https:\/\/klap.ro\/en\/wp-json\/wp\/v2\/product_tag?post=129164"}],"curies":[{"name":"wp","href":"https:\/\/api.w.org\/{rel}","templated":true}]}}