{"id":129079,"date":"2026-04-04T14:59:53","date_gmt":"2026-04-04T11:59:53","guid":{"rendered":"https:\/\/klap.ro\/?post_type=product&#038;p=129079"},"modified":"2026-04-04T15:05:47","modified_gmt":"2026-04-04T12:05:47","slug":"inel-inteligent-samsung-galaxy-ring-size-8-titanium-silver","status":"publish","type":"product","link":"https:\/\/klap.ro\/en\/product\/inel-inteligent-samsung-galaxy-ring-size-8-titanium-silver\/","title":{"rendered":"Inel inteligent Samsung Galaxy Ring Size 8, Titanium Silver"},"content":{"rendered":"<p>Toate accesoriile Samsung sunt complet verificate, certificate \u0219i recondi\u021bionate de echipa noastr\u0103. Cumperi smart, economise\u0219ti pe loc, investe\u0219ti \u00eentr-un gadget perfect func\u021bional, e\u0219ti eco-friendly \u0219i beneficiezi de garan\u021bie de 24 luni.<\/p>\n<p>Galaxy Ring aduce o modalitate nou\u0103 \u0219i confortabil\u0103 de a urm\u0103ri s\u0103n\u0103tatea zilnic\u0103. Cu un design elegant din titan, disponibil \u00een trei finisaje rezistente la zg\u00e2rieturi, acest inel compact \u0219i u\u0219or monitorizeaz\u0103 starea de bine cu ajutorul Galaxy AI.<\/p>\n<p>Urm\u0103re\u0219te activit\u0103\u021bile \u0219i somnul, oferind sugestii personalizate pentru \u00eembun\u0103t\u0103\u021birea s\u0103n\u0103t\u0103\u021bii prin aplica\u021bia Samsung Health. Cu o durat\u0103 a bateriei de p\u00e2n\u0103 la 14 zile \u0219i func\u021bii precum monitorizarea ritmului cardiac \u0219i a ciclului menstrual, Galaxy Ring este ideal pentru orice ocazie. Controla\u021bi telefonul \u0219i g\u0103si\u021bi inelul u\u0219or prin func\u021bii intuitive.<\/p>","protected":false},"excerpt":{"rendered":"<p>Toate accesoriile Samsung sunt complet verificate, certificate \u0219i recondi\u021bionate de echipa noastr\u0103. Cumperi smart, economise\u0219ti pe loc, investe\u0219ti \u00eentr-un gadget perfect func\u021bional, e\u0219ti eco-friendly \u0219i beneficiezi de garan\u021bie de 24 luni. Galaxy Ring aduce o modalitate nou\u0103 \u0219i confortabil\u0103 de a urm\u0103ri s\u0103n\u0103tatea zilnic\u0103. Cu un design elegant din titan, disponibil \u00een trei finisaje rezistente [&hellip;]<\/p>","protected":false},"featured_media":88254,"comment_status":"open","ping_status":"closed","template":"","meta":{"_acf_changed":false},"recomandat-klap":[],"product_brand":[],"product_cat":[2070,256,2580],"product_tag":[3844],"class_list":{"0":"post-129079","1":"product","2":"type-product","3":"status-publish","4":"has-post-thumbnail","6":"product_cat-produse-fulger","7":"product_cat-accesorii","8":"product_cat-ofertaklap","9":"product_tag-ringsamsung","10":"pa_model-galaxy-ring-size-8-silver","12":"first","13":"instock","14":"sale","15":"sold-individually","16":"taxable","17":"shipping-taxable","18":"purchasable","19":"product-type-variable","20":"has-default-attributes"},"acf":[],"yoast_head":"<!-- This site is optimized with the Yoast SEO plugin v25.4 - https:\/\/yoast.com\/wordpress\/plugins\/seo\/ -->\n<title>Inel inteligent Samsung Galaxy Ring Size 8, Titanium Silver - Klap<\/title>\n<meta name=\"description\" content=\"Cumpara Inel inteligent Samsung Galaxy Ring Size 8, Titanium Silver de la Klap! Platesti in rate, deschide coletul la livrare, garantie 12 luni, retur in 30 de zile.\" \/>\n<meta name=\"robots\" content=\"index, follow, max-snippet:-1, max-image-preview:large, max-video-preview:-1\" \/>\n<link rel=\"canonical\" href=\"https:\/\/klap.ro\/en\/product\/inel-inteligent-samsung-galaxy-ring-size-8-titanium-silver\/\" \/>\n<meta property=\"og:locale\" content=\"en_GB\" \/>\n<meta property=\"og:type\" content=\"article\" \/>\n<meta property=\"og:title\" content=\"Inel inteligent Samsung Galaxy Ring Size 8, Titanium Silver - Klap\" \/>\n<meta property=\"og:description\" content=\"Cumpara Inel inteligent Samsung Galaxy Ring Size 8, Titanium Silver de la Klap! Platesti in rate, deschide coletul la livrare, garantie 12 luni, retur in 30 de zile.\" \/>\n<meta property=\"og:url\" content=\"https:\/\/klap.ro\/en\/product\/inel-inteligent-samsung-galaxy-ring-size-8-titanium-silver\/\" \/>\n<meta property=\"og:site_name\" content=\"Klap\" \/>\n<meta property=\"article:publisher\" content=\"https:\/\/www.facebook.com\/klapromania\/\" \/>\n<meta property=\"article:modified_time\" content=\"2026-04-04T12:05:47+00:00\" \/>\n<meta property=\"og:image\" content=\"https:\/\/klap.ro\/wp-content\/uploads\/2025\/02\/samsung_galaxy_ring_silver_7_klap.png\" \/>\n\t<meta property=\"og:image:width\" content=\"443\" \/>\n\t<meta property=\"og:image:height\" content=\"563\" \/>\n\t<meta property=\"og:image:type\" content=\"image\/png\" \/>\n<meta name=\"twitter:label1\" content=\"Estimated reading time\" \/>\n\t<meta name=\"twitter:data1\" content=\"1 minute\" \/>\n<script type=\"application\/ld+json\" class=\"yoast-schema-graph\">{\"@context\":\"https:\/\/schema.org\",\"@graph\":[{\"@type\":\"WebPage\",\"@id\":\"https:\/\/klap.ro\/produs\/inel-inteligent-samsung-galaxy-ring-size-8-titanium-silver\/\",\"url\":\"https:\/\/klap.ro\/produs\/inel-inteligent-samsung-galaxy-ring-size-8-titanium-silver\/\",\"name\":\"Inel inteligent Samsung Galaxy Ring Size 8, Titanium Silver - Klap\",\"isPartOf\":{\"@id\":\"https:\/\/klap.ro\/#website\"},\"primaryImageOfPage\":{\"@id\":\"https:\/\/klap.ro\/produs\/inel-inteligent-samsung-galaxy-ring-size-8-titanium-silver\/#primaryimage\"},\"image\":{\"@id\":\"https:\/\/klap.ro\/produs\/inel-inteligent-samsung-galaxy-ring-size-8-titanium-silver\/#primaryimage\"},\"thumbnailUrl\":\"https:\/\/klap.ro\/wp-content\/uploads\/2025\/02\/samsung_galaxy_ring_silver_7_klap.png\",\"datePublished\":\"2026-04-04T11:59:53+00:00\",\"dateModified\":\"2026-04-04T12:05:47+00:00\",\"description\":\"Cumpara Inel inteligent Samsung Galaxy Ring Size 8, Titanium Silver de la Klap! Platesti in rate, deschide coletul la livrare, garantie 12 luni, retur in 30 de zile.\",\"breadcrumb\":{\"@id\":\"https:\/\/klap.ro\/produs\/inel-inteligent-samsung-galaxy-ring-size-8-titanium-silver\/#breadcrumb\"},\"inLanguage\":\"en-GB\",\"potentialAction\":[{\"@type\":\"ReadAction\",\"target\":[\"https:\/\/klap.ro\/produs\/inel-inteligent-samsung-galaxy-ring-size-8-titanium-silver\/\"]}]},{\"@type\":\"ImageObject\",\"inLanguage\":\"en-GB\",\"@id\":\"https:\/\/klap.ro\/produs\/inel-inteligent-samsung-galaxy-ring-size-8-titanium-silver\/#primaryimage\",\"url\":\"https:\/\/klap.ro\/wp-content\/uploads\/2025\/02\/samsung_galaxy_ring_silver_7_klap.png\",\"contentUrl\":\"https:\/\/klap.ro\/wp-content\/uploads\/2025\/02\/samsung_galaxy_ring_silver_7_klap.png\",\"width\":443,\"height\":563,\"caption\":\"samsung galaxy ring silver klap\"},{\"@type\":\"BreadcrumbList\",\"@id\":\"https:\/\/klap.ro\/produs\/inel-inteligent-samsung-galaxy-ring-size-8-titanium-silver\/#breadcrumb\",\"itemListElement\":[{\"@type\":\"ListItem\",\"position\":1,\"name\":\"Acas\u0103\",\"item\":\"https:\/\/klap.ro\/\"},{\"@type\":\"ListItem\",\"position\":2,\"name\":\"Shop\",\"item\":\"https:\/\/klap.ro\/shop\/\"},{\"@type\":\"ListItem\",\"position\":3,\"name\":\"Oferta Klap\",\"item\":\"https:\/\/klap.ro\/shop\/ofertaklap\/\"},{\"@type\":\"ListItem\",\"position\":4,\"name\":\"Inel inteligent Samsung Galaxy Ring Size 8, Titanium Silver\"}]},{\"@type\":\"WebSite\",\"@id\":\"https:\/\/klap.ro\/#website\",\"url\":\"https:\/\/klap.ro\/\",\"name\":\"Klap\",\"description\":\"\",\"publisher\":{\"@id\":\"https:\/\/klap.ro\/#organization\"},\"potentialAction\":[{\"@type\":\"SearchAction\",\"target\":{\"@type\":\"EntryPoint\",\"urlTemplate\":\"https:\/\/klap.ro\/?s={search_term_string}\"},\"query-input\":{\"@type\":\"PropertyValueSpecification\",\"valueRequired\":true,\"valueName\":\"search_term_string\"}}],\"inLanguage\":\"en-GB\"},{\"@type\":\"Organization\",\"@id\":\"https:\/\/klap.ro\/#organization\",\"name\":\"Klap\",\"url\":\"https:\/\/klap.ro\/\",\"logo\":{\"@type\":\"ImageObject\",\"inLanguage\":\"en-GB\",\"@id\":\"https:\/\/klap.ro\/#\/schema\/logo\/image\/\",\"url\":\"https:\/\/klap.ro\/wp-content\/uploads\/2022\/02\/klap-logo-google.png\",\"contentUrl\":\"https:\/\/klap.ro\/wp-content\/uploads\/2022\/02\/klap-logo-google.png\",\"width\":512,\"height\":512,\"caption\":\"Klap\"},\"image\":{\"@id\":\"https:\/\/klap.ro\/#\/schema\/logo\/image\/\"},\"sameAs\":[\"https:\/\/www.facebook.com\/klapromania\/\",\"https:\/\/www.instagram.com\/klap.ro\/\",\"https:\/\/www.youtube.com\/channel\/UC0w2XX6ZAscBZl3QHrLVezg\",\"https:\/\/ro.linkedin.com\/company\/klap-tech\"]}]}<\/script>\n<!-- \/ Yoast SEO plugin. -->","yoast_head_json":{"title":"Inel inteligent Samsung Galaxy Ring Size 8, Titanium Silver - Klap","description":"Cumpara Inel inteligent Samsung Galaxy Ring Size 8, Titanium Silver de la Klap! Platesti in rate, deschide coletul la livrare, garantie 12 luni, retur in 30 de zile.","robots":{"index":"index","follow":"follow","max-snippet":"max-snippet:-1","max-image-preview":"max-image-preview:large","max-video-preview":"max-video-preview:-1"},"canonical":"https:\/\/klap.ro\/en\/product\/inel-inteligent-samsung-galaxy-ring-size-8-titanium-silver\/","og_locale":"en_GB","og_type":"article","og_title":"Inel inteligent Samsung Galaxy Ring Size 8, Titanium Silver - Klap","og_description":"Cumpara Inel inteligent Samsung Galaxy Ring Size 8, Titanium Silver de la Klap! Platesti in rate, deschide coletul la livrare, garantie 12 luni, retur in 30 de zile.","og_url":"https:\/\/klap.ro\/en\/product\/inel-inteligent-samsung-galaxy-ring-size-8-titanium-silver\/","og_site_name":"Klap","article_publisher":"https:\/\/www.facebook.com\/klapromania\/","article_modified_time":"2026-04-04T12:05:47+00:00","og_image":[{"width":443,"height":563,"url":"https:\/\/klap.ro\/wp-content\/uploads\/2025\/02\/samsung_galaxy_ring_silver_7_klap.png","type":"image\/png"}],"twitter_misc":{"Estimated reading time":"1 minute"},"schema":{"@context":"https:\/\/schema.org","@graph":[{"@type":"WebPage","@id":"https:\/\/klap.ro\/produs\/inel-inteligent-samsung-galaxy-ring-size-8-titanium-silver\/","url":"https:\/\/klap.ro\/produs\/inel-inteligent-samsung-galaxy-ring-size-8-titanium-silver\/","name":"Inel inteligent Samsung Galaxy Ring Size 8, Titanium Silver - Klap","isPartOf":{"@id":"https:\/\/klap.ro\/#website"},"primaryImageOfPage":{"@id":"https:\/\/klap.ro\/produs\/inel-inteligent-samsung-galaxy-ring-size-8-titanium-silver\/#primaryimage"},"image":{"@id":"https:\/\/klap.ro\/produs\/inel-inteligent-samsung-galaxy-ring-size-8-titanium-silver\/#primaryimage"},"thumbnailUrl":"https:\/\/klap.ro\/wp-content\/uploads\/2025\/02\/samsung_galaxy_ring_silver_7_klap.png","datePublished":"2026-04-04T11:59:53+00:00","dateModified":"2026-04-04T12:05:47+00:00","description":"Cumpara Inel inteligent Samsung Galaxy Ring Size 8, Titanium Silver de la Klap! Platesti in rate, deschide coletul la livrare, garantie 12 luni, retur in 30 de zile.","breadcrumb":{"@id":"https:\/\/klap.ro\/produs\/inel-inteligent-samsung-galaxy-ring-size-8-titanium-silver\/#breadcrumb"},"inLanguage":"en-GB","potentialAction":[{"@type":"ReadAction","target":["https:\/\/klap.ro\/produs\/inel-inteligent-samsung-galaxy-ring-size-8-titanium-silver\/"]}]},{"@type":"ImageObject","inLanguage":"en-GB","@id":"https:\/\/klap.ro\/produs\/inel-inteligent-samsung-galaxy-ring-size-8-titanium-silver\/#primaryimage","url":"https:\/\/klap.ro\/wp-content\/uploads\/2025\/02\/samsung_galaxy_ring_silver_7_klap.png","contentUrl":"https:\/\/klap.ro\/wp-content\/uploads\/2025\/02\/samsung_galaxy_ring_silver_7_klap.png","width":443,"height":563,"caption":"samsung galaxy ring silver klap"},{"@type":"BreadcrumbList","@id":"https:\/\/klap.ro\/produs\/inel-inteligent-samsung-galaxy-ring-size-8-titanium-silver\/#breadcrumb","itemListElement":[{"@type":"ListItem","position":1,"name":"Acas\u0103","item":"https:\/\/klap.ro\/"},{"@type":"ListItem","position":2,"name":"Shop","item":"https:\/\/klap.ro\/shop\/"},{"@type":"ListItem","position":3,"name":"Oferta Klap","item":"https:\/\/klap.ro\/shop\/ofertaklap\/"},{"@type":"ListItem","position":4,"name":"Inel inteligent Samsung Galaxy Ring Size 8, Titanium Silver"}]},{"@type":"WebSite","@id":"https:\/\/klap.ro\/#website","url":"https:\/\/klap.ro\/","name":"Klap","description":"","publisher":{"@id":"https:\/\/klap.ro\/#organization"},"potentialAction":[{"@type":"SearchAction","target":{"@type":"EntryPoint","urlTemplate":"https:\/\/klap.ro\/?s={search_term_string}"},"query-input":{"@type":"PropertyValueSpecification","valueRequired":true,"valueName":"search_term_string"}}],"inLanguage":"en-GB"},{"@type":"Organization","@id":"https:\/\/klap.ro\/#organization","name":"Klap","url":"https:\/\/klap.ro\/","logo":{"@type":"ImageObject","inLanguage":"en-GB","@id":"https:\/\/klap.ro\/#\/schema\/logo\/image\/","url":"https:\/\/klap.ro\/wp-content\/uploads\/2022\/02\/klap-logo-google.png","contentUrl":"https:\/\/klap.ro\/wp-content\/uploads\/2022\/02\/klap-logo-google.png","width":512,"height":512,"caption":"Klap"},"image":{"@id":"https:\/\/klap.ro\/#\/schema\/logo\/image\/"},"sameAs":["https:\/\/www.facebook.com\/klapromania\/","https:\/\/www.instagram.com\/klap.ro\/","https:\/\/www.youtube.com\/channel\/UC0w2XX6ZAscBZl3QHrLVezg","https:\/\/ro.linkedin.com\/company\/klap-tech"]}]}},"_links":{"self":[{"href":"https:\/\/klap.ro\/en\/wp-json\/wp\/v2\/product\/129079","targetHints":{"allow":["GET"]}}],"collection":[{"href":"https:\/\/klap.ro\/en\/wp-json\/wp\/v2\/product"}],"about":[{"href":"https:\/\/klap.ro\/en\/wp-json\/wp\/v2\/types\/product"}],"replies":[{"embeddable":true,"href":"https:\/\/klap.ro\/en\/wp-json\/wp\/v2\/comments?post=129079"}],"wp:featuredmedia":[{"embeddable":true,"href":"https:\/\/klap.ro\/en\/wp-json\/wp\/v2\/media\/88254"}],"wp:attachment":[{"href":"https:\/\/klap.ro\/en\/wp-json\/wp\/v2\/media?parent=129079"}],"wp:term":[{"taxonomy":"recomandat-klap","embeddable":true,"href":"https:\/\/klap.ro\/en\/wp-json\/wp\/v2\/recomandat-klap?post=129079"},{"taxonomy":"product_brand","embeddable":true,"href":"https:\/\/klap.ro\/en\/wp-json\/wp\/v2\/product_brand?post=129079"},{"taxonomy":"product_cat","embeddable":true,"href":"https:\/\/klap.ro\/en\/wp-json\/wp\/v2\/product_cat?post=129079"},{"taxonomy":"product_tag","embeddable":true,"href":"https:\/\/klap.ro\/en\/wp-json\/wp\/v2\/product_tag?post=129079"}],"curies":[{"name":"wp","href":"https:\/\/api.w.org\/{rel}","templated":true}]}}