{"id":110467,"date":"2025-10-24T18:53:07","date_gmt":"2025-10-24T15:53:07","guid":{"rendered":"https:\/\/klap.ro\/?post_type=product&#038;p=110467"},"modified":"2026-01-14T16:43:31","modified_gmt":"2026-01-14T14:43:31","slug":"husa-de-protectie-apple-smart-folio-pentru-ipad-pro-12-9-5th-black","status":"publish","type":"product","link":"https:\/\/klap.ro\/en\/product\/husa-de-protectie-apple-smart-folio-pentru-ipad-pro-12-9-5th-black\/","title":{"rendered":"Hus\u0103 de protec\u021bie Apple Smart Folio pentru iPad Pro 12.9&#8243; (5th), Black"},"content":{"rendered":"<p>Husa de protectie Apple Smart Folio pentru iPad Pro 12.9&#8243; (5th) Black este elegant\u0103 \u0219i func\u021bional\u0103, husa Apple Smart Folio protejeaz\u0103 iPad Pro 12.9&#8243; (2021) pe ambele fe\u021be, fiind \u00een acela\u0219i timp sub\u021bire \u0219i u\u0219oar\u0103. Se ata\u0219eaz\u0103 magnetic \u0219i ofer\u0103 multiple unghiuri de vizualizare ideale pentru citit, tastat, vizionarea filmelor sau apeluri FaceTime. Activeaz\u0103 automat ecranul la deschidere \u0219i \u00eel pune \u00een repaus la \u00eenchidere, oferind o experien\u021b\u0103 intuitiv\u0103 \u0219i premium, specific\u0103 produselor Apple.<\/p>","protected":false},"excerpt":{"rendered":"<p>Husa de protectie Apple Smart Folio pentru iPad Pro 12.9&#8243; (5th) Black este elegant\u0103 \u0219i func\u021bional\u0103, husa Apple Smart Folio protejeaz\u0103 iPad Pro 12.9&#8243; (2021) pe ambele fe\u021be, fiind \u00een acela\u0219i timp sub\u021bire \u0219i u\u0219oar\u0103. Se ata\u0219eaz\u0103 magnetic \u0219i ofer\u0103 multiple unghiuri de vizualizare ideale pentru citit, tastat, vizionarea filmelor sau apeluri FaceTime. Activeaz\u0103 automat [&hellip;]<\/p>","protected":false},"featured_media":110465,"comment_status":"open","ping_status":"closed","template":"","meta":{"_acf_changed":false},"recomandat-klap":[],"product_brand":[],"product_cat":[256,1974],"product_tag":[4546],"class_list":{"0":"post-110467","1":"product","2":"type-product","3":"status-publish","4":"has-post-thumbnail","6":"product_cat-accesorii","7":"product_cat-husa","8":"product_tag-applejmg3zm-a","10":"first","11":"outofstock","12":"sale","13":"taxable","14":"shipping-taxable","15":"purchasable","16":"product-type-simple"},"acf":[],"yoast_head":"<!-- This site is optimized with the Yoast SEO plugin v25.4 - https:\/\/yoast.com\/wordpress\/plugins\/seo\/ -->\n<title>Hus\u0103 de protec\u021bie Apple Smart Folio pentru iPad Pro 12.9&quot; (5th), Black - Klap<\/title>\n<meta name=\"description\" content=\"Cumpara Hus\u0103 de protec\u021bie Apple Smart Folio pentru iPad Pro 12.9&quot; (5th), Black de la Klap! Platesti in rate, deschide coletul la livrare, garantie 12 luni, retur in 30 de zile.\" \/>\n<meta name=\"robots\" content=\"index, follow, max-snippet:-1, max-image-preview:large, max-video-preview:-1\" \/>\n<link rel=\"canonical\" href=\"https:\/\/klap.ro\/en\/product\/husa-de-protectie-apple-smart-folio-pentru-ipad-pro-12-9-5th-black\/\" \/>\n<meta property=\"og:locale\" content=\"en_GB\" \/>\n<meta property=\"og:type\" content=\"article\" \/>\n<meta property=\"og:title\" content=\"Hus\u0103 de protec\u021bie Apple Smart Folio pentru iPad Pro 12.9&quot; (5th), Black - Klap\" \/>\n<meta property=\"og:description\" content=\"Cumpara Hus\u0103 de protec\u021bie Apple Smart Folio pentru iPad Pro 12.9&quot; (5th), Black de la Klap! Platesti in rate, deschide coletul la livrare, garantie 12 luni, retur in 30 de zile.\" \/>\n<meta property=\"og:url\" content=\"https:\/\/klap.ro\/en\/product\/husa-de-protectie-apple-smart-folio-pentru-ipad-pro-12-9-5th-black\/\" \/>\n<meta property=\"og:site_name\" content=\"Klap\" \/>\n<meta property=\"article:publisher\" content=\"https:\/\/www.facebook.com\/klapromania\/\" \/>\n<meta property=\"article:modified_time\" content=\"2026-01-14T14:43:31+00:00\" \/>\n<meta property=\"og:image\" content=\"https:\/\/klap.ro\/wp-content\/uploads\/2025\/10\/husa_apple_black_ipadpro_klap.png\" \/>\n\t<meta property=\"og:image:width\" content=\"479\" \/>\n\t<meta property=\"og:image:height\" content=\"521\" \/>\n\t<meta property=\"og:image:type\" content=\"image\/png\" \/>\n<script type=\"application\/ld+json\" class=\"yoast-schema-graph\">{\"@context\":\"https:\/\/schema.org\",\"@graph\":[{\"@type\":\"WebPage\",\"@id\":\"https:\/\/klap.ro\/produs\/husa-de-protectie-apple-smart-folio-pentru-ipad-pro-12-9-5th-black\/\",\"url\":\"https:\/\/klap.ro\/produs\/husa-de-protectie-apple-smart-folio-pentru-ipad-pro-12-9-5th-black\/\",\"name\":\"Hus\u0103 de protec\u021bie Apple Smart Folio pentru iPad Pro 12.9\\\" (5th), Black - Klap\",\"isPartOf\":{\"@id\":\"https:\/\/klap.ro\/#website\"},\"primaryImageOfPage\":{\"@id\":\"https:\/\/klap.ro\/produs\/husa-de-protectie-apple-smart-folio-pentru-ipad-pro-12-9-5th-black\/#primaryimage\"},\"image\":{\"@id\":\"https:\/\/klap.ro\/produs\/husa-de-protectie-apple-smart-folio-pentru-ipad-pro-12-9-5th-black\/#primaryimage\"},\"thumbnailUrl\":\"https:\/\/klap.ro\/wp-content\/uploads\/2025\/10\/husa_apple_black_ipadpro_klap.png\",\"datePublished\":\"2025-10-24T15:53:07+00:00\",\"dateModified\":\"2026-01-14T14:43:31+00:00\",\"description\":\"Cumpara Hus\u0103 de protec\u021bie Apple Smart Folio pentru iPad Pro 12.9\\\" (5th), Black de la Klap! Platesti in rate, deschide coletul la livrare, garantie 12 luni, retur in 30 de zile.\",\"breadcrumb\":{\"@id\":\"https:\/\/klap.ro\/produs\/husa-de-protectie-apple-smart-folio-pentru-ipad-pro-12-9-5th-black\/#breadcrumb\"},\"inLanguage\":\"en-GB\",\"potentialAction\":[{\"@type\":\"ReadAction\",\"target\":[\"https:\/\/klap.ro\/produs\/husa-de-protectie-apple-smart-folio-pentru-ipad-pro-12-9-5th-black\/\"]}]},{\"@type\":\"ImageObject\",\"inLanguage\":\"en-GB\",\"@id\":\"https:\/\/klap.ro\/produs\/husa-de-protectie-apple-smart-folio-pentru-ipad-pro-12-9-5th-black\/#primaryimage\",\"url\":\"https:\/\/klap.ro\/wp-content\/uploads\/2025\/10\/husa_apple_black_ipadpro_klap.png\",\"contentUrl\":\"https:\/\/klap.ro\/wp-content\/uploads\/2025\/10\/husa_apple_black_ipadpro_klap.png\",\"width\":479,\"height\":521,\"caption\":\"husa apple black ipadpro klap\"},{\"@type\":\"BreadcrumbList\",\"@id\":\"https:\/\/klap.ro\/produs\/husa-de-protectie-apple-smart-folio-pentru-ipad-pro-12-9-5th-black\/#breadcrumb\",\"itemListElement\":[{\"@type\":\"ListItem\",\"position\":1,\"name\":\"Acas\u0103\",\"item\":\"https:\/\/klap.ro\/\"},{\"@type\":\"ListItem\",\"position\":2,\"name\":\"Shop\",\"item\":\"https:\/\/klap.ro\/shop\/\"},{\"@type\":\"ListItem\",\"position\":3,\"name\":\"Accesorii\",\"item\":\"https:\/\/klap.ro\/shop\/accesorii\/\"},{\"@type\":\"ListItem\",\"position\":4,\"name\":\"Hus\u0103 de protec\u021bie Apple Smart Folio pentru iPad Pro 12.9&#8243; (5th), Black\"}]},{\"@type\":\"WebSite\",\"@id\":\"https:\/\/klap.ro\/#website\",\"url\":\"https:\/\/klap.ro\/\",\"name\":\"Klap\",\"description\":\"\",\"publisher\":{\"@id\":\"https:\/\/klap.ro\/#organization\"},\"potentialAction\":[{\"@type\":\"SearchAction\",\"target\":{\"@type\":\"EntryPoint\",\"urlTemplate\":\"https:\/\/klap.ro\/?s={search_term_string}\"},\"query-input\":{\"@type\":\"PropertyValueSpecification\",\"valueRequired\":true,\"valueName\":\"search_term_string\"}}],\"inLanguage\":\"en-GB\"},{\"@type\":\"Organization\",\"@id\":\"https:\/\/klap.ro\/#organization\",\"name\":\"Klap\",\"url\":\"https:\/\/klap.ro\/\",\"logo\":{\"@type\":\"ImageObject\",\"inLanguage\":\"en-GB\",\"@id\":\"https:\/\/klap.ro\/#\/schema\/logo\/image\/\",\"url\":\"https:\/\/klap.ro\/wp-content\/uploads\/2022\/02\/klap-logo-google.png\",\"contentUrl\":\"https:\/\/klap.ro\/wp-content\/uploads\/2022\/02\/klap-logo-google.png\",\"width\":512,\"height\":512,\"caption\":\"Klap\"},\"image\":{\"@id\":\"https:\/\/klap.ro\/#\/schema\/logo\/image\/\"},\"sameAs\":[\"https:\/\/www.facebook.com\/klapromania\/\",\"https:\/\/www.instagram.com\/klap.ro\/\",\"https:\/\/www.youtube.com\/channel\/UC0w2XX6ZAscBZl3QHrLVezg\",\"https:\/\/ro.linkedin.com\/company\/klap-tech\"]}]}<\/script>\n<!-- \/ Yoast SEO plugin. -->","yoast_head_json":{"title":"Hus\u0103 de protec\u021bie Apple Smart Folio pentru iPad Pro 12.9\" (5th), Black - Klap","description":"Cumpara Hus\u0103 de protec\u021bie Apple Smart Folio pentru iPad Pro 12.9\" (5th), Black de la Klap! Platesti in rate, deschide coletul la livrare, garantie 12 luni, retur in 30 de zile.","robots":{"index":"index","follow":"follow","max-snippet":"max-snippet:-1","max-image-preview":"max-image-preview:large","max-video-preview":"max-video-preview:-1"},"canonical":"https:\/\/klap.ro\/en\/product\/husa-de-protectie-apple-smart-folio-pentru-ipad-pro-12-9-5th-black\/","og_locale":"en_GB","og_type":"article","og_title":"Hus\u0103 de protec\u021bie Apple Smart Folio pentru iPad Pro 12.9\" (5th), Black - Klap","og_description":"Cumpara Hus\u0103 de protec\u021bie Apple Smart Folio pentru iPad Pro 12.9\" (5th), Black de la Klap! Platesti in rate, deschide coletul la livrare, garantie 12 luni, retur in 30 de zile.","og_url":"https:\/\/klap.ro\/en\/product\/husa-de-protectie-apple-smart-folio-pentru-ipad-pro-12-9-5th-black\/","og_site_name":"Klap","article_publisher":"https:\/\/www.facebook.com\/klapromania\/","article_modified_time":"2026-01-14T14:43:31+00:00","og_image":[{"width":479,"height":521,"url":"https:\/\/klap.ro\/wp-content\/uploads\/2025\/10\/husa_apple_black_ipadpro_klap.png","type":"image\/png"}],"schema":{"@context":"https:\/\/schema.org","@graph":[{"@type":"WebPage","@id":"https:\/\/klap.ro\/produs\/husa-de-protectie-apple-smart-folio-pentru-ipad-pro-12-9-5th-black\/","url":"https:\/\/klap.ro\/produs\/husa-de-protectie-apple-smart-folio-pentru-ipad-pro-12-9-5th-black\/","name":"Hus\u0103 de protec\u021bie Apple Smart Folio pentru iPad Pro 12.9\" (5th), Black - Klap","isPartOf":{"@id":"https:\/\/klap.ro\/#website"},"primaryImageOfPage":{"@id":"https:\/\/klap.ro\/produs\/husa-de-protectie-apple-smart-folio-pentru-ipad-pro-12-9-5th-black\/#primaryimage"},"image":{"@id":"https:\/\/klap.ro\/produs\/husa-de-protectie-apple-smart-folio-pentru-ipad-pro-12-9-5th-black\/#primaryimage"},"thumbnailUrl":"https:\/\/klap.ro\/wp-content\/uploads\/2025\/10\/husa_apple_black_ipadpro_klap.png","datePublished":"2025-10-24T15:53:07+00:00","dateModified":"2026-01-14T14:43:31+00:00","description":"Cumpara Hus\u0103 de protec\u021bie Apple Smart Folio pentru iPad Pro 12.9\" (5th), Black de la Klap! Platesti in rate, deschide coletul la livrare, garantie 12 luni, retur in 30 de zile.","breadcrumb":{"@id":"https:\/\/klap.ro\/produs\/husa-de-protectie-apple-smart-folio-pentru-ipad-pro-12-9-5th-black\/#breadcrumb"},"inLanguage":"en-GB","potentialAction":[{"@type":"ReadAction","target":["https:\/\/klap.ro\/produs\/husa-de-protectie-apple-smart-folio-pentru-ipad-pro-12-9-5th-black\/"]}]},{"@type":"ImageObject","inLanguage":"en-GB","@id":"https:\/\/klap.ro\/produs\/husa-de-protectie-apple-smart-folio-pentru-ipad-pro-12-9-5th-black\/#primaryimage","url":"https:\/\/klap.ro\/wp-content\/uploads\/2025\/10\/husa_apple_black_ipadpro_klap.png","contentUrl":"https:\/\/klap.ro\/wp-content\/uploads\/2025\/10\/husa_apple_black_ipadpro_klap.png","width":479,"height":521,"caption":"husa apple black ipadpro klap"},{"@type":"BreadcrumbList","@id":"https:\/\/klap.ro\/produs\/husa-de-protectie-apple-smart-folio-pentru-ipad-pro-12-9-5th-black\/#breadcrumb","itemListElement":[{"@type":"ListItem","position":1,"name":"Acas\u0103","item":"https:\/\/klap.ro\/"},{"@type":"ListItem","position":2,"name":"Shop","item":"https:\/\/klap.ro\/shop\/"},{"@type":"ListItem","position":3,"name":"Accesorii","item":"https:\/\/klap.ro\/shop\/accesorii\/"},{"@type":"ListItem","position":4,"name":"Hus\u0103 de protec\u021bie Apple Smart Folio pentru iPad Pro 12.9&#8243; (5th), Black"}]},{"@type":"WebSite","@id":"https:\/\/klap.ro\/#website","url":"https:\/\/klap.ro\/","name":"Klap","description":"","publisher":{"@id":"https:\/\/klap.ro\/#organization"},"potentialAction":[{"@type":"SearchAction","target":{"@type":"EntryPoint","urlTemplate":"https:\/\/klap.ro\/?s={search_term_string}"},"query-input":{"@type":"PropertyValueSpecification","valueRequired":true,"valueName":"search_term_string"}}],"inLanguage":"en-GB"},{"@type":"Organization","@id":"https:\/\/klap.ro\/#organization","name":"Klap","url":"https:\/\/klap.ro\/","logo":{"@type":"ImageObject","inLanguage":"en-GB","@id":"https:\/\/klap.ro\/#\/schema\/logo\/image\/","url":"https:\/\/klap.ro\/wp-content\/uploads\/2022\/02\/klap-logo-google.png","contentUrl":"https:\/\/klap.ro\/wp-content\/uploads\/2022\/02\/klap-logo-google.png","width":512,"height":512,"caption":"Klap"},"image":{"@id":"https:\/\/klap.ro\/#\/schema\/logo\/image\/"},"sameAs":["https:\/\/www.facebook.com\/klapromania\/","https:\/\/www.instagram.com\/klap.ro\/","https:\/\/www.youtube.com\/channel\/UC0w2XX6ZAscBZl3QHrLVezg","https:\/\/ro.linkedin.com\/company\/klap-tech"]}]}},"_links":{"self":[{"href":"https:\/\/klap.ro\/en\/wp-json\/wp\/v2\/product\/110467","targetHints":{"allow":["GET"]}}],"collection":[{"href":"https:\/\/klap.ro\/en\/wp-json\/wp\/v2\/product"}],"about":[{"href":"https:\/\/klap.ro\/en\/wp-json\/wp\/v2\/types\/product"}],"replies":[{"embeddable":true,"href":"https:\/\/klap.ro\/en\/wp-json\/wp\/v2\/comments?post=110467"}],"wp:featuredmedia":[{"embeddable":true,"href":"https:\/\/klap.ro\/en\/wp-json\/wp\/v2\/media\/110465"}],"wp:attachment":[{"href":"https:\/\/klap.ro\/en\/wp-json\/wp\/v2\/media?parent=110467"}],"wp:term":[{"taxonomy":"recomandat-klap","embeddable":true,"href":"https:\/\/klap.ro\/en\/wp-json\/wp\/v2\/recomandat-klap?post=110467"},{"taxonomy":"product_brand","embeddable":true,"href":"https:\/\/klap.ro\/en\/wp-json\/wp\/v2\/product_brand?post=110467"},{"taxonomy":"product_cat","embeddable":true,"href":"https:\/\/klap.ro\/en\/wp-json\/wp\/v2\/product_cat?post=110467"},{"taxonomy":"product_tag","embeddable":true,"href":"https:\/\/klap.ro\/en\/wp-json\/wp\/v2\/product_tag?post=110467"}],"curies":[{"name":"wp","href":"https:\/\/api.w.org\/{rel}","templated":true}]}}