{"id":110391,"date":"2025-10-24T13:16:51","date_gmt":"2025-10-24T10:16:51","guid":{"rendered":"https:\/\/klap.ro\/?post_type=product&#038;p=110391"},"modified":"2025-12-19T08:39:26","modified_gmt":"2025-12-19T06:39:26","slug":"tastatura-apple-magic-pentru-ipad-pro-13-m4-m5-mwr53ro-a-layout-ro-black","status":"publish","type":"product","link":"https:\/\/klap.ro\/en\/product\/tastatura-apple-magic-pentru-ipad-pro-13-m4-m5-mwr53ro-a-layout-ro-black\/","title":{"rendered":"Tastatur\u0103 Apple Magic pentru iPad Pro 13&#8243; M4\/M5 MWR53RO\/A, Layout RO, Black"},"content":{"rendered":"<p>Tastatura Apple Magic pentru iPad Pro 13&#8243; (M4) model MWR53RO\/A, Layout RO, ofer\u0103 o experien\u021b\u0103 excelent\u0103 de tastare \u0219i un trackpad pentru navigare avansat\u0103 pe iPadOS. Designul flotant permite reglarea u\u0219oar\u0103 a unghiului de vizualizare, iar portul USB-C asigur\u0103 \u00eenc\u0103rcare passthrough.<\/p>","protected":false},"excerpt":{"rendered":"<p>Tastatura Apple Magic pentru iPad Pro 13&#8243; (M4) model MWR53RO\/A, Layout RO, ofer\u0103 o experien\u021b\u0103 excelent\u0103 de tastare \u0219i un trackpad pentru navigare avansat\u0103 pe iPadOS. Designul flotant permite reglarea u\u0219oar\u0103 a unghiului de vizualizare, iar portul USB-C asigur\u0103 \u00eenc\u0103rcare passthrough.<\/p>","protected":false},"featured_media":110394,"comment_status":"closed","ping_status":"closed","template":"","meta":{"_acf_changed":false},"recomandat-klap":[],"product_brand":[],"product_cat":[2070,256,37,2580,1437,1486],"product_tag":[3958],"class_list":{"0":"post-110391","1":"product","2":"type-product","3":"status-publish","4":"has-post-thumbnail","6":"product_cat-produse-fulger","7":"product_cat-accesorii","8":"product_cat-apple","9":"product_cat-ofertaklap","10":"product_cat-tableta","11":"product_cat-tableta-apple","12":"product_tag-tastapple","14":"first","15":"outofstock","16":"taxable","17":"shipping-taxable","18":"product-type-variable","19":"has-default-attributes"},"acf":[],"yoast_head":"<!-- This site is optimized with the Yoast SEO plugin v25.4 - https:\/\/yoast.com\/wordpress\/plugins\/seo\/ -->\n<title>Tastatur\u0103 Apple Magic pentru iPad Pro 13&quot; M4\/M5 MWR53RO\/A, Layout RO, Black - Klap<\/title>\n<meta name=\"description\" content=\"Cumpara Tastatur\u0103 Apple Magic pentru iPad Pro 13&quot; M4\/M5 MWR53RO\/A, Layout RO, Black de la Klap! Platesti in rate, deschide coletul la livrare, garantie 12 luni, retur in 30 de zile.\" \/>\n<meta name=\"robots\" content=\"index, follow, max-snippet:-1, max-image-preview:large, max-video-preview:-1\" \/>\n<link rel=\"canonical\" href=\"https:\/\/klap.ro\/en\/product\/tastatura-apple-magic-pentru-ipad-pro-13-m4-m5-mwr53ro-a-layout-ro-black\/\" \/>\n<meta property=\"og:locale\" content=\"en_GB\" \/>\n<meta property=\"og:type\" content=\"article\" \/>\n<meta property=\"og:title\" content=\"Tastatur\u0103 Apple Magic pentru iPad Pro 13&quot; M4\/M5 MWR53RO\/A, Layout RO, Black - Klap\" \/>\n<meta property=\"og:description\" content=\"Cumpara Tastatur\u0103 Apple Magic pentru iPad Pro 13&quot; M4\/M5 MWR53RO\/A, Layout RO, Black de la Klap! Platesti in rate, deschide coletul la livrare, garantie 12 luni, retur in 30 de zile.\" \/>\n<meta property=\"og:url\" content=\"https:\/\/klap.ro\/en\/product\/tastatura-apple-magic-pentru-ipad-pro-13-m4-m5-mwr53ro-a-layout-ro-black\/\" \/>\n<meta property=\"og:site_name\" content=\"Klap\" \/>\n<meta property=\"article:publisher\" content=\"https:\/\/www.facebook.com\/klapromania\/\" \/>\n<meta property=\"article:modified_time\" content=\"2025-12-19T06:39:26+00:00\" \/>\n<meta property=\"og:image\" content=\"https:\/\/klap.ro\/wp-content\/uploads\/2025\/10\/tastatura_apple_magic_ipadpro13_black.png\" \/>\n\t<meta property=\"og:image:width\" content=\"524\" \/>\n\t<meta property=\"og:image:height\" content=\"476\" \/>\n\t<meta property=\"og:image:type\" content=\"image\/png\" \/>\n<script type=\"application\/ld+json\" class=\"yoast-schema-graph\">{\"@context\":\"https:\/\/schema.org\",\"@graph\":[{\"@type\":\"WebPage\",\"@id\":\"https:\/\/klap.ro\/produs\/tastatura-apple-magic-pentru-ipad-pro-13-m4-m5-mwr53ro-a-layout-ro-black\/\",\"url\":\"https:\/\/klap.ro\/produs\/tastatura-apple-magic-pentru-ipad-pro-13-m4-m5-mwr53ro-a-layout-ro-black\/\",\"name\":\"Tastatur\u0103 Apple Magic pentru iPad Pro 13\\\" M4\/M5 MWR53RO\/A, Layout RO, Black - Klap\",\"isPartOf\":{\"@id\":\"https:\/\/klap.ro\/#website\"},\"primaryImageOfPage\":{\"@id\":\"https:\/\/klap.ro\/produs\/tastatura-apple-magic-pentru-ipad-pro-13-m4-m5-mwr53ro-a-layout-ro-black\/#primaryimage\"},\"image\":{\"@id\":\"https:\/\/klap.ro\/produs\/tastatura-apple-magic-pentru-ipad-pro-13-m4-m5-mwr53ro-a-layout-ro-black\/#primaryimage\"},\"thumbnailUrl\":\"https:\/\/klap.ro\/wp-content\/uploads\/2025\/10\/tastatura_apple_magic_ipadpro13_black.png\",\"datePublished\":\"2025-10-24T10:16:51+00:00\",\"dateModified\":\"2025-12-19T06:39:26+00:00\",\"description\":\"Cumpara Tastatur\u0103 Apple Magic pentru iPad Pro 13\\\" M4\/M5 MWR53RO\/A, Layout RO, Black de la Klap! Platesti in rate, deschide coletul la livrare, garantie 12 luni, retur in 30 de zile.\",\"breadcrumb\":{\"@id\":\"https:\/\/klap.ro\/produs\/tastatura-apple-magic-pentru-ipad-pro-13-m4-m5-mwr53ro-a-layout-ro-black\/#breadcrumb\"},\"inLanguage\":\"en-GB\",\"potentialAction\":[{\"@type\":\"ReadAction\",\"target\":[\"https:\/\/klap.ro\/produs\/tastatura-apple-magic-pentru-ipad-pro-13-m4-m5-mwr53ro-a-layout-ro-black\/\"]}]},{\"@type\":\"ImageObject\",\"inLanguage\":\"en-GB\",\"@id\":\"https:\/\/klap.ro\/produs\/tastatura-apple-magic-pentru-ipad-pro-13-m4-m5-mwr53ro-a-layout-ro-black\/#primaryimage\",\"url\":\"https:\/\/klap.ro\/wp-content\/uploads\/2025\/10\/tastatura_apple_magic_ipadpro13_black.png\",\"contentUrl\":\"https:\/\/klap.ro\/wp-content\/uploads\/2025\/10\/tastatura_apple_magic_ipadpro13_black.png\",\"width\":524,\"height\":476,\"caption\":\"tastatura apple magic ipadpro black\"},{\"@type\":\"BreadcrumbList\",\"@id\":\"https:\/\/klap.ro\/produs\/tastatura-apple-magic-pentru-ipad-pro-13-m4-m5-mwr53ro-a-layout-ro-black\/#breadcrumb\",\"itemListElement\":[{\"@type\":\"ListItem\",\"position\":1,\"name\":\"Acas\u0103\",\"item\":\"https:\/\/klap.ro\/\"},{\"@type\":\"ListItem\",\"position\":2,\"name\":\"Shop\",\"item\":\"https:\/\/klap.ro\/shop\/\"},{\"@type\":\"ListItem\",\"position\":3,\"name\":\"Accesorii\",\"item\":\"https:\/\/klap.ro\/shop\/accesorii\/\"},{\"@type\":\"ListItem\",\"position\":4,\"name\":\"Tastatur\u0103 Apple Magic pentru iPad Pro 13&#8243; M4\/M5 MWR53RO\/A, Layout RO, Black\"}]},{\"@type\":\"WebSite\",\"@id\":\"https:\/\/klap.ro\/#website\",\"url\":\"https:\/\/klap.ro\/\",\"name\":\"Klap\",\"description\":\"\",\"publisher\":{\"@id\":\"https:\/\/klap.ro\/#organization\"},\"potentialAction\":[{\"@type\":\"SearchAction\",\"target\":{\"@type\":\"EntryPoint\",\"urlTemplate\":\"https:\/\/klap.ro\/?s={search_term_string}\"},\"query-input\":{\"@type\":\"PropertyValueSpecification\",\"valueRequired\":true,\"valueName\":\"search_term_string\"}}],\"inLanguage\":\"en-GB\"},{\"@type\":\"Organization\",\"@id\":\"https:\/\/klap.ro\/#organization\",\"name\":\"Klap\",\"url\":\"https:\/\/klap.ro\/\",\"logo\":{\"@type\":\"ImageObject\",\"inLanguage\":\"en-GB\",\"@id\":\"https:\/\/klap.ro\/#\/schema\/logo\/image\/\",\"url\":\"https:\/\/klap.ro\/wp-content\/uploads\/2022\/02\/klap-logo-google.png\",\"contentUrl\":\"https:\/\/klap.ro\/wp-content\/uploads\/2022\/02\/klap-logo-google.png\",\"width\":512,\"height\":512,\"caption\":\"Klap\"},\"image\":{\"@id\":\"https:\/\/klap.ro\/#\/schema\/logo\/image\/\"},\"sameAs\":[\"https:\/\/www.facebook.com\/klapromania\/\",\"https:\/\/www.instagram.com\/klap.ro\/\",\"https:\/\/www.youtube.com\/channel\/UC0w2XX6ZAscBZl3QHrLVezg\",\"https:\/\/ro.linkedin.com\/company\/klap-tech\"]}]}<\/script>\n<!-- \/ Yoast SEO plugin. -->","yoast_head_json":{"title":"Tastatur\u0103 Apple Magic pentru iPad Pro 13\" M4\/M5 MWR53RO\/A, Layout RO, Black - Klap","description":"Cumpara Tastatur\u0103 Apple Magic pentru iPad Pro 13\" M4\/M5 MWR53RO\/A, Layout RO, Black de la Klap! Platesti in rate, deschide coletul la livrare, garantie 12 luni, retur in 30 de zile.","robots":{"index":"index","follow":"follow","max-snippet":"max-snippet:-1","max-image-preview":"max-image-preview:large","max-video-preview":"max-video-preview:-1"},"canonical":"https:\/\/klap.ro\/en\/product\/tastatura-apple-magic-pentru-ipad-pro-13-m4-m5-mwr53ro-a-layout-ro-black\/","og_locale":"en_GB","og_type":"article","og_title":"Tastatur\u0103 Apple Magic pentru iPad Pro 13\" M4\/M5 MWR53RO\/A, Layout RO, Black - Klap","og_description":"Cumpara Tastatur\u0103 Apple Magic pentru iPad Pro 13\" M4\/M5 MWR53RO\/A, Layout RO, Black de la Klap! Platesti in rate, deschide coletul la livrare, garantie 12 luni, retur in 30 de zile.","og_url":"https:\/\/klap.ro\/en\/product\/tastatura-apple-magic-pentru-ipad-pro-13-m4-m5-mwr53ro-a-layout-ro-black\/","og_site_name":"Klap","article_publisher":"https:\/\/www.facebook.com\/klapromania\/","article_modified_time":"2025-12-19T06:39:26+00:00","og_image":[{"width":524,"height":476,"url":"https:\/\/klap.ro\/wp-content\/uploads\/2025\/10\/tastatura_apple_magic_ipadpro13_black.png","type":"image\/png"}],"schema":{"@context":"https:\/\/schema.org","@graph":[{"@type":"WebPage","@id":"https:\/\/klap.ro\/produs\/tastatura-apple-magic-pentru-ipad-pro-13-m4-m5-mwr53ro-a-layout-ro-black\/","url":"https:\/\/klap.ro\/produs\/tastatura-apple-magic-pentru-ipad-pro-13-m4-m5-mwr53ro-a-layout-ro-black\/","name":"Tastatur\u0103 Apple Magic pentru iPad Pro 13\" M4\/M5 MWR53RO\/A, Layout RO, Black - Klap","isPartOf":{"@id":"https:\/\/klap.ro\/#website"},"primaryImageOfPage":{"@id":"https:\/\/klap.ro\/produs\/tastatura-apple-magic-pentru-ipad-pro-13-m4-m5-mwr53ro-a-layout-ro-black\/#primaryimage"},"image":{"@id":"https:\/\/klap.ro\/produs\/tastatura-apple-magic-pentru-ipad-pro-13-m4-m5-mwr53ro-a-layout-ro-black\/#primaryimage"},"thumbnailUrl":"https:\/\/klap.ro\/wp-content\/uploads\/2025\/10\/tastatura_apple_magic_ipadpro13_black.png","datePublished":"2025-10-24T10:16:51+00:00","dateModified":"2025-12-19T06:39:26+00:00","description":"Cumpara Tastatur\u0103 Apple Magic pentru iPad Pro 13\" M4\/M5 MWR53RO\/A, Layout RO, Black de la Klap! Platesti in rate, deschide coletul la livrare, garantie 12 luni, retur in 30 de zile.","breadcrumb":{"@id":"https:\/\/klap.ro\/produs\/tastatura-apple-magic-pentru-ipad-pro-13-m4-m5-mwr53ro-a-layout-ro-black\/#breadcrumb"},"inLanguage":"en-GB","potentialAction":[{"@type":"ReadAction","target":["https:\/\/klap.ro\/produs\/tastatura-apple-magic-pentru-ipad-pro-13-m4-m5-mwr53ro-a-layout-ro-black\/"]}]},{"@type":"ImageObject","inLanguage":"en-GB","@id":"https:\/\/klap.ro\/produs\/tastatura-apple-magic-pentru-ipad-pro-13-m4-m5-mwr53ro-a-layout-ro-black\/#primaryimage","url":"https:\/\/klap.ro\/wp-content\/uploads\/2025\/10\/tastatura_apple_magic_ipadpro13_black.png","contentUrl":"https:\/\/klap.ro\/wp-content\/uploads\/2025\/10\/tastatura_apple_magic_ipadpro13_black.png","width":524,"height":476,"caption":"tastatura apple magic ipadpro black"},{"@type":"BreadcrumbList","@id":"https:\/\/klap.ro\/produs\/tastatura-apple-magic-pentru-ipad-pro-13-m4-m5-mwr53ro-a-layout-ro-black\/#breadcrumb","itemListElement":[{"@type":"ListItem","position":1,"name":"Acas\u0103","item":"https:\/\/klap.ro\/"},{"@type":"ListItem","position":2,"name":"Shop","item":"https:\/\/klap.ro\/shop\/"},{"@type":"ListItem","position":3,"name":"Accesorii","item":"https:\/\/klap.ro\/shop\/accesorii\/"},{"@type":"ListItem","position":4,"name":"Tastatur\u0103 Apple Magic pentru iPad Pro 13&#8243; M4\/M5 MWR53RO\/A, Layout RO, Black"}]},{"@type":"WebSite","@id":"https:\/\/klap.ro\/#website","url":"https:\/\/klap.ro\/","name":"Klap","description":"","publisher":{"@id":"https:\/\/klap.ro\/#organization"},"potentialAction":[{"@type":"SearchAction","target":{"@type":"EntryPoint","urlTemplate":"https:\/\/klap.ro\/?s={search_term_string}"},"query-input":{"@type":"PropertyValueSpecification","valueRequired":true,"valueName":"search_term_string"}}],"inLanguage":"en-GB"},{"@type":"Organization","@id":"https:\/\/klap.ro\/#organization","name":"Klap","url":"https:\/\/klap.ro\/","logo":{"@type":"ImageObject","inLanguage":"en-GB","@id":"https:\/\/klap.ro\/#\/schema\/logo\/image\/","url":"https:\/\/klap.ro\/wp-content\/uploads\/2022\/02\/klap-logo-google.png","contentUrl":"https:\/\/klap.ro\/wp-content\/uploads\/2022\/02\/klap-logo-google.png","width":512,"height":512,"caption":"Klap"},"image":{"@id":"https:\/\/klap.ro\/#\/schema\/logo\/image\/"},"sameAs":["https:\/\/www.facebook.com\/klapromania\/","https:\/\/www.instagram.com\/klap.ro\/","https:\/\/www.youtube.com\/channel\/UC0w2XX6ZAscBZl3QHrLVezg","https:\/\/ro.linkedin.com\/company\/klap-tech"]}]}},"_links":{"self":[{"href":"https:\/\/klap.ro\/en\/wp-json\/wp\/v2\/product\/110391","targetHints":{"allow":["GET"]}}],"collection":[{"href":"https:\/\/klap.ro\/en\/wp-json\/wp\/v2\/product"}],"about":[{"href":"https:\/\/klap.ro\/en\/wp-json\/wp\/v2\/types\/product"}],"replies":[{"embeddable":true,"href":"https:\/\/klap.ro\/en\/wp-json\/wp\/v2\/comments?post=110391"}],"wp:featuredmedia":[{"embeddable":true,"href":"https:\/\/klap.ro\/en\/wp-json\/wp\/v2\/media\/110394"}],"wp:attachment":[{"href":"https:\/\/klap.ro\/en\/wp-json\/wp\/v2\/media?parent=110391"}],"wp:term":[{"taxonomy":"recomandat-klap","embeddable":true,"href":"https:\/\/klap.ro\/en\/wp-json\/wp\/v2\/recomandat-klap?post=110391"},{"taxonomy":"product_brand","embeddable":true,"href":"https:\/\/klap.ro\/en\/wp-json\/wp\/v2\/product_brand?post=110391"},{"taxonomy":"product_cat","embeddable":true,"href":"https:\/\/klap.ro\/en\/wp-json\/wp\/v2\/product_cat?post=110391"},{"taxonomy":"product_tag","embeddable":true,"href":"https:\/\/klap.ro\/en\/wp-json\/wp\/v2\/product_tag?post=110391"}],"curies":[{"name":"wp","href":"https:\/\/api.w.org\/{rel}","templated":true}]}}