{"id":110008,"date":"2025-10-16T13:14:29","date_gmt":"2025-10-16T10:14:29","guid":{"rendered":"https:\/\/klap.ro\/?post_type=product&#038;p=110008"},"modified":"2026-02-27T19:18:45","modified_gmt":"2026-02-27T17:18:45","slug":"alcatel-hh40v-lte-cat4-flybox","status":"publish","type":"product","link":"https:\/\/klap.ro\/en\/product\/alcatel-hh40v-lte-cat4-flybox\/","title":{"rendered":"Router Alcatel HH40V LTE cat4 Flybox"},"content":{"rendered":"<p>Alcatel HH40V Linkhub (cunoscut adesea sub numele de &#8220;Flybox&#8221; la unii operatori) este un router de band\u0103 larg\u0103 fix\u0103 4G LTE Cat4 conceput pentru a furniza acces la internet acas\u0103 sau la birouri mici, folosind o cartel\u0103 SIM. Este o solu\u021bie simpl\u0103 \u0219i eficient\u0103 pentru a transforma un abonament de date mobile \u00eentr-o re\u021bea Wi-Fi casnic\u0103.<\/p>","protected":false},"excerpt":{"rendered":"<p>Alcatel HH40V Linkhub (cunoscut adesea sub numele de &#8220;Flybox&#8221; la unii operatori) este un router de band\u0103 larg\u0103 fix\u0103 4G LTE Cat4 conceput pentru a furniza acces la internet acas\u0103 sau la birouri mici, folosind o cartel\u0103 SIM. Este o solu\u021bie simpl\u0103 \u0219i eficient\u0103 pentru a transforma un abonament de date mobile \u00eentr-o re\u021bea Wi-Fi [&hellip;]<\/p>","protected":false},"featured_media":110010,"comment_status":"open","ping_status":"closed","template":"","meta":{"_acf_changed":false},"recomandat-klap":[],"product_brand":[],"product_cat":[2070,2580,2071],"product_tag":[4503],"class_list":{"0":"post-110008","1":"product","2":"type-product","3":"status-publish","4":"has-post-thumbnail","6":"product_cat-produse-fulger","7":"product_cat-ofertaklap","8":"product_cat-routere","9":"product_tag-alcatelhh40vlte","11":"first","12":"outofstock","13":"sold-individually","14":"taxable","15":"shipping-taxable","16":"product-type-variable","17":"has-default-attributes"},"acf":[],"yoast_head":"<!-- This site is optimized with the Yoast SEO plugin v25.4 - https:\/\/yoast.com\/wordpress\/plugins\/seo\/ -->\n<title>Router Alcatel HH40V LTE cat4 Flybox - Klap<\/title>\n<meta name=\"description\" content=\"Cumpara Router Alcatel HH40V LTE cat4 Flybox de la Klap! Platesti in rate, deschide coletul la livrare, garantie 12 luni, retur in 30 de zile.\" \/>\n<meta name=\"robots\" content=\"index, follow, max-snippet:-1, max-image-preview:large, max-video-preview:-1\" \/>\n<link rel=\"canonical\" href=\"https:\/\/klap.ro\/en\/product\/alcatel-hh40v-lte-cat4-flybox\/\" \/>\n<meta property=\"og:locale\" content=\"en_GB\" \/>\n<meta property=\"og:type\" content=\"article\" \/>\n<meta property=\"og:title\" content=\"Router Alcatel HH40V LTE cat4 Flybox - Klap\" \/>\n<meta property=\"og:description\" content=\"Cumpara Router Alcatel HH40V LTE cat4 Flybox de la Klap! Platesti in rate, deschide coletul la livrare, garantie 12 luni, retur in 30 de zile.\" \/>\n<meta property=\"og:url\" content=\"https:\/\/klap.ro\/en\/product\/alcatel-hh40v-lte-cat4-flybox\/\" \/>\n<meta property=\"og:site_name\" content=\"Klap\" \/>\n<meta property=\"article:publisher\" content=\"https:\/\/www.facebook.com\/klapromania\/\" \/>\n<meta property=\"article:modified_time\" content=\"2026-02-27T17:18:45+00:00\" \/>\n<meta property=\"og:image\" content=\"https:\/\/klap.ro\/wp-content\/uploads\/2025\/10\/alcatel_hh40v-lte-Flybox.jpg\" \/>\n\t<meta property=\"og:image:width\" content=\"858\" \/>\n\t<meta property=\"og:image:height\" content=\"1000\" \/>\n\t<meta property=\"og:image:type\" content=\"image\/jpeg\" \/>\n<script type=\"application\/ld+json\" class=\"yoast-schema-graph\">{\"@context\":\"https:\/\/schema.org\",\"@graph\":[{\"@type\":\"WebPage\",\"@id\":\"https:\/\/klap.ro\/produs\/alcatel-hh40v-lte-cat4-flybox\/\",\"url\":\"https:\/\/klap.ro\/produs\/alcatel-hh40v-lte-cat4-flybox\/\",\"name\":\"Router Alcatel HH40V LTE cat4 Flybox - Klap\",\"isPartOf\":{\"@id\":\"https:\/\/klap.ro\/#website\"},\"primaryImageOfPage\":{\"@id\":\"https:\/\/klap.ro\/produs\/alcatel-hh40v-lte-cat4-flybox\/#primaryimage\"},\"image\":{\"@id\":\"https:\/\/klap.ro\/produs\/alcatel-hh40v-lte-cat4-flybox\/#primaryimage\"},\"thumbnailUrl\":\"https:\/\/klap.ro\/wp-content\/uploads\/2025\/10\/alcatel_hh40v-lte-Flybox.jpg\",\"datePublished\":\"2025-10-16T10:14:29+00:00\",\"dateModified\":\"2026-02-27T17:18:45+00:00\",\"description\":\"Cumpara Router Alcatel HH40V LTE cat4 Flybox de la Klap! Platesti in rate, deschide coletul la livrare, garantie 12 luni, retur in 30 de zile.\",\"breadcrumb\":{\"@id\":\"https:\/\/klap.ro\/produs\/alcatel-hh40v-lte-cat4-flybox\/#breadcrumb\"},\"inLanguage\":\"en-GB\",\"potentialAction\":[{\"@type\":\"ReadAction\",\"target\":[\"https:\/\/klap.ro\/produs\/alcatel-hh40v-lte-cat4-flybox\/\"]}]},{\"@type\":\"ImageObject\",\"inLanguage\":\"en-GB\",\"@id\":\"https:\/\/klap.ro\/produs\/alcatel-hh40v-lte-cat4-flybox\/#primaryimage\",\"url\":\"https:\/\/klap.ro\/wp-content\/uploads\/2025\/10\/alcatel_hh40v-lte-Flybox.jpg\",\"contentUrl\":\"https:\/\/klap.ro\/wp-content\/uploads\/2025\/10\/alcatel_hh40v-lte-Flybox.jpg\",\"width\":858,\"height\":1000,\"caption\":\"alcatel hhv lte Flybox\"},{\"@type\":\"BreadcrumbList\",\"@id\":\"https:\/\/klap.ro\/produs\/alcatel-hh40v-lte-cat4-flybox\/#breadcrumb\",\"itemListElement\":[{\"@type\":\"ListItem\",\"position\":1,\"name\":\"Acas\u0103\",\"item\":\"https:\/\/klap.ro\/\"},{\"@type\":\"ListItem\",\"position\":2,\"name\":\"Shop\",\"item\":\"https:\/\/klap.ro\/shop\/\"},{\"@type\":\"ListItem\",\"position\":3,\"name\":\"\u26a1 Produse Fulger \u26a1\",\"item\":\"https:\/\/klap.ro\/shop\/produse-fulger\/\"},{\"@type\":\"ListItem\",\"position\":4,\"name\":\"Router Alcatel HH40V LTE cat4 Flybox\"}]},{\"@type\":\"WebSite\",\"@id\":\"https:\/\/klap.ro\/#website\",\"url\":\"https:\/\/klap.ro\/\",\"name\":\"Klap\",\"description\":\"\",\"publisher\":{\"@id\":\"https:\/\/klap.ro\/#organization\"},\"potentialAction\":[{\"@type\":\"SearchAction\",\"target\":{\"@type\":\"EntryPoint\",\"urlTemplate\":\"https:\/\/klap.ro\/?s={search_term_string}\"},\"query-input\":{\"@type\":\"PropertyValueSpecification\",\"valueRequired\":true,\"valueName\":\"search_term_string\"}}],\"inLanguage\":\"en-GB\"},{\"@type\":\"Organization\",\"@id\":\"https:\/\/klap.ro\/#organization\",\"name\":\"Klap\",\"url\":\"https:\/\/klap.ro\/\",\"logo\":{\"@type\":\"ImageObject\",\"inLanguage\":\"en-GB\",\"@id\":\"https:\/\/klap.ro\/#\/schema\/logo\/image\/\",\"url\":\"https:\/\/klap.ro\/wp-content\/uploads\/2022\/02\/klap-logo-google.png\",\"contentUrl\":\"https:\/\/klap.ro\/wp-content\/uploads\/2022\/02\/klap-logo-google.png\",\"width\":512,\"height\":512,\"caption\":\"Klap\"},\"image\":{\"@id\":\"https:\/\/klap.ro\/#\/schema\/logo\/image\/\"},\"sameAs\":[\"https:\/\/www.facebook.com\/klapromania\/\",\"https:\/\/www.instagram.com\/klap.ro\/\",\"https:\/\/www.youtube.com\/channel\/UC0w2XX6ZAscBZl3QHrLVezg\",\"https:\/\/ro.linkedin.com\/company\/klap-tech\"]}]}<\/script>\n<!-- \/ Yoast SEO plugin. -->","yoast_head_json":{"title":"Router Alcatel HH40V LTE cat4 Flybox - Klap","description":"Cumpara Router Alcatel HH40V LTE cat4 Flybox de la Klap! Platesti in rate, deschide coletul la livrare, garantie 12 luni, retur in 30 de zile.","robots":{"index":"index","follow":"follow","max-snippet":"max-snippet:-1","max-image-preview":"max-image-preview:large","max-video-preview":"max-video-preview:-1"},"canonical":"https:\/\/klap.ro\/en\/product\/alcatel-hh40v-lte-cat4-flybox\/","og_locale":"en_GB","og_type":"article","og_title":"Router Alcatel HH40V LTE cat4 Flybox - Klap","og_description":"Cumpara Router Alcatel HH40V LTE cat4 Flybox de la Klap! Platesti in rate, deschide coletul la livrare, garantie 12 luni, retur in 30 de zile.","og_url":"https:\/\/klap.ro\/en\/product\/alcatel-hh40v-lte-cat4-flybox\/","og_site_name":"Klap","article_publisher":"https:\/\/www.facebook.com\/klapromania\/","article_modified_time":"2026-02-27T17:18:45+00:00","og_image":[{"width":858,"height":1000,"url":"https:\/\/klap.ro\/wp-content\/uploads\/2025\/10\/alcatel_hh40v-lte-Flybox.jpg","type":"image\/jpeg"}],"schema":{"@context":"https:\/\/schema.org","@graph":[{"@type":"WebPage","@id":"https:\/\/klap.ro\/produs\/alcatel-hh40v-lte-cat4-flybox\/","url":"https:\/\/klap.ro\/produs\/alcatel-hh40v-lte-cat4-flybox\/","name":"Router Alcatel HH40V LTE cat4 Flybox - Klap","isPartOf":{"@id":"https:\/\/klap.ro\/#website"},"primaryImageOfPage":{"@id":"https:\/\/klap.ro\/produs\/alcatel-hh40v-lte-cat4-flybox\/#primaryimage"},"image":{"@id":"https:\/\/klap.ro\/produs\/alcatel-hh40v-lte-cat4-flybox\/#primaryimage"},"thumbnailUrl":"https:\/\/klap.ro\/wp-content\/uploads\/2025\/10\/alcatel_hh40v-lte-Flybox.jpg","datePublished":"2025-10-16T10:14:29+00:00","dateModified":"2026-02-27T17:18:45+00:00","description":"Cumpara Router Alcatel HH40V LTE cat4 Flybox de la Klap! Platesti in rate, deschide coletul la livrare, garantie 12 luni, retur in 30 de zile.","breadcrumb":{"@id":"https:\/\/klap.ro\/produs\/alcatel-hh40v-lte-cat4-flybox\/#breadcrumb"},"inLanguage":"en-GB","potentialAction":[{"@type":"ReadAction","target":["https:\/\/klap.ro\/produs\/alcatel-hh40v-lte-cat4-flybox\/"]}]},{"@type":"ImageObject","inLanguage":"en-GB","@id":"https:\/\/klap.ro\/produs\/alcatel-hh40v-lte-cat4-flybox\/#primaryimage","url":"https:\/\/klap.ro\/wp-content\/uploads\/2025\/10\/alcatel_hh40v-lte-Flybox.jpg","contentUrl":"https:\/\/klap.ro\/wp-content\/uploads\/2025\/10\/alcatel_hh40v-lte-Flybox.jpg","width":858,"height":1000,"caption":"alcatel hhv lte Flybox"},{"@type":"BreadcrumbList","@id":"https:\/\/klap.ro\/produs\/alcatel-hh40v-lte-cat4-flybox\/#breadcrumb","itemListElement":[{"@type":"ListItem","position":1,"name":"Acas\u0103","item":"https:\/\/klap.ro\/"},{"@type":"ListItem","position":2,"name":"Shop","item":"https:\/\/klap.ro\/shop\/"},{"@type":"ListItem","position":3,"name":"\u26a1 Produse Fulger \u26a1","item":"https:\/\/klap.ro\/shop\/produse-fulger\/"},{"@type":"ListItem","position":4,"name":"Router Alcatel HH40V LTE cat4 Flybox"}]},{"@type":"WebSite","@id":"https:\/\/klap.ro\/#website","url":"https:\/\/klap.ro\/","name":"Klap","description":"","publisher":{"@id":"https:\/\/klap.ro\/#organization"},"potentialAction":[{"@type":"SearchAction","target":{"@type":"EntryPoint","urlTemplate":"https:\/\/klap.ro\/?s={search_term_string}"},"query-input":{"@type":"PropertyValueSpecification","valueRequired":true,"valueName":"search_term_string"}}],"inLanguage":"en-GB"},{"@type":"Organization","@id":"https:\/\/klap.ro\/#organization","name":"Klap","url":"https:\/\/klap.ro\/","logo":{"@type":"ImageObject","inLanguage":"en-GB","@id":"https:\/\/klap.ro\/#\/schema\/logo\/image\/","url":"https:\/\/klap.ro\/wp-content\/uploads\/2022\/02\/klap-logo-google.png","contentUrl":"https:\/\/klap.ro\/wp-content\/uploads\/2022\/02\/klap-logo-google.png","width":512,"height":512,"caption":"Klap"},"image":{"@id":"https:\/\/klap.ro\/#\/schema\/logo\/image\/"},"sameAs":["https:\/\/www.facebook.com\/klapromania\/","https:\/\/www.instagram.com\/klap.ro\/","https:\/\/www.youtube.com\/channel\/UC0w2XX6ZAscBZl3QHrLVezg","https:\/\/ro.linkedin.com\/company\/klap-tech"]}]}},"_links":{"self":[{"href":"https:\/\/klap.ro\/en\/wp-json\/wp\/v2\/product\/110008","targetHints":{"allow":["GET"]}}],"collection":[{"href":"https:\/\/klap.ro\/en\/wp-json\/wp\/v2\/product"}],"about":[{"href":"https:\/\/klap.ro\/en\/wp-json\/wp\/v2\/types\/product"}],"replies":[{"embeddable":true,"href":"https:\/\/klap.ro\/en\/wp-json\/wp\/v2\/comments?post=110008"}],"wp:featuredmedia":[{"embeddable":true,"href":"https:\/\/klap.ro\/en\/wp-json\/wp\/v2\/media\/110010"}],"wp:attachment":[{"href":"https:\/\/klap.ro\/en\/wp-json\/wp\/v2\/media?parent=110008"}],"wp:term":[{"taxonomy":"recomandat-klap","embeddable":true,"href":"https:\/\/klap.ro\/en\/wp-json\/wp\/v2\/recomandat-klap?post=110008"},{"taxonomy":"product_brand","embeddable":true,"href":"https:\/\/klap.ro\/en\/wp-json\/wp\/v2\/product_brand?post=110008"},{"taxonomy":"product_cat","embeddable":true,"href":"https:\/\/klap.ro\/en\/wp-json\/wp\/v2\/product_cat?post=110008"},{"taxonomy":"product_tag","embeddable":true,"href":"https:\/\/klap.ro\/en\/wp-json\/wp\/v2\/product_tag?post=110008"}],"curies":[{"name":"wp","href":"https:\/\/api.w.org\/{rel}","templated":true}]}}