{"id":107129,"date":"2025-08-22T13:20:51","date_gmt":"2025-08-22T10:20:51","guid":{"rendered":"https:\/\/klap.ro\/?post_type=product&#038;p=107129"},"modified":"2025-10-29T15:24:52","modified_gmt":"2025-10-29T13:24:52","slug":"bec-led-rgb-inteligent-tp-link-tapo-l530e-wi-fi-e27-8-7w-60w-clasa-energetica-f","status":"publish","type":"product","link":"https:\/\/klap.ro\/en\/product\/bec-led-rgb-inteligent-tp-link-tapo-l530e-wi-fi-e27-8-7w-60w-clasa-energetica-f\/","title":{"rendered":"Bec LED RGB inteligent TP-Link Tapo L530E, Wi-Fi, E27, 8.7W (60W) clasa energetica F"},"content":{"rendered":"<p>Becul LED RGB inteligent TP-Link Tapo L530E creeaz\u0103 atmosfera ideal\u0103 cu 16 milioane de culori, luminozitate reglabil\u0103 (1\u2013100%) \u0219i control vocal prin Amazon Alexa \u0219i Google Assistant. Ofer\u0103 lumin\u0103 echivalent\u0103 unui bec de 60W, cu doar 8,7W consum.<\/p>","protected":false},"excerpt":{"rendered":"<p>Becul LED RGB inteligent TP-Link Tapo L530E creeaz\u0103 atmosfera ideal\u0103 cu 16 milioane de culori, luminozitate reglabil\u0103 (1\u2013100%) \u0219i control vocal prin Amazon Alexa \u0219i Google Assistant. Ofer\u0103 lumin\u0103 echivalent\u0103 unui bec de 60W, cu doar 8,7W consum.<\/p>","protected":false},"featured_media":107134,"comment_status":"open","ping_status":"closed","template":"","meta":{"_acf_changed":false},"recomandat-klap":[],"product_brand":[],"product_cat":[2070],"product_tag":[4450],"class_list":{"0":"post-107129","1":"product","2":"type-product","3":"status-publish","4":"has-post-thumbnail","6":"product_cat-produse-fulger","7":"product_tag-becintelgienttapo","9":"first","10":"outofstock","11":"taxable","12":"shipping-taxable","13":"product-type-variable","14":"has-default-attributes"},"acf":[],"yoast_head":"<!-- This site is optimized with the Yoast SEO plugin v25.4 - https:\/\/yoast.com\/wordpress\/plugins\/seo\/ -->\n<title>Bec LED RGB inteligent TP-Link Tapo L530E, Wi-Fi, E27, 8.7W (60W) clasa energetica F - Klap<\/title>\n<meta name=\"description\" content=\"Cumpara Bec LED RGB inteligent TP-Link Tapo L530E, Wi-Fi, E27, 8.7W (60W) clasa energetica F de la Klap! Platesti in rate, deschide coletul la livrare, garantie 12 luni, retur in 30 de zile.\" \/>\n<meta name=\"robots\" content=\"index, follow, max-snippet:-1, max-image-preview:large, max-video-preview:-1\" \/>\n<link rel=\"canonical\" href=\"https:\/\/klap.ro\/en\/product\/bec-led-rgb-inteligent-tp-link-tapo-l530e-wi-fi-e27-8-7w-60w-clasa-energetica-f\/\" \/>\n<meta property=\"og:locale\" content=\"en_GB\" \/>\n<meta property=\"og:type\" content=\"article\" \/>\n<meta property=\"og:title\" content=\"Bec LED RGB inteligent TP-Link Tapo L530E, Wi-Fi, E27, 8.7W (60W) clasa energetica F - Klap\" \/>\n<meta property=\"og:description\" content=\"Cumpara Bec LED RGB inteligent TP-Link Tapo L530E, Wi-Fi, E27, 8.7W (60W) clasa energetica F de la Klap! Platesti in rate, deschide coletul la livrare, garantie 12 luni, retur in 30 de zile.\" \/>\n<meta property=\"og:url\" content=\"https:\/\/klap.ro\/en\/product\/bec-led-rgb-inteligent-tp-link-tapo-l530e-wi-fi-e27-8-7w-60w-clasa-energetica-f\/\" \/>\n<meta property=\"og:site_name\" content=\"Klap\" \/>\n<meta property=\"article:publisher\" content=\"https:\/\/www.facebook.com\/klapromania\/\" \/>\n<meta property=\"article:modified_time\" content=\"2025-10-29T13:24:52+00:00\" \/>\n<meta property=\"og:image\" content=\"https:\/\/klap.ro\/wp-content\/uploads\/2025\/08\/bec_inteligent_tp_link_klap-1.png\" \/>\n\t<meta property=\"og:image:width\" content=\"541\" \/>\n\t<meta property=\"og:image:height\" content=\"510\" \/>\n\t<meta property=\"og:image:type\" content=\"image\/png\" \/>\n<script type=\"application\/ld+json\" class=\"yoast-schema-graph\">{\"@context\":\"https:\/\/schema.org\",\"@graph\":[{\"@type\":\"WebPage\",\"@id\":\"https:\/\/klap.ro\/produs\/bec-led-rgb-inteligent-tp-link-tapo-l530e-wi-fi-e27-8-7w-60w-clasa-energetica-f\/\",\"url\":\"https:\/\/klap.ro\/produs\/bec-led-rgb-inteligent-tp-link-tapo-l530e-wi-fi-e27-8-7w-60w-clasa-energetica-f\/\",\"name\":\"Bec LED RGB inteligent TP-Link Tapo L530E, Wi-Fi, E27, 8.7W (60W) clasa energetica F - Klap\",\"isPartOf\":{\"@id\":\"https:\/\/klap.ro\/#website\"},\"primaryImageOfPage\":{\"@id\":\"https:\/\/klap.ro\/produs\/bec-led-rgb-inteligent-tp-link-tapo-l530e-wi-fi-e27-8-7w-60w-clasa-energetica-f\/#primaryimage\"},\"image\":{\"@id\":\"https:\/\/klap.ro\/produs\/bec-led-rgb-inteligent-tp-link-tapo-l530e-wi-fi-e27-8-7w-60w-clasa-energetica-f\/#primaryimage\"},\"thumbnailUrl\":\"https:\/\/klap.ro\/wp-content\/uploads\/2025\/08\/bec_inteligent_tp_link_klap-1.png\",\"datePublished\":\"2025-08-22T10:20:51+00:00\",\"dateModified\":\"2025-10-29T13:24:52+00:00\",\"description\":\"Cumpara Bec LED RGB inteligent TP-Link Tapo L530E, Wi-Fi, E27, 8.7W (60W) clasa energetica F de la Klap! Platesti in rate, deschide coletul la livrare, garantie 12 luni, retur in 30 de zile.\",\"breadcrumb\":{\"@id\":\"https:\/\/klap.ro\/produs\/bec-led-rgb-inteligent-tp-link-tapo-l530e-wi-fi-e27-8-7w-60w-clasa-energetica-f\/#breadcrumb\"},\"inLanguage\":\"en-GB\",\"potentialAction\":[{\"@type\":\"ReadAction\",\"target\":[\"https:\/\/klap.ro\/produs\/bec-led-rgb-inteligent-tp-link-tapo-l530e-wi-fi-e27-8-7w-60w-clasa-energetica-f\/\"]}]},{\"@type\":\"ImageObject\",\"inLanguage\":\"en-GB\",\"@id\":\"https:\/\/klap.ro\/produs\/bec-led-rgb-inteligent-tp-link-tapo-l530e-wi-fi-e27-8-7w-60w-clasa-energetica-f\/#primaryimage\",\"url\":\"https:\/\/klap.ro\/wp-content\/uploads\/2025\/08\/bec_inteligent_tp_link_klap-1.png\",\"contentUrl\":\"https:\/\/klap.ro\/wp-content\/uploads\/2025\/08\/bec_inteligent_tp_link_klap-1.png\",\"width\":541,\"height\":510,\"caption\":\"bec inteligent tp link klap\"},{\"@type\":\"BreadcrumbList\",\"@id\":\"https:\/\/klap.ro\/produs\/bec-led-rgb-inteligent-tp-link-tapo-l530e-wi-fi-e27-8-7w-60w-clasa-energetica-f\/#breadcrumb\",\"itemListElement\":[{\"@type\":\"ListItem\",\"position\":1,\"name\":\"Acas\u0103\",\"item\":\"https:\/\/klap.ro\/\"},{\"@type\":\"ListItem\",\"position\":2,\"name\":\"Shop\",\"item\":\"https:\/\/klap.ro\/shop\/\"},{\"@type\":\"ListItem\",\"position\":3,\"name\":\"\u26a1 Produse Fulger \u26a1\",\"item\":\"https:\/\/klap.ro\/shop\/produse-fulger\/\"},{\"@type\":\"ListItem\",\"position\":4,\"name\":\"Bec LED RGB inteligent TP-Link Tapo L530E, Wi-Fi, E27, 8.7W (60W) clasa energetica F\"}]},{\"@type\":\"WebSite\",\"@id\":\"https:\/\/klap.ro\/#website\",\"url\":\"https:\/\/klap.ro\/\",\"name\":\"Klap\",\"description\":\"\",\"publisher\":{\"@id\":\"https:\/\/klap.ro\/#organization\"},\"potentialAction\":[{\"@type\":\"SearchAction\",\"target\":{\"@type\":\"EntryPoint\",\"urlTemplate\":\"https:\/\/klap.ro\/?s={search_term_string}\"},\"query-input\":{\"@type\":\"PropertyValueSpecification\",\"valueRequired\":true,\"valueName\":\"search_term_string\"}}],\"inLanguage\":\"en-GB\"},{\"@type\":\"Organization\",\"@id\":\"https:\/\/klap.ro\/#organization\",\"name\":\"Klap\",\"url\":\"https:\/\/klap.ro\/\",\"logo\":{\"@type\":\"ImageObject\",\"inLanguage\":\"en-GB\",\"@id\":\"https:\/\/klap.ro\/#\/schema\/logo\/image\/\",\"url\":\"https:\/\/klap.ro\/wp-content\/uploads\/2022\/02\/klap-logo-google.png\",\"contentUrl\":\"https:\/\/klap.ro\/wp-content\/uploads\/2022\/02\/klap-logo-google.png\",\"width\":512,\"height\":512,\"caption\":\"Klap\"},\"image\":{\"@id\":\"https:\/\/klap.ro\/#\/schema\/logo\/image\/\"},\"sameAs\":[\"https:\/\/www.facebook.com\/klapromania\/\",\"https:\/\/www.instagram.com\/klap.ro\/\",\"https:\/\/www.youtube.com\/channel\/UC0w2XX6ZAscBZl3QHrLVezg\",\"https:\/\/ro.linkedin.com\/company\/klap-tech\"]}]}<\/script>\n<!-- \/ Yoast SEO plugin. -->","yoast_head_json":{"title":"Bec LED RGB inteligent TP-Link Tapo L530E, Wi-Fi, E27, 8.7W (60W) clasa energetica F - Klap","description":"Cumpara Bec LED RGB inteligent TP-Link Tapo L530E, Wi-Fi, E27, 8.7W (60W) clasa energetica F de la Klap! Platesti in rate, deschide coletul la livrare, garantie 12 luni, retur in 30 de zile.","robots":{"index":"index","follow":"follow","max-snippet":"max-snippet:-1","max-image-preview":"max-image-preview:large","max-video-preview":"max-video-preview:-1"},"canonical":"https:\/\/klap.ro\/en\/product\/bec-led-rgb-inteligent-tp-link-tapo-l530e-wi-fi-e27-8-7w-60w-clasa-energetica-f\/","og_locale":"en_GB","og_type":"article","og_title":"Bec LED RGB inteligent TP-Link Tapo L530E, Wi-Fi, E27, 8.7W (60W) clasa energetica F - Klap","og_description":"Cumpara Bec LED RGB inteligent TP-Link Tapo L530E, Wi-Fi, E27, 8.7W (60W) clasa energetica F de la Klap! Platesti in rate, deschide coletul la livrare, garantie 12 luni, retur in 30 de zile.","og_url":"https:\/\/klap.ro\/en\/product\/bec-led-rgb-inteligent-tp-link-tapo-l530e-wi-fi-e27-8-7w-60w-clasa-energetica-f\/","og_site_name":"Klap","article_publisher":"https:\/\/www.facebook.com\/klapromania\/","article_modified_time":"2025-10-29T13:24:52+00:00","og_image":[{"width":541,"height":510,"url":"https:\/\/klap.ro\/wp-content\/uploads\/2025\/08\/bec_inteligent_tp_link_klap-1.png","type":"image\/png"}],"schema":{"@context":"https:\/\/schema.org","@graph":[{"@type":"WebPage","@id":"https:\/\/klap.ro\/produs\/bec-led-rgb-inteligent-tp-link-tapo-l530e-wi-fi-e27-8-7w-60w-clasa-energetica-f\/","url":"https:\/\/klap.ro\/produs\/bec-led-rgb-inteligent-tp-link-tapo-l530e-wi-fi-e27-8-7w-60w-clasa-energetica-f\/","name":"Bec LED RGB inteligent TP-Link Tapo L530E, Wi-Fi, E27, 8.7W (60W) clasa energetica F - Klap","isPartOf":{"@id":"https:\/\/klap.ro\/#website"},"primaryImageOfPage":{"@id":"https:\/\/klap.ro\/produs\/bec-led-rgb-inteligent-tp-link-tapo-l530e-wi-fi-e27-8-7w-60w-clasa-energetica-f\/#primaryimage"},"image":{"@id":"https:\/\/klap.ro\/produs\/bec-led-rgb-inteligent-tp-link-tapo-l530e-wi-fi-e27-8-7w-60w-clasa-energetica-f\/#primaryimage"},"thumbnailUrl":"https:\/\/klap.ro\/wp-content\/uploads\/2025\/08\/bec_inteligent_tp_link_klap-1.png","datePublished":"2025-08-22T10:20:51+00:00","dateModified":"2025-10-29T13:24:52+00:00","description":"Cumpara Bec LED RGB inteligent TP-Link Tapo L530E, Wi-Fi, E27, 8.7W (60W) clasa energetica F de la Klap! Platesti in rate, deschide coletul la livrare, garantie 12 luni, retur in 30 de zile.","breadcrumb":{"@id":"https:\/\/klap.ro\/produs\/bec-led-rgb-inteligent-tp-link-tapo-l530e-wi-fi-e27-8-7w-60w-clasa-energetica-f\/#breadcrumb"},"inLanguage":"en-GB","potentialAction":[{"@type":"ReadAction","target":["https:\/\/klap.ro\/produs\/bec-led-rgb-inteligent-tp-link-tapo-l530e-wi-fi-e27-8-7w-60w-clasa-energetica-f\/"]}]},{"@type":"ImageObject","inLanguage":"en-GB","@id":"https:\/\/klap.ro\/produs\/bec-led-rgb-inteligent-tp-link-tapo-l530e-wi-fi-e27-8-7w-60w-clasa-energetica-f\/#primaryimage","url":"https:\/\/klap.ro\/wp-content\/uploads\/2025\/08\/bec_inteligent_tp_link_klap-1.png","contentUrl":"https:\/\/klap.ro\/wp-content\/uploads\/2025\/08\/bec_inteligent_tp_link_klap-1.png","width":541,"height":510,"caption":"bec inteligent tp link klap"},{"@type":"BreadcrumbList","@id":"https:\/\/klap.ro\/produs\/bec-led-rgb-inteligent-tp-link-tapo-l530e-wi-fi-e27-8-7w-60w-clasa-energetica-f\/#breadcrumb","itemListElement":[{"@type":"ListItem","position":1,"name":"Acas\u0103","item":"https:\/\/klap.ro\/"},{"@type":"ListItem","position":2,"name":"Shop","item":"https:\/\/klap.ro\/shop\/"},{"@type":"ListItem","position":3,"name":"\u26a1 Produse Fulger \u26a1","item":"https:\/\/klap.ro\/shop\/produse-fulger\/"},{"@type":"ListItem","position":4,"name":"Bec LED RGB inteligent TP-Link Tapo L530E, Wi-Fi, E27, 8.7W (60W) clasa energetica F"}]},{"@type":"WebSite","@id":"https:\/\/klap.ro\/#website","url":"https:\/\/klap.ro\/","name":"Klap","description":"","publisher":{"@id":"https:\/\/klap.ro\/#organization"},"potentialAction":[{"@type":"SearchAction","target":{"@type":"EntryPoint","urlTemplate":"https:\/\/klap.ro\/?s={search_term_string}"},"query-input":{"@type":"PropertyValueSpecification","valueRequired":true,"valueName":"search_term_string"}}],"inLanguage":"en-GB"},{"@type":"Organization","@id":"https:\/\/klap.ro\/#organization","name":"Klap","url":"https:\/\/klap.ro\/","logo":{"@type":"ImageObject","inLanguage":"en-GB","@id":"https:\/\/klap.ro\/#\/schema\/logo\/image\/","url":"https:\/\/klap.ro\/wp-content\/uploads\/2022\/02\/klap-logo-google.png","contentUrl":"https:\/\/klap.ro\/wp-content\/uploads\/2022\/02\/klap-logo-google.png","width":512,"height":512,"caption":"Klap"},"image":{"@id":"https:\/\/klap.ro\/#\/schema\/logo\/image\/"},"sameAs":["https:\/\/www.facebook.com\/klapromania\/","https:\/\/www.instagram.com\/klap.ro\/","https:\/\/www.youtube.com\/channel\/UC0w2XX6ZAscBZl3QHrLVezg","https:\/\/ro.linkedin.com\/company\/klap-tech"]}]}},"_links":{"self":[{"href":"https:\/\/klap.ro\/en\/wp-json\/wp\/v2\/product\/107129","targetHints":{"allow":["GET"]}}],"collection":[{"href":"https:\/\/klap.ro\/en\/wp-json\/wp\/v2\/product"}],"about":[{"href":"https:\/\/klap.ro\/en\/wp-json\/wp\/v2\/types\/product"}],"replies":[{"embeddable":true,"href":"https:\/\/klap.ro\/en\/wp-json\/wp\/v2\/comments?post=107129"}],"wp:featuredmedia":[{"embeddable":true,"href":"https:\/\/klap.ro\/en\/wp-json\/wp\/v2\/media\/107134"}],"wp:attachment":[{"href":"https:\/\/klap.ro\/en\/wp-json\/wp\/v2\/media?parent=107129"}],"wp:term":[{"taxonomy":"recomandat-klap","embeddable":true,"href":"https:\/\/klap.ro\/en\/wp-json\/wp\/v2\/recomandat-klap?post=107129"},{"taxonomy":"product_brand","embeddable":true,"href":"https:\/\/klap.ro\/en\/wp-json\/wp\/v2\/product_brand?post=107129"},{"taxonomy":"product_cat","embeddable":true,"href":"https:\/\/klap.ro\/en\/wp-json\/wp\/v2\/product_cat?post=107129"},{"taxonomy":"product_tag","embeddable":true,"href":"https:\/\/klap.ro\/en\/wp-json\/wp\/v2\/product_tag?post=107129"}],"curies":[{"name":"wp","href":"https:\/\/api.w.org\/{rel}","templated":true}]}}