{"id":269,"date":"2022-04-11T14:43:00","date_gmt":"2022-04-11T11:43:00","guid":{"rendered":"https:\/\/klap.ro?page_id=269"},"modified":"2023-06-14T14:23:19","modified_gmt":"2023-06-14T11:23:19","slug":"despre-noi","status":"publish","type":"page","link":"https:\/\/klap.ro\/despre-noi\/","title":{"rendered":"Despre noi"},"content":{"rendered":"\n<div class=\"wp-block-group container\">\n<div class=\"wp-block-columns row\">\n<div class=\"wp-block-column col-lg-6 col-12\">\n<figure class=\"wp-block-image size-full\"><img decoding=\"async\" width=\"854\" height=\"621\" src=\"https:\/\/klap.rowp-content\/uploads\/2022\/04\/klap-despre-noi.jpg\" alt=\"cine suntem\" class=\"wp-image-270\" srcset=\"https:\/\/klap.ro\/wp-content\/uploads\/2022\/04\/klap-despre-noi.jpg 854w, https:\/\/klap.ro\/wp-content\/uploads\/2022\/04\/klap-despre-noi-300x218.jpg 300w\" sizes=\"(max-width: 854px) 100vw, 854px\" \/><\/figure>\n<\/div>\n\n\n\n<div class=\"wp-block-column col-lg-6 col-12 d-flex flex-column justify-content-lg-center\">\n<h2 class=\"wp-block-heading\">Cine suntem<\/h2>\n\n\n\n<p>Suntem cei care \u00ee\u021bi spunem \u201cNu-l arunca! Ofer\u0103-i dispozitivului t\u0103u o nou\u0103 via\u021b\u0103.\u201d<br><br>O echip\u0103 de oameni determina\u021bi, preg\u0103ti\u021bi de provoc\u0103ri, orienta\u021bi c\u0103tre un viitor de care le pas\u0103, activi \u00een social media. Printre noi se num\u0103r\u0103 \u201dgenera\u021bia selfie\u201d, \u201d genera\u021bia work-from-home\u201d \u0219i \u201egenera\u021bia work-from-anywhere\u201d. Ce avem \u00een comun sunt pasiunea pentru tehnologie \u0219i devotamentul \u00een ceea ce facem zilnic.\u00a0<br><br>Misiunea noastr\u0103 este s\u0103 colect\u0103m, s\u0103 recondi\u021bion\u0103m, s\u0103 reutiliz\u0103m \u0219i s\u0103 ajut\u0103m la reciclarea telefoanelor mobile, tabletelor, dispozitivelor electronice portabile \u0219i a accesoriilor acestora care \u00een mod normal nu ar primi o nou\u0103 via\u021b\u0103.<\/p>\n<\/div>\n<\/div>\n\n\n\n<p><\/p>\n<\/div>\n\n\n\t<div class=\"about-us-columns pt-5 pb-5\" style=\"background-color: #f7f7f7;\">\r\n\t\t<div class=\"container\">\r\n\t\t\t<p class=\"mb-0 has-text-align-center has-pink-color\">Despre noi<\/p>\r\n\t\t\t<h2 class=\"has-text-align-center\">Afl\u0103 cum \u0219i cine suntem<\/h2>\r\n\r\n\t\t\t<div class=\"row\">\r\n\t\t\t\t<div class=\"col-lg-4 col-12\">\r\n\t\t\t\t\t<div class=\"content-block\">\r\n\t\t\t\t\t\t<a target=\"_blank\" href=\"\/categorii-estetice\/\" class=\"overlay-link\"><\/a>\r\n\t\t\t\t\t\t<img decoding=\"async\" src=\"\/wp-content\/themes\/klap\/assets\/img\/about-column-icons\/klap-about-icon-1.png\" alt=\"Klap \u00een detaliu\">\r\n\t\t\t\t\t\t<h3 class=\"has-text-align-center\">Klap \u00een detaliu<\/h3>\r\n\t\t\t\t\t\t<p class=\"has-text-align-center\">Sus\u021binem reutilizarea tehnologiei de calitate care nu este doar garantat\u0103, ci \u0219i experimentat\u0103! Toate telefoanele sunt testate complet \u0219i func\u021bioneaz\u0103 corect.<\/p>\r\n\t\t\t\t\t\t<p class=\"has-text-align-center\">V\u0103 spunem totul despre inspec\u021bia \u0219i recondi\u021bionarea Klap!<\/p>\r\n\t\t\t\t\t<\/div><!-- .content-block -->\r\n\t\t\t\t<\/div><!-- .col-lg-4 col-12 -->\r\n\r\n\t\t\t\t<div class=\"col-lg-4 col-12\">\r\n\t\t\t\t\t<div class=\"content-block\">\r\n\t\t\t\t\t\t<a target=\"_blank\" href=\"\/contact\/\" class=\"overlay-link\"><\/a>\r\n\t\t\t\t\t\t<img decoding=\"async\" src=\"\/wp-content\/themes\/klap\/assets\/img\/about-column-icons\/klap-about-icon-2.png\" alt=\"Klap \u00een detaliu\">\r\n\t\t\t\t\t\t<h3 class=\"has-text-align-center\">Klap Suport<\/h3>\r\n\t\t\t\t\t\t<p class=\"has-text-align-center\"> Ai \u00eentreb\u0103ri sau ai nevoie de consiliere din partea echipei noastre? Nu ezita s\u0103 ne contactezi!<\/p>\r\n\t\t\t\t\t\t<p class=\"has-text-align-center\">Cel mai rapid ne g\u0103se\u0219ti la telefon <a class=\"wsnowrap\" href=\"tel:+40771222555\">+40 771 222 555<\/a> dar \u0219i la adresa de e-mail <a class=\"wsnowrap\" href=\"mailto:info@klap.ro\">info@klap.ro<\/a><\/p>\r\n\t\t\t\t\t<\/div><!-- .content-block -->\r\n\t\t\t\t<\/div><!-- .col-lg-4 col-12 -->\r\n\r\n\t\t\t\t<div class=\"col-lg-4 col-12\">\r\n\t\t\t\t\t<!-- <div class=\"content-block inactive\"> -->\r\n\t\t\t\t\t<div class=\"content-block\">\r\n\t\t\t\t\t\t<a target=\"_blank\" href=\"\/klap-with-us\/\" class=\"overlay-link\"><\/a>\r\n\t\t\t\t\t\t<img decoding=\"async\" src=\"\/wp-content\/themes\/klap\/assets\/img\/about-column-icons\/klap-about-icon-3.png\" alt=\"Klap \u00een detaliu\">\r\n\t\t\t\t\t\t<h3 class=\"has-text-align-center\">Klap With Us<\/h3>\r\n\t\t\t\t\t\t<p class=\"has-text-align-center\">Ai o sugestie pentru noi? Nu ai g\u0103sit dispozitivul dorit? E\u0219ti curios \u0219i vrei s\u0103 afli mai multe despre Klap?<\/p>\r\n\t\t\t\t\t\t<p class=\"has-text-align-center\">Cu sau f\u0103r\u0103 experien\u021b\u0103, vrei s\u0103 faci parte din echipa noastr\u0103?<\/p>\r\n\t\t\t\t\t<\/div><!-- .content-block -->\r\n\t\t\t\t<\/div><!-- .col-lg-4 col-12 -->\r\n\t\t\t<\/div><!-- .row -->\r\n\t\t<\/div><!-- .container -->\r\n\t<\/div><!-- .about-us-columns -->\r\n\n\n\n\t<div class=\"container newsletter-container\">\r\n\t\t<div class=\"newsletter-subscribe\">\r\n\t\t\t<h2>Aboneaz\u0103-te la newsletter<\/h2>\r\n\t\t\t<p class=\"subtitle\">Aboneaz\u0103-te la newsletter s\u0103 fii la curent cu ofertele noastre \u0219i prime\u0219ti \u0219i un voucher de 35 lei*<\/p><!-- .subtitle -->\r\n\t\t\t<p class=\"subtitle\">*pentru produsele care fac parte din categoriile: telefoane mobile, laptopuri \u0219i tablete<\/p><!-- .subtitle -->\r\n\t\t\t<script type=\"text\/javascript\">var gform;gform||(document.addEventListener(\"gform_main_scripts_loaded\",function(){gform.scriptsLoaded=!0}),window.addEventListener(\"DOMContentLoaded\",function(){gform.domLoaded=!0}),gform={domLoaded:!1,scriptsLoaded:!1,initializeOnLoaded:function(o){gform.domLoaded&&gform.scriptsLoaded?o():!gform.domLoaded&&gform.scriptsLoaded?window.addEventListener(\"DOMContentLoaded\",o):document.addEventListener(\"gform_main_scripts_loaded\",o)},hooks:{action:{},filter:{}},addAction:function(o,n,r,t){gform.addHook(\"action\",o,n,r,t)},addFilter:function(o,n,r,t){gform.addHook(\"filter\",o,n,r,t)},doAction:function(o){gform.doHook(\"action\",o,arguments)},applyFilters:function(o){return gform.doHook(\"filter\",o,arguments)},removeAction:function(o,n){gform.removeHook(\"action\",o,n)},removeFilter:function(o,n,r){gform.removeHook(\"filter\",o,n,r)},addHook:function(o,n,r,t,i){null==gform.hooks[o][n]&&(gform.hooks[o][n]=[]);var e=gform.hooks[o][n];null==i&&(i=n+\"_\"+e.length),gform.hooks[o][n].push({tag:i,callable:r,priority:t=null==t?10:t})},doHook:function(n,o,r){var t;if(r=Array.prototype.slice.call(r,1),null!=gform.hooks[n][o]&&((o=gform.hooks[n][o]).sort(function(o,n){return o.priority-n.priority}),o.forEach(function(o){\"function\"!=typeof(t=o.callable)&&(t=window[t]),\"action\"==n?t.apply(null,r):r[0]=t.apply(null,r)})),\"filter\"==n)return r[0]},removeHook:function(o,n,t,i){var r;null!=gform.hooks[o][n]&&(r=(r=gform.hooks[o][n]).filter(function(o,n,r){return!!(null!=i&&i!=o.tag||null!=t&&t!=o.priority)}),gform.hooks[o][n]=r)}});<\/script>\n                <div class='gf_browser_gecko gform_wrapper gravity-theme gform-theme--no-framework hero-newsletter_wrapper' data-form-theme='gravity-theme' data-form-index='0' id='gform_wrapper_1' >\n                        <div class='gform_heading'>\n\t\t\t\t\t\t\t<p class='gform_required_legend'>&quot;<span class=\"gfield_required gfield_required_asterisk\">*<\/span>&quot; indicates required fields<\/p>\n                        <\/div><form method='post' enctype='multipart\/form-data'  id='gform_1' class='hero-newsletter' action='\/en\/wp-json\/wp\/v2\/pages\/269' data-formid='1' novalidate>\n                        <div class='gform-body gform_body'><div id='gform_fields_1' class='gform_fields top_label form_sublabel_below description_below'><div id=\"field_1_1\"  class=\"gfield gfield--type-email floating-label gfield_contains_required field_sublabel_below gfield--no-description field_description_below hidden_label gfield_visibility_visible\"  data-js-reload=\"field_1_1\"><label class='gfield_label gform-field-label' for='input_1_1' >Email<span class=\"gfield_required\"><span class=\"gfield_required gfield_required_asterisk\">*<\/span><\/span><\/label><div class='ginput_container ginput_container_email'>\n                            <input name='input_1' id='input_1_1' type='email' value='' class='large'   placeholder='Adresa ta de e-mail' aria-required=\"true\" aria-invalid=\"false\"  \/>\n                        <\/div><\/div><fieldset id=\"field_1_2\"  class=\"gfield gfield--type-consent gfield--type-choice gfield--input-type-consent gfield--width-full nl-gdpr-consent-field gfield_contains_required field_sublabel_below gfield--no-description field_description_below hidden_label gfield_visibility_visible\"  data-js-reload=\"field_1_2\"><legend class='gfield_label gform-field-label gfield_label_before_complex'  >Consent<span class=\"gfield_required\"><span class=\"gfield_required gfield_required_asterisk\">*<\/span><\/span><\/legend><div class='ginput_container ginput_container_consent'><input name='input_2.1' id='input_1_2_1' type='checkbox' value='1'   aria-required=\"true\" aria-invalid=\"false\"   \/> <label class=\"gform-field-label gform-field-label--type-inline gfield_consent_label\" for='input_1_2_1' >Prin abonarea la newsletter-ul nostru sunte\u021bi de acord cu <a target=\"_blank\" href=\"\/termeni-si-conditii\/\">Termenii \u0219i condi\u021biile<\/a> de utilizare a site-ului klap.ro. V\u0103 pute\u021bi dezabona \u00een orice moment.<span class=\"gfield_required gfield_required_asterisk\">*<\/span><\/label><input type='hidden' name='input_2.2' value='Prin abonarea la newsletter-ul nostru sunte\u021bi de acord cu &lt;a target=&quot;_blank&quot; href=&quot;\/termeni-si-conditii\/&quot;&gt;Termenii \u0219i condi\u021biile&lt;\/a&gt; de utilizare a site-ului klap.ro. V\u0103 pute\u021bi dezabona \u00een orice moment.' class='gform_hidden' \/><input type='hidden' name='input_2.3' value='2' class='gform_hidden' \/><\/div><\/fieldset><div id=\"field_1_3\"  class=\"gfield gfield--type-honeypot gform_validation_container field_sublabel_below gfield--has-description field_description_below gfield_visibility_visible\"  data-js-reload=\"field_1_3\"><label class='gfield_label gform-field-label' for='input_1_3' >Email<\/label><div class='ginput_container'><input name='input_3' id='input_1_3' type='text' value='' autocomplete='new-password'\/><\/div><div class='gfield_description' id='gfield_description_1_3'>This field is for validation purposes and should be left unchanged.<\/div><\/div><\/div><\/div>\n        <div class='gform_footer top_label'> <input type='submit' id='gform_submit_button_1' class='gform_button button' value='M\u0103 abonez'  onclick='if(window[\"gf_submitting_1\"]){return false;}  if( !jQuery(\"#gform_1\")[0].checkValidity || jQuery(\"#gform_1\")[0].checkValidity()){window[\"gf_submitting_1\"]=true;}  ' onkeypress='if( event.keyCode == 13 ){ if(window[\"gf_submitting_1\"]){return false;} if( !jQuery(\"#gform_1\")[0].checkValidity || jQuery(\"#gform_1\")[0].checkValidity()){window[\"gf_submitting_1\"]=true;}  jQuery(\"#gform_1\").trigger(\"submit\",[true]); }' \/> \n            <input type='hidden' class='gform_hidden' name='is_submit_1' value='1' \/>\n            <input type='hidden' class='gform_hidden' name='gform_submit' value='1' \/>\n            \n            <input type='hidden' class='gform_hidden' name='gform_unique_id' value='' \/>\n            <input type='hidden' class='gform_hidden' name='state_1' value='WyJ7XCIyLjFcIjpcImQ5NjI4MTFkZDhlODBjYjFlNjY1YjU4NmMyZjI0NGU1XCIsXCIyLjJcIjpcIjUyYjA2N2ZkNTM1MDYzMWU1NDc0ZjM4YjY4ZjVmMjM5XCIsXCIyLjNcIjpcIjQ2NzQ2Y2ExMDNmNDE2MGRhNjEyYjUzMTQ2NTc4ODFlXCJ9IiwiMzk1ZjRiZmI1ZDMxZTFkNmFhMjU5NTRlMTI4ZmMyNTQiXQ==' \/>\n            <input type='hidden' class='gform_hidden' name='gform_target_page_number_1' id='gform_target_page_number_1' value='0' \/>\n            <input type='hidden' class='gform_hidden' name='gform_source_page_number_1' id='gform_source_page_number_1' value='1' \/>\n            <input type='hidden' name='gform_field_values' value='' \/>\n            \n        <\/div>\n                        <\/form>\n                        <\/div><script>\ngform.initializeOnLoaded( function() {gformInitSpinner( 1, 'https:\/\/klap.ro\/wp-content\/plugins\/gravityforms\/images\/spinner.svg', true );jQuery('#gform_ajax_frame_1').on('load',function(){var contents = jQuery(this).contents().find('*').html();var is_postback = contents.indexOf('GF_AJAX_POSTBACK') >= 0;if(!is_postback){return;}var form_content = jQuery(this).contents().find('#gform_wrapper_1');var is_confirmation = jQuery(this).contents().find('#gform_confirmation_wrapper_1').length > 0;var is_redirect = contents.indexOf('gformRedirect(){') >= 0;var is_form = form_content.length > 0 && ! is_redirect && ! is_confirmation;var mt = parseInt(jQuery('html').css('margin-top'), 10) + parseInt(jQuery('body').css('margin-top'), 10) + 100;if(is_form){jQuery('#gform_wrapper_1').html(form_content.html());if(form_content.hasClass('gform_validation_error')){jQuery('#gform_wrapper_1').addClass('gform_validation_error');} else {jQuery('#gform_wrapper_1').removeClass('gform_validation_error');}setTimeout( function() { \/* delay the scroll by 50 milliseconds to fix a bug in chrome *\/  }, 50 );if(window['gformInitDatepicker']) {gformInitDatepicker();}if(window['gformInitPriceFields']) {gformInitPriceFields();}var current_page = jQuery('#gform_source_page_number_1').val();gformInitSpinner( 1, 'https:\/\/klap.ro\/wp-content\/plugins\/gravityforms\/images\/spinner.svg', true );jQuery(document).trigger('gform_page_loaded', [1, current_page]);window['gf_submitting_1'] = false;}else if(!is_redirect){var confirmation_content = jQuery(this).contents().find('.GF_AJAX_POSTBACK').html();if(!confirmation_content){confirmation_content = contents;}setTimeout(function(){jQuery('#gform_wrapper_1').replaceWith(confirmation_content);jQuery(document).trigger('gform_confirmation_loaded', [1]);window['gf_submitting_1'] = false;wp.a11y.speak(jQuery('#gform_confirmation_message_1').text());}, 50);}else{jQuery('#gform_1').append(contents);if(window['gformRedirect']) {gformRedirect();}}jQuery(document).trigger('gform_post_render', [1, current_page]);gform.utils.trigger({ event: 'gform\/postRender', native: false, data: { formId: 1, currentPage: current_page } });} );} );\n<\/script>\n\r\n\t\t\t<img decoding=\"async\" loading=\"lazy\" src=\"\/wp-content\/themes\/klap\/assets\/img\/page-template-home\/squiggle.png\" alt=\"squiggle\" class=\"squiggle\">\r\n\t\t\t<img decoding=\"async\" loading=\"lazy\" src=\"\/wp-content\/themes\/klap\/assets\/img\/page-template-home\/arrow-down.png\" alt=\"arrow\" class=\"arrow\">\r\n\t\t\t<img decoding=\"async\" loading=\"lazy\" src=\"\/wp-content\/themes\/klap\/assets\/img\/page-template-home\/oval.png\" alt=\"oval\" class=\"oval\">\r\n\t\t<\/div><!-- .newsletter-subscribe -->\r\n\t<\/div><!-- .container -->\r\n\n","protected":false},"excerpt":{"rendered":"<p>Cine suntem Suntem cei care \u00ee\u021bi spunem \u201cNu-l arunca! Ofer\u0103-i dispozitivului t\u0103u o nou\u0103 via\u021b\u0103.\u201d O echip\u0103 de oameni determina\u021bi, preg\u0103ti\u021bi de provoc\u0103ri, orienta\u021bi c\u0103tre un viitor de care le pas\u0103, activi \u00een social media. Printre noi se num\u0103r\u0103 \u201dgenera\u021bia selfie\u201d, \u201d genera\u021bia work-from-home\u201d \u0219i \u201egenera\u021bia work-from-anywhere\u201d. Ce avem \u00een comun sunt pasiunea pentru tehnologie [&hellip;]<\/p>\n","protected":false},"author":15137,"featured_media":0,"parent":0,"menu_order":0,"comment_status":"closed","ping_status":"closed","template":"","meta":{"_acf_changed":false,"footnotes":""},"class_list":["post-269","page","type-page","status-publish","hentry"],"acf":[],"yoast_head":"<!-- This site is optimized with the Yoast SEO plugin v25.4 - https:\/\/yoast.com\/wordpress\/plugins\/seo\/ -->\n<title>Despre noi - Klap<\/title>\n<meta name=\"description\" content=\"Cine suntem Suntem cei care \u00ee\u021bi spunem \u201cNu-l arunca! Ofer\u0103-i dispozitivului t\u0103u o nou\u0103 via\u021b\u0103.\u201dO echip\u0103 de oameni determina\u021bi, preg\u0103ti\u021bi de provoc\u0103ri,\" \/>\n<meta name=\"robots\" content=\"index, follow, max-snippet:-1, max-image-preview:large, max-video-preview:-1\" \/>\n<link rel=\"canonical\" href=\"https:\/\/klap.ro\/en\/despre-noi\/\" \/>\n<meta property=\"og:locale\" content=\"en_US\" \/>\n<meta property=\"og:type\" content=\"article\" \/>\n<meta property=\"og:title\" content=\"Despre noi - Klap\" \/>\n<meta property=\"og:description\" content=\"Cine suntem Suntem cei care \u00ee\u021bi spunem \u201cNu-l arunca! Ofer\u0103-i dispozitivului t\u0103u o nou\u0103 via\u021b\u0103.\u201dO echip\u0103 de oameni determina\u021bi, preg\u0103ti\u021bi de provoc\u0103ri,\" \/>\n<meta property=\"og:url\" content=\"https:\/\/klap.ro\/despre-noi\/\" \/>\n<meta property=\"og:site_name\" content=\"Klap\" \/>\n<meta property=\"article:publisher\" content=\"https:\/\/www.facebook.com\/klapromania\/\" \/>\n<meta property=\"article:modified_time\" content=\"2023-06-14T11:23:19+00:00\" \/>\n<meta property=\"og:image\" content=\"https:\/\/klap.rowp-content\/uploads\/2022\/04\/klap-despre-noi.jpg\" \/>\n<meta name=\"twitter:label1\" content=\"Est. reading time\" \/>\n\t<meta name=\"twitter:data1\" content=\"1 minute\" \/>\n<script type=\"application\/ld+json\" class=\"yoast-schema-graph\">{\"@context\":\"https:\/\/schema.org\",\"@graph\":[{\"@type\":\"WebPage\",\"@id\":\"https:\/\/klap.ro\/despre-noi\/\",\"url\":\"https:\/\/klap.ro\/despre-noi\/\",\"name\":\"Despre noi - Klap\",\"isPartOf\":{\"@id\":\"https:\/\/klap.ro\/en\/#website\"},\"primaryImageOfPage\":{\"@id\":\"https:\/\/klap.ro\/despre-noi\/#primaryimage\"},\"image\":{\"@id\":\"https:\/\/klap.ro\/despre-noi\/#primaryimage\"},\"thumbnailUrl\":\"https:\/\/klap.rowp-content\/uploads\/2022\/04\/klap-despre-noi.jpg\",\"datePublished\":\"2022-04-11T11:43:00+00:00\",\"dateModified\":\"2023-06-14T11:23:19+00:00\",\"description\":\"Cine suntem Suntem cei care \u00ee\u021bi spunem \u201cNu-l arunca! Ofer\u0103-i dispozitivului t\u0103u o nou\u0103 via\u021b\u0103.\u201dO echip\u0103 de oameni determina\u021bi, preg\u0103ti\u021bi de provoc\u0103ri,\",\"breadcrumb\":{\"@id\":\"https:\/\/klap.ro\/despre-noi\/#breadcrumb\"},\"inLanguage\":\"en-US\",\"potentialAction\":[{\"@type\":\"ReadAction\",\"target\":[\"https:\/\/klap.ro\/despre-noi\/\"]}]},{\"@type\":\"ImageObject\",\"inLanguage\":\"en-US\",\"@id\":\"https:\/\/klap.ro\/despre-noi\/#primaryimage\",\"url\":\"https:\/\/klap.rowp-content\/uploads\/2022\/04\/klap-despre-noi.jpg\",\"contentUrl\":\"https:\/\/klap.rowp-content\/uploads\/2022\/04\/klap-despre-noi.jpg\"},{\"@type\":\"BreadcrumbList\",\"@id\":\"https:\/\/klap.ro\/despre-noi\/#breadcrumb\",\"itemListElement\":[{\"@type\":\"ListItem\",\"position\":1,\"name\":\"Acas\u0103\",\"item\":\"https:\/\/klap.ro\/en\/\"},{\"@type\":\"ListItem\",\"position\":2,\"name\":\"Despre noi\"}]},{\"@type\":\"WebSite\",\"@id\":\"https:\/\/klap.ro\/en\/#website\",\"url\":\"https:\/\/klap.ro\/en\/\",\"name\":\"Klap\",\"description\":\"\",\"publisher\":{\"@id\":\"https:\/\/klap.ro\/en\/#organization\"},\"potentialAction\":[{\"@type\":\"SearchAction\",\"target\":{\"@type\":\"EntryPoint\",\"urlTemplate\":\"https:\/\/klap.ro\/en\/?s={search_term_string}\"},\"query-input\":{\"@type\":\"PropertyValueSpecification\",\"valueRequired\":true,\"valueName\":\"search_term_string\"}}],\"inLanguage\":\"en-US\"},{\"@type\":\"Organization\",\"@id\":\"https:\/\/klap.ro\/en\/#organization\",\"name\":\"Klap\",\"url\":\"https:\/\/klap.ro\/en\/\",\"logo\":{\"@type\":\"ImageObject\",\"inLanguage\":\"en-US\",\"@id\":\"https:\/\/klap.ro\/en\/#\/schema\/logo\/image\/\",\"url\":\"https:\/\/klap.ro\/wp-content\/uploads\/2022\/02\/klap-logo-google.png\",\"contentUrl\":\"https:\/\/klap.ro\/wp-content\/uploads\/2022\/02\/klap-logo-google.png\",\"width\":512,\"height\":512,\"caption\":\"Klap\"},\"image\":{\"@id\":\"https:\/\/klap.ro\/en\/#\/schema\/logo\/image\/\"},\"sameAs\":[\"https:\/\/www.facebook.com\/klapromania\/\",\"https:\/\/www.instagram.com\/klap.ro\/\",\"https:\/\/www.youtube.com\/channel\/UC0w2XX6ZAscBZl3QHrLVezg\",\"https:\/\/ro.linkedin.com\/company\/klap-tech\"]}]}<\/script>\n<!-- \/ Yoast SEO plugin. -->","yoast_head_json":{"title":"Despre noi - Klap","description":"Cine suntem Suntem cei care \u00ee\u021bi spunem \u201cNu-l arunca! Ofer\u0103-i dispozitivului t\u0103u o nou\u0103 via\u021b\u0103.\u201dO echip\u0103 de oameni determina\u021bi, preg\u0103ti\u021bi de provoc\u0103ri,","robots":{"index":"index","follow":"follow","max-snippet":"max-snippet:-1","max-image-preview":"max-image-preview:large","max-video-preview":"max-video-preview:-1"},"canonical":"https:\/\/klap.ro\/en\/despre-noi\/","og_locale":"en_US","og_type":"article","og_title":"Despre noi - Klap","og_description":"Cine suntem Suntem cei care \u00ee\u021bi spunem \u201cNu-l arunca! Ofer\u0103-i dispozitivului t\u0103u o nou\u0103 via\u021b\u0103.\u201dO echip\u0103 de oameni determina\u021bi, preg\u0103ti\u021bi de provoc\u0103ri,","og_url":"https:\/\/klap.ro\/despre-noi\/","og_site_name":"Klap","article_publisher":"https:\/\/www.facebook.com\/klapromania\/","article_modified_time":"2023-06-14T11:23:19+00:00","og_image":[{"url":"https:\/\/klap.rowp-content\/uploads\/2022\/04\/klap-despre-noi.jpg","type":"","width":"","height":""}],"twitter_misc":{"Est. reading time":"1 minute"},"schema":{"@context":"https:\/\/schema.org","@graph":[{"@type":"WebPage","@id":"https:\/\/klap.ro\/despre-noi\/","url":"https:\/\/klap.ro\/despre-noi\/","name":"Despre noi - Klap","isPartOf":{"@id":"https:\/\/klap.ro\/en\/#website"},"primaryImageOfPage":{"@id":"https:\/\/klap.ro\/despre-noi\/#primaryimage"},"image":{"@id":"https:\/\/klap.ro\/despre-noi\/#primaryimage"},"thumbnailUrl":"https:\/\/klap.rowp-content\/uploads\/2022\/04\/klap-despre-noi.jpg","datePublished":"2022-04-11T11:43:00+00:00","dateModified":"2023-06-14T11:23:19+00:00","description":"Cine suntem Suntem cei care \u00ee\u021bi spunem \u201cNu-l arunca! Ofer\u0103-i dispozitivului t\u0103u o nou\u0103 via\u021b\u0103.\u201dO echip\u0103 de oameni determina\u021bi, preg\u0103ti\u021bi de provoc\u0103ri,","breadcrumb":{"@id":"https:\/\/klap.ro\/despre-noi\/#breadcrumb"},"inLanguage":"en-US","potentialAction":[{"@type":"ReadAction","target":["https:\/\/klap.ro\/despre-noi\/"]}]},{"@type":"ImageObject","inLanguage":"en-US","@id":"https:\/\/klap.ro\/despre-noi\/#primaryimage","url":"https:\/\/klap.rowp-content\/uploads\/2022\/04\/klap-despre-noi.jpg","contentUrl":"https:\/\/klap.rowp-content\/uploads\/2022\/04\/klap-despre-noi.jpg"},{"@type":"BreadcrumbList","@id":"https:\/\/klap.ro\/despre-noi\/#breadcrumb","itemListElement":[{"@type":"ListItem","position":1,"name":"Acas\u0103","item":"https:\/\/klap.ro\/en\/"},{"@type":"ListItem","position":2,"name":"Despre noi"}]},{"@type":"WebSite","@id":"https:\/\/klap.ro\/en\/#website","url":"https:\/\/klap.ro\/en\/","name":"Klap","description":"","publisher":{"@id":"https:\/\/klap.ro\/en\/#organization"},"potentialAction":[{"@type":"SearchAction","target":{"@type":"EntryPoint","urlTemplate":"https:\/\/klap.ro\/en\/?s={search_term_string}"},"query-input":{"@type":"PropertyValueSpecification","valueRequired":true,"valueName":"search_term_string"}}],"inLanguage":"en-US"},{"@type":"Organization","@id":"https:\/\/klap.ro\/en\/#organization","name":"Klap","url":"https:\/\/klap.ro\/en\/","logo":{"@type":"ImageObject","inLanguage":"en-US","@id":"https:\/\/klap.ro\/en\/#\/schema\/logo\/image\/","url":"https:\/\/klap.ro\/wp-content\/uploads\/2022\/02\/klap-logo-google.png","contentUrl":"https:\/\/klap.ro\/wp-content\/uploads\/2022\/02\/klap-logo-google.png","width":512,"height":512,"caption":"Klap"},"image":{"@id":"https:\/\/klap.ro\/en\/#\/schema\/logo\/image\/"},"sameAs":["https:\/\/www.facebook.com\/klapromania\/","https:\/\/www.instagram.com\/klap.ro\/","https:\/\/www.youtube.com\/channel\/UC0w2XX6ZAscBZl3QHrLVezg","https:\/\/ro.linkedin.com\/company\/klap-tech"]}]}},"_links":{"self":[{"href":"https:\/\/klap.ro\/en\/wp-json\/wp\/v2\/pages\/269","targetHints":{"allow":["GET"]}}],"collection":[{"href":"https:\/\/klap.ro\/en\/wp-json\/wp\/v2\/pages"}],"about":[{"href":"https:\/\/klap.ro\/en\/wp-json\/wp\/v2\/types\/page"}],"author":[{"embeddable":true,"href":"https:\/\/klap.ro\/en\/wp-json\/wp\/v2\/users\/15137"}],"replies":[{"embeddable":true,"href":"https:\/\/klap.ro\/en\/wp-json\/wp\/v2\/comments?post=269"}],"version-history":[{"count":0,"href":"https:\/\/klap.ro\/en\/wp-json\/wp\/v2\/pages\/269\/revisions"}],"wp:attachment":[{"href":"https:\/\/klap.ro\/en\/wp-json\/wp\/v2\/media?parent=269"}],"curies":[{"name":"wp","href":"https:\/\/api.w.org\/{rel}","templated":true}]}}